{"id":210,"date":"2023-12-27T00:49:21","date_gmt":"2023-12-27T00:49:21","guid":{"rendered":"https:\/\/live3.senseadelic.com\/?post_type=product&#038;p=210"},"modified":"2026-02-13T19:43:04","modified_gmt":"2026-02-13T19:43:04","slug":"cbd-confort","status":"publish","type":"product","link":"https:\/\/senseadelic.com\/fr\/shop\/cbd-oil\/cbd-comfort\/","title":{"rendered":"CBD Confort"},"content":{"rendered":"","protected":false},"excerpt":{"rendered":"<p>Red\u00e9couvrez votre capacit\u00e9 de r\u00e9cup\u00e9ration. Avec l'huile de CBD COMFORT de Spirit of Nature, vous pouvez vous remettre des maux et des douleurs qui peuvent affecter votre bien-\u00eatre au quotidien. Avec des niveaux \u00e9lev\u00e9s de CBD et enrichie de Honokiol et de terp\u00e8nes qui peuvent aider \u00e0 soulager la douleur et \u00e0 r\u00e9duire l'inflammation, COMFORT CBD Oil est un moyen enti\u00e8rement naturel et s\u00fbr de s'attaquer \u00e0 l'inconfort de la douleur.<\/p>\n<ul>\n<li>Un soulagement de la douleur enti\u00e8rement naturel<\/li>\n<li>Chaque flacon de 10ml contient 2000mg de CBD<\/li>\n<li>Contient une large gamme de cannabino\u00efdes et de terp\u00e8nes<\/li>\n<li>Extraction de CO2 supercritique<\/li>\n<li>Teneur en THC inf\u00e9rieure \u00e0 0,2%<\/li>\n<\/ul>","protected":false},"featured_media":283,"comment_status":"open","ping_status":"closed","template":"","meta":{"_seopress_robots_primary_cat":"none","_seopress_titles_title":"","_seopress_titles_desc":"","_seopress_robots_index":""},"product_brand":[],"product_cat":[19],"product_tag":[],"class_list":{"0":"post-210","1":"product","2":"type-product","3":"status-publish","4":"has-post-thumbnail","6":"product_cat-cbd-oil","8":"first","9":"outofstock","10":"taxable","11":"shipping-taxable","12":"purchasable","13":"product-type-variable","14":"has-default-attributes"},"_links":{"self":[{"href":"https:\/\/senseadelic.com\/fr\/wp-json\/wp\/v2\/product\/210","targetHints":{"allow":["GET"]}}],"collection":[{"href":"https:\/\/senseadelic.com\/fr\/wp-json\/wp\/v2\/product"}],"about":[{"href":"https:\/\/senseadelic.com\/fr\/wp-json\/wp\/v2\/types\/product"}],"replies":[{"embeddable":true,"href":"https:\/\/senseadelic.com\/fr\/wp-json\/wp\/v2\/comments?post=210"}],"version-history":[{"count":0,"href":"https:\/\/senseadelic.com\/fr\/wp-json\/wp\/v2\/product\/210\/revisions"}],"wp:featuredmedia":[{"embeddable":true,"href":"https:\/\/senseadelic.com\/fr\/wp-json\/wp\/v2\/media\/283"}],"wp:attachment":[{"href":"https:\/\/senseadelic.com\/fr\/wp-json\/wp\/v2\/media?parent=210"}],"wp:term":[{"taxonomy":"product_brand","embeddable":true,"href":"https:\/\/senseadelic.com\/fr\/wp-json\/wp\/v2\/product_brand?post=210"},{"taxonomy":"product_cat","embeddable":true,"href":"https:\/\/senseadelic.com\/fr\/wp-json\/wp\/v2\/product_cat?post=210"},{"taxonomy":"product_tag","embeddable":true,"href":"https:\/\/senseadelic.com\/fr\/wp-json\/wp\/v2\/product_tag?post=210"}],"curies":[{"name":"wp","href":"https:\/\/api.w.org\/{rel}","templated":true}]}}