{"id":255,"date":"2023-12-27T00:49:34","date_gmt":"2023-12-27T00:49:34","guid":{"rendered":"https:\/\/live3.senseadelic.com\/?post_type=product&#038;p=255"},"modified":"2026-02-13T19:43:03","modified_gmt":"2026-02-13T19:43:03","slug":"cbd-focus","status":"publish","type":"product","link":"https:\/\/senseadelic.com\/fr\/shop\/cbd-oil\/cbd-focus\/","title":{"rendered":"CBD Focus"},"content":{"rendered":"","protected":false},"excerpt":{"rendered":"<p>Il est facile de se sentir frustr\u00e9 lorsque les t\u00e2ches incompl\u00e8tes s'accumulent et perturbent notre flux de travail chaque jour, alors que nous sommes expos\u00e9s \u00e0 davantage de distractions. Avec FOCUS, vous pourrez vous concentrer plus efficacement et devenir plus productif gr\u00e2ce \u00e0 une formule unique \u00e0 base de nootropiques. Les nootropiques sont des stimulants cognitifs qui am\u00e9liorent la m\u00e9moire, la concentration, la cr\u00e9ativit\u00e9, l'intelligence et la motivation. Avec FOCUS CBD Oil de Spirit of Nature, nous avons combin\u00e9 le CBD, le CBG et le CBN avec des nootropiques qui aident \u00e0 augmenter nos capacit\u00e9s cognitives. Un stimulant cognitif enti\u00e8rement naturel Chaque 10ml contient 500mg de CBD et CBDA Terp\u00e8nes et cannabino\u00efdes \u00e0 large spectre Extraction au CO2 supercritique Teneur en THC inf\u00e9rieure \u00e0 0,2%<\/p>","protected":false},"featured_media":285,"comment_status":"open","ping_status":"closed","template":"","meta":{"_seopress_robots_primary_cat":"none","_seopress_titles_title":"","_seopress_titles_desc":"","_seopress_robots_index":""},"product_brand":[],"product_cat":[19],"product_tag":[],"class_list":{"0":"post-255","1":"product","2":"type-product","3":"status-publish","4":"has-post-thumbnail","6":"product_cat-cbd-oil","8":"first","9":"outofstock","10":"taxable","11":"shipping-taxable","12":"purchasable","13":"product-type-variable","14":"has-default-attributes"},"_links":{"self":[{"href":"https:\/\/senseadelic.com\/fr\/wp-json\/wp\/v2\/product\/255","targetHints":{"allow":["GET"]}}],"collection":[{"href":"https:\/\/senseadelic.com\/fr\/wp-json\/wp\/v2\/product"}],"about":[{"href":"https:\/\/senseadelic.com\/fr\/wp-json\/wp\/v2\/types\/product"}],"replies":[{"embeddable":true,"href":"https:\/\/senseadelic.com\/fr\/wp-json\/wp\/v2\/comments?post=255"}],"version-history":[{"count":0,"href":"https:\/\/senseadelic.com\/fr\/wp-json\/wp\/v2\/product\/255\/revisions"}],"wp:featuredmedia":[{"embeddable":true,"href":"https:\/\/senseadelic.com\/fr\/wp-json\/wp\/v2\/media\/285"}],"wp:attachment":[{"href":"https:\/\/senseadelic.com\/fr\/wp-json\/wp\/v2\/media?parent=255"}],"wp:term":[{"taxonomy":"product_brand","embeddable":true,"href":"https:\/\/senseadelic.com\/fr\/wp-json\/wp\/v2\/product_brand?post=255"},{"taxonomy":"product_cat","embeddable":true,"href":"https:\/\/senseadelic.com\/fr\/wp-json\/wp\/v2\/product_cat?post=255"},{"taxonomy":"product_tag","embeddable":true,"href":"https:\/\/senseadelic.com\/fr\/wp-json\/wp\/v2\/product_tag?post=255"}],"curies":[{"name":"wp","href":"https:\/\/api.w.org\/{rel}","templated":true}]}}