{"id":275,"date":"2023-12-27T00:49:35","date_gmt":"2023-12-27T00:49:35","guid":{"rendered":"https:\/\/live3.senseadelic.com\/?post_type=product&#038;p=275"},"modified":"2026-02-13T19:41:53","modified_gmt":"2026-02-13T19:41:53","slug":"huile-de-cbd-30","status":"publish","type":"product","link":"https:\/\/senseadelic.com\/fr\/shop\/cbd-oil\/cbd-oil-30\/","title":{"rendered":"Huile CBD 30%"},"content":{"rendered":"","protected":false},"excerpt":{"rendered":"<p>Spirit of Nature propose une solution naturelle 100% pour les maux courants tels que l'anxi\u00e9t\u00e9, le stress et la douleur avec son produit d'huile de CBD le plus puissant. L'huile de CBD 30% est hautement concentr\u00e9e, d\u00e9livrant 300 milligrammes de CBD par ml, et est con\u00e7ue pour ceux qui ont besoin d'un soulagement puissant. Ce produit contient un large spectre de cannabino\u00efdes et de terp\u00e8nes pour une efficacit\u00e9 maximale. Il est extrait au moyen de CO2 supercritique pour garantir sa puret\u00e9. Chaque flacon de 10 ml contient 3 000 mg de CBD et de CBDA, avec une teneur en THC inf\u00e9rieure \u00e0 0,2%, ce qui en fait une option puissante et efficace pour un soulagement instantan\u00e9.<\/p>","protected":false},"featured_media":307,"comment_status":"open","ping_status":"closed","template":"","meta":{"_seopress_robots_primary_cat":"none","_seopress_titles_title":"Experience the Calming Benefits of our 30% CBD Oil","_seopress_titles_desc":"Explore our premium CBD Oil 30% at Sense a Delic. Quality-tested and suitable for a variety of applications. Enhance your well-being today!","_seopress_robots_index":""},"product_brand":[],"product_cat":[19],"product_tag":[],"class_list":{"0":"post-275","1":"product","2":"type-product","3":"status-publish","4":"has-post-thumbnail","6":"product_cat-cbd-oil","8":"first","9":"outofstock","10":"taxable","11":"shipping-taxable","12":"purchasable","13":"product-type-variable","14":"has-default-attributes"},"_links":{"self":[{"href":"https:\/\/senseadelic.com\/fr\/wp-json\/wp\/v2\/product\/275","targetHints":{"allow":["GET"]}}],"collection":[{"href":"https:\/\/senseadelic.com\/fr\/wp-json\/wp\/v2\/product"}],"about":[{"href":"https:\/\/senseadelic.com\/fr\/wp-json\/wp\/v2\/types\/product"}],"replies":[{"embeddable":true,"href":"https:\/\/senseadelic.com\/fr\/wp-json\/wp\/v2\/comments?post=275"}],"version-history":[{"count":0,"href":"https:\/\/senseadelic.com\/fr\/wp-json\/wp\/v2\/product\/275\/revisions"}],"wp:featuredmedia":[{"embeddable":true,"href":"https:\/\/senseadelic.com\/fr\/wp-json\/wp\/v2\/media\/307"}],"wp:attachment":[{"href":"https:\/\/senseadelic.com\/fr\/wp-json\/wp\/v2\/media?parent=275"}],"wp:term":[{"taxonomy":"product_brand","embeddable":true,"href":"https:\/\/senseadelic.com\/fr\/wp-json\/wp\/v2\/product_brand?post=275"},{"taxonomy":"product_cat","embeddable":true,"href":"https:\/\/senseadelic.com\/fr\/wp-json\/wp\/v2\/product_cat?post=275"},{"taxonomy":"product_tag","embeddable":true,"href":"https:\/\/senseadelic.com\/fr\/wp-json\/wp\/v2\/product_tag?post=275"}],"curies":[{"name":"wp","href":"https:\/\/api.w.org\/{rel}","templated":true}]}}