{"id":3059,"date":"2024-02-15T18:57:28","date_gmt":"2024-02-15T18:57:28","guid":{"rendered":"https:\/\/senseadelic.com\/?post_type=product&#038;p=3059"},"modified":"2024-09-26T12:20:22","modified_gmt":"2024-09-26T12:20:22","slug":"utopia-psilocybe-champignons-magiques","status":"publish","type":"product","link":"https:\/\/senseadelic.com\/fr\/shop\/magic-mushrooms\/utopia-psilocybe-magic-mushrooms\/","title":{"rendered":"Champignons magiques Utopia Psilocybe"},"content":{"rendered":"","protected":false},"excerpt":{"rendered":"<p>Les Utopia Magic Truffles sont tr\u00e8s fortes et peuvent vous emmener dans de folles aventures. Elles poussent dans la terre pendant dix mois et se gorgent de psilocybine.<\/p>\n<p>Lorsque tu manges ces truffes, tu peux voir des choses impressionnantes, penser diff\u00e9remment et apprendre des choses int\u00e9ressantes. Elles t'aident aussi \u00e0 te sentir proche des arbres et des animaux, \u00e0 mieux te comprendre et \u00e0 te sentir vraiment heureux et en paix. Ils ont un go\u00fbt d\u00e9licieux et vous pouvez les manger seuls, les transformer en th\u00e9 ou les ajouter \u00e0 des en-cas. Pr\u00e9pare-toi \u00e0 un voyage extraordinaire avec ces truffes.<\/p>","protected":false},"featured_media":5017,"comment_status":"closed","ping_status":"closed","template":"","meta":{"_seopress_robots_primary_cat":"none","_seopress_titles_title":"Utopia Psilocybe Magic Mushrooms A New Sense of Delicacy","_seopress_titles_desc":"Experience the magical journey with Utopia Psilocybe Magic Mushrooms from Senseadelic. Perfect for beginners & expert mycologists alike!","_seopress_robots_index":""},"product_brand":[],"product_cat":[34],"product_tag":[],"class_list":{"0":"post-3059","1":"product","2":"type-product","3":"status-publish","4":"has-post-thumbnail","6":"product_cat-magic-mushrooms","8":"first","9":"outofstock","10":"sale","11":"taxable","12":"shipping-taxable","13":"purchasable","14":"product-type-variable","15":"has-default-attributes"},"_links":{"self":[{"href":"https:\/\/senseadelic.com\/fr\/wp-json\/wp\/v2\/product\/3059","targetHints":{"allow":["GET"]}}],"collection":[{"href":"https:\/\/senseadelic.com\/fr\/wp-json\/wp\/v2\/product"}],"about":[{"href":"https:\/\/senseadelic.com\/fr\/wp-json\/wp\/v2\/types\/product"}],"replies":[{"embeddable":true,"href":"https:\/\/senseadelic.com\/fr\/wp-json\/wp\/v2\/comments?post=3059"}],"version-history":[{"count":0,"href":"https:\/\/senseadelic.com\/fr\/wp-json\/wp\/v2\/product\/3059\/revisions"}],"wp:featuredmedia":[{"embeddable":true,"href":"https:\/\/senseadelic.com\/fr\/wp-json\/wp\/v2\/media\/5017"}],"wp:attachment":[{"href":"https:\/\/senseadelic.com\/fr\/wp-json\/wp\/v2\/media?parent=3059"}],"wp:term":[{"taxonomy":"product_brand","embeddable":true,"href":"https:\/\/senseadelic.com\/fr\/wp-json\/wp\/v2\/product_brand?post=3059"},{"taxonomy":"product_cat","embeddable":true,"href":"https:\/\/senseadelic.com\/fr\/wp-json\/wp\/v2\/product_cat?post=3059"},{"taxonomy":"product_tag","embeddable":true,"href":"https:\/\/senseadelic.com\/fr\/wp-json\/wp\/v2\/product_tag?post=3059"}],"curies":[{"name":"wp","href":"https:\/\/api.w.org\/{rel}","templated":true}]}}