{"id":330,"date":"2023-12-27T00:49:47","date_gmt":"2023-12-27T00:49:47","guid":{"rendered":"https:\/\/live3.senseadelic.com\/?post_type=product&#038;p=330"},"modified":"2024-09-26T12:20:22","modified_gmt":"2024-09-26T12:20:22","slug":"viva","status":"publish","type":"product","link":"https:\/\/senseadelic.com\/fr\/shop\/psychedelics-supplies\/viva\/","title":{"rendered":"Viva"},"content":{"rendered":"","protected":false},"excerpt":{"rendered":"<p>ViVa est une exp\u00e9rience unique qui change la vie et offre une utopie de bonheur euphorique, de pens\u00e9e cr\u00e9ative et d'ondes positives. Il offre un monde magique d'exploration sans \u00e9go gr\u00e2ce aux puissants visuels de Kaleidoskope. Bien que l'effet soit plus long \u00e0 se faire sentir que celui d'autres psych\u00e9d\u00e9liques, la patience en vaut la peine, car elle offre un voyage doux et durable qui inspire le d\u00e9veloppement personnel. ViVa est \u00e9galement connue sous le nom de Valerie, qui est l'\u00e2me s\u0153ur de LUCY.<\/p>","protected":false},"featured_media":347,"comment_status":"closed","ping_status":"closed","template":"","meta":{"_seopress_robots_primary_cat":"none","_seopress_titles_title":"Buy Viva Psychedelics at Smart Shop Sense a Delic","_seopress_titles_desc":"Experience the transformative power of Viva Psychedelics from Sense a Delic. Reconnect with your inner self - dive into the realm of the extraordinary today.","_seopress_robots_index":""},"product_brand":[],"product_cat":[35],"product_tag":[88],"class_list":{"0":"post-330","1":"product","2":"type-product","3":"status-publish","4":"has-post-thumbnail","6":"product_cat-psychedelics-supplies","7":"product_tag-1v-lsd","9":"first","10":"outofstock","11":"taxable","12":"shipping-taxable","13":"purchasable","14":"product-type-variable","15":"has-default-attributes"},"_links":{"self":[{"href":"https:\/\/senseadelic.com\/fr\/wp-json\/wp\/v2\/product\/330","targetHints":{"allow":["GET"]}}],"collection":[{"href":"https:\/\/senseadelic.com\/fr\/wp-json\/wp\/v2\/product"}],"about":[{"href":"https:\/\/senseadelic.com\/fr\/wp-json\/wp\/v2\/types\/product"}],"replies":[{"embeddable":true,"href":"https:\/\/senseadelic.com\/fr\/wp-json\/wp\/v2\/comments?post=330"}],"version-history":[{"count":0,"href":"https:\/\/senseadelic.com\/fr\/wp-json\/wp\/v2\/product\/330\/revisions"}],"wp:featuredmedia":[{"embeddable":true,"href":"https:\/\/senseadelic.com\/fr\/wp-json\/wp\/v2\/media\/347"}],"wp:attachment":[{"href":"https:\/\/senseadelic.com\/fr\/wp-json\/wp\/v2\/media?parent=330"}],"wp:term":[{"taxonomy":"product_brand","embeddable":true,"href":"https:\/\/senseadelic.com\/fr\/wp-json\/wp\/v2\/product_brand?post=330"},{"taxonomy":"product_cat","embeddable":true,"href":"https:\/\/senseadelic.com\/fr\/wp-json\/wp\/v2\/product_cat?post=330"},{"taxonomy":"product_tag","embeddable":true,"href":"https:\/\/senseadelic.com\/fr\/wp-json\/wp\/v2\/product_tag?post=330"}],"curies":[{"name":"wp","href":"https:\/\/api.w.org\/{rel}","templated":true}]}}