{"id":333,"date":"2023-12-27T00:49:47","date_gmt":"2023-12-27T00:49:47","guid":{"rendered":"https:\/\/live3.senseadelic.com\/?post_type=product&#038;p=333"},"modified":"2024-10-06T13:04:41","modified_gmt":"2024-10-06T13:04:41","slug":"luxuriant","status":"publish","type":"product","link":"https:\/\/senseadelic.com\/fr\/shop\/psychedelics-supplies\/lush\/","title":{"rendered":"Lush"},"content":{"rendered":"","protected":false},"excerpt":{"rendered":"<p>Lush est un produit qui offre une exp\u00e9rience unique en combinant des effets psych\u00e9d\u00e9liques et entactog\u00e8nes. Il procure aux utilisateurs des sensations visuellement \u00e9tonnantes et agr\u00e9ables. Le Lush est connu pour ses effets \u00e9rotiques, mais il produit \u00e9galement un high corporel apaisant qui peut \u00eatre d\u00e9crit comme un picotement, une chaleur, voire un orgasme.<\/p>","protected":false},"featured_media":359,"comment_status":"open","ping_status":"closed","template":"","meta":{"_seopress_robots_primary_cat":"none","_seopress_titles_title":"Buy Lush Psychedelics at Smart Shop Sense a Delic","_seopress_titles_desc":"Get into Lush's world of awesome visuals and sweet vibrations. Known for its psychedelic, entactogenic, and sensual effects. A truly orgasmic experience awaits.","_seopress_robots_index":""},"product_brand":[],"product_cat":[35],"product_tag":[90],"class_list":{"0":"post-333","1":"product","2":"type-product","3":"status-publish","4":"has-post-thumbnail","6":"product_cat-psychedelics-supplies","7":"product_tag-2c-b-fly","9":"first","10":"outofstock","11":"taxable","12":"shipping-taxable","13":"purchasable","14":"product-type-variable","15":"has-default-attributes"},"_links":{"self":[{"href":"https:\/\/senseadelic.com\/fr\/wp-json\/wp\/v2\/product\/333","targetHints":{"allow":["GET"]}}],"collection":[{"href":"https:\/\/senseadelic.com\/fr\/wp-json\/wp\/v2\/product"}],"about":[{"href":"https:\/\/senseadelic.com\/fr\/wp-json\/wp\/v2\/types\/product"}],"replies":[{"embeddable":true,"href":"https:\/\/senseadelic.com\/fr\/wp-json\/wp\/v2\/comments?post=333"}],"version-history":[{"count":0,"href":"https:\/\/senseadelic.com\/fr\/wp-json\/wp\/v2\/product\/333\/revisions"}],"wp:featuredmedia":[{"embeddable":true,"href":"https:\/\/senseadelic.com\/fr\/wp-json\/wp\/v2\/media\/359"}],"wp:attachment":[{"href":"https:\/\/senseadelic.com\/fr\/wp-json\/wp\/v2\/media?parent=333"}],"wp:term":[{"taxonomy":"product_brand","embeddable":true,"href":"https:\/\/senseadelic.com\/fr\/wp-json\/wp\/v2\/product_brand?post=333"},{"taxonomy":"product_cat","embeddable":true,"href":"https:\/\/senseadelic.com\/fr\/wp-json\/wp\/v2\/product_cat?post=333"},{"taxonomy":"product_tag","embeddable":true,"href":"https:\/\/senseadelic.com\/fr\/wp-json\/wp\/v2\/product_tag?post=333"}],"curies":[{"name":"wp","href":"https:\/\/api.w.org\/{rel}","templated":true}]}}