{"id":366,"date":"2023-12-27T00:49:58","date_gmt":"2023-12-27T00:49:58","guid":{"rendered":"https:\/\/live3.senseadelic.com\/?post_type=product&#038;p=366"},"modified":"2024-06-17T16:44:18","modified_gmt":"2024-06-17T16:44:18","slug":"cbd-enrichi-moonrocks","status":"publish","type":"product","link":"https:\/\/senseadelic.com\/fr\/shop\/cannabis\/moonrocks-enriched-cbd\/","title":{"rendered":"Moonrocks Enrichi CBD +"},"content":{"rendered":"","protected":false},"excerpt":{"rendered":"<p>Les CBD+ moonrocks avec des analogues de cannabis extraits de Sense a Delic sont des bourgeons de cannabis puissants qui offrent une exp\u00e9rience unique. Ce sont actuellement les bourgeons les plus puissants disponibles. Ces moonrocks ont une teneur \u00e9lev\u00e9e en CBD+ qui procure une sensation d'euphorie dans tout le corps.<\/p>\n<p>Avec cette option, vous ressentirez une sensation intense qui vous donnera l'impression que la lune est \u00e0 port\u00e9e de main.<\/p>","protected":false},"featured_media":393,"comment_status":"closed","ping_status":"closed","template":"","meta":{"_seopress_robots_primary_cat":"none","_seopress_titles_title":"Buy High Quality Enriched CBD Moonrocks","_seopress_titles_desc":"Boost your wellness with Sense a Delic's CBD Enriched Moonrocks. Premium quality cannabis products in the Netherlands. Order now for a natural health boost.","_seopress_robots_index":""},"product_brand":[],"product_cat":[45],"product_tag":[],"class_list":{"0":"post-366","1":"product","2":"type-product","3":"status-publish","4":"has-post-thumbnail","6":"product_cat-cannabis","8":"first","9":"outofstock","10":"taxable","11":"shipping-taxable","12":"purchasable","13":"product-type-variable","14":"has-default-attributes"},"_links":{"self":[{"href":"https:\/\/senseadelic.com\/fr\/wp-json\/wp\/v2\/product\/366","targetHints":{"allow":["GET"]}}],"collection":[{"href":"https:\/\/senseadelic.com\/fr\/wp-json\/wp\/v2\/product"}],"about":[{"href":"https:\/\/senseadelic.com\/fr\/wp-json\/wp\/v2\/types\/product"}],"replies":[{"embeddable":true,"href":"https:\/\/senseadelic.com\/fr\/wp-json\/wp\/v2\/comments?post=366"}],"version-history":[{"count":0,"href":"https:\/\/senseadelic.com\/fr\/wp-json\/wp\/v2\/product\/366\/revisions"}],"wp:featuredmedia":[{"embeddable":true,"href":"https:\/\/senseadelic.com\/fr\/wp-json\/wp\/v2\/media\/393"}],"wp:attachment":[{"href":"https:\/\/senseadelic.com\/fr\/wp-json\/wp\/v2\/media?parent=366"}],"wp:term":[{"taxonomy":"product_brand","embeddable":true,"href":"https:\/\/senseadelic.com\/fr\/wp-json\/wp\/v2\/product_brand?post=366"},{"taxonomy":"product_cat","embeddable":true,"href":"https:\/\/senseadelic.com\/fr\/wp-json\/wp\/v2\/product_cat?post=366"},{"taxonomy":"product_tag","embeddable":true,"href":"https:\/\/senseadelic.com\/fr\/wp-json\/wp\/v2\/product_tag?post=366"}],"curies":[{"name":"wp","href":"https:\/\/api.w.org\/{rel}","templated":true}]}}