{"id":369,"date":"2023-12-27T00:49:58","date_gmt":"2023-12-27T00:49:58","guid":{"rendered":"https:\/\/live3.senseadelic.com\/?post_type=product&#038;p=369"},"modified":"2024-06-17T16:43:39","modified_gmt":"2024-06-17T16:43:39","slug":"fleur-de-cbd-enrichie-cannatonique","status":"publish","type":"product","link":"https:\/\/senseadelic.com\/fr\/shop\/cannabis\/cannatonic-enriched-cbd-flower\/","title":{"rendered":"Cannatonic Enriched CBD + Flower"},"content":{"rendered":"","protected":false},"excerpt":{"rendered":"<p>Cannatonic est une vari\u00e9t\u00e9 d'herbe l\u00e9gale qui se distingue par ses magnifiques fleurs bleues.<\/p>\n<p>Elle contient une grande quantit\u00e9 de CBD et d'analogues de HHC, qui cr\u00e9ent une exp\u00e9rience sensorielle irr\u00e9sistible. Les bourgeons sont grands et couverts de trichomes blancs, ressemblant \u00e0 de la neige.<\/p>","protected":false},"featured_media":395,"comment_status":"closed","ping_status":"closed","template":"","meta":{"_seopress_robots_primary_cat":"none","_seopress_titles_title":"Natural Relief with Cannatonic Enriched CBD Flower","_seopress_titles_desc":"Discover the calming properties of Cannatonic Enriched CBD Flower at Sense a Delic. High CBD, low THC. Experience wellness the natural way.","_seopress_robots_index":""},"product_brand":[],"product_cat":[45],"product_tag":[],"class_list":{"0":"post-369","1":"product","2":"type-product","3":"status-publish","4":"has-post-thumbnail","6":"product_cat-cannabis","8":"first","9":"outofstock","10":"taxable","11":"shipping-taxable","12":"purchasable","13":"product-type-variable","14":"has-default-attributes"},"_links":{"self":[{"href":"https:\/\/senseadelic.com\/fr\/wp-json\/wp\/v2\/product\/369","targetHints":{"allow":["GET"]}}],"collection":[{"href":"https:\/\/senseadelic.com\/fr\/wp-json\/wp\/v2\/product"}],"about":[{"href":"https:\/\/senseadelic.com\/fr\/wp-json\/wp\/v2\/types\/product"}],"replies":[{"embeddable":true,"href":"https:\/\/senseadelic.com\/fr\/wp-json\/wp\/v2\/comments?post=369"}],"version-history":[{"count":0,"href":"https:\/\/senseadelic.com\/fr\/wp-json\/wp\/v2\/product\/369\/revisions"}],"wp:featuredmedia":[{"embeddable":true,"href":"https:\/\/senseadelic.com\/fr\/wp-json\/wp\/v2\/media\/395"}],"wp:attachment":[{"href":"https:\/\/senseadelic.com\/fr\/wp-json\/wp\/v2\/media?parent=369"}],"wp:term":[{"taxonomy":"product_brand","embeddable":true,"href":"https:\/\/senseadelic.com\/fr\/wp-json\/wp\/v2\/product_brand?post=369"},{"taxonomy":"product_cat","embeddable":true,"href":"https:\/\/senseadelic.com\/fr\/wp-json\/wp\/v2\/product_cat?post=369"},{"taxonomy":"product_tag","embeddable":true,"href":"https:\/\/senseadelic.com\/fr\/wp-json\/wp\/v2\/product_tag?post=369"}],"curies":[{"name":"wp","href":"https:\/\/api.w.org\/{rel}","templated":true}]}}