{"id":372,"date":"2023-12-27T00:49:58","date_gmt":"2023-12-27T00:49:58","guid":{"rendered":"https:\/\/live3.senseadelic.com\/?post_type=product&#038;p=372"},"modified":"2024-10-27T15:29:34","modified_gmt":"2024-10-27T15:29:34","slug":"hash-de-cbd-enrichi-special","status":"publish","type":"product","link":"https:\/\/senseadelic.com\/fr\/shop\/cannabis\/special-enriched-cbd-hash\/","title":{"rendered":"Enrichissement sp\u00e9cial CBD + Hash"},"content":{"rendered":"","protected":false},"excerpt":{"rendered":"<p>Il s'appelle \"Hash\" et est fabriqu\u00e9 par une marque appel\u00e9e Sense a Delic. Le produit est d\u00e9crit comme un m\u00e9lange de cannabino\u00efdes et de terp\u00e8nes, dont le go\u00fbt et l'ar\u00f4me sont d\u00e9licieux. Il est sugg\u00e9r\u00e9 que l'essai du produit laissera le consommateur sur sa faim.<\/p>","protected":false},"featured_media":397,"comment_status":"closed","ping_status":"closed","template":"","meta":{"_seopress_robots_primary_cat":"none","_seopress_titles_title":"Buy High Quality Special Enriched CBD Hash Online Now","_seopress_titles_desc":"High Quality Enriched CBD Hash The finest Enriched CBD Hash at Sense a Delic. All-natural, high-quality product. Shop now for the desired calm and relaxation!","_seopress_robots_index":""},"product_brand":[],"product_cat":[45],"product_tag":[],"class_list":{"0":"post-372","1":"product","2":"type-product","3":"status-publish","4":"has-post-thumbnail","6":"product_cat-cannabis","8":"first","9":"outofstock","10":"taxable","11":"shipping-taxable","12":"product-type-variable","13":"has-default-attributes"},"_links":{"self":[{"href":"https:\/\/senseadelic.com\/fr\/wp-json\/wp\/v2\/product\/372","targetHints":{"allow":["GET"]}}],"collection":[{"href":"https:\/\/senseadelic.com\/fr\/wp-json\/wp\/v2\/product"}],"about":[{"href":"https:\/\/senseadelic.com\/fr\/wp-json\/wp\/v2\/types\/product"}],"replies":[{"embeddable":true,"href":"https:\/\/senseadelic.com\/fr\/wp-json\/wp\/v2\/comments?post=372"}],"version-history":[{"count":0,"href":"https:\/\/senseadelic.com\/fr\/wp-json\/wp\/v2\/product\/372\/revisions"}],"wp:featuredmedia":[{"embeddable":true,"href":"https:\/\/senseadelic.com\/fr\/wp-json\/wp\/v2\/media\/397"}],"wp:attachment":[{"href":"https:\/\/senseadelic.com\/fr\/wp-json\/wp\/v2\/media?parent=372"}],"wp:term":[{"taxonomy":"product_brand","embeddable":true,"href":"https:\/\/senseadelic.com\/fr\/wp-json\/wp\/v2\/product_brand?post=372"},{"taxonomy":"product_cat","embeddable":true,"href":"https:\/\/senseadelic.com\/fr\/wp-json\/wp\/v2\/product_cat?post=372"},{"taxonomy":"product_tag","embeddable":true,"href":"https:\/\/senseadelic.com\/fr\/wp-json\/wp\/v2\/product_tag?post=372"}],"curies":[{"name":"wp","href":"https:\/\/api.w.org\/{rel}","templated":true}]}}