{"id":375,"date":"2023-12-27T00:49:58","date_gmt":"2023-12-27T00:49:58","guid":{"rendered":"https:\/\/live3.senseadelic.com\/?post_type=product&#038;p=375"},"modified":"2024-06-17T16:55:00","modified_gmt":"2024-06-17T16:55:00","slug":"cbd-hash-enrichi-en-polm","status":"publish","type":"product","link":"https:\/\/senseadelic.com\/fr\/shop\/cannabis\/polm-enriched-cbd-hash\/","title":{"rendered":"Polm Enriched CBD + Hash"},"content":{"rendered":"","protected":false},"excerpt":{"rendered":"<p>Desert Grazz Polm Enriched Hash with Sense a Delic cannabis analogues est un hash pur et de haute qualit\u00e9 qui promet d'am\u00e9liorer vos sens et de vous procurer un high d\u00e9tendu et moelleux. Sa texture douce et son \u00e9miettage facile en font un d\u00e9lice, en particulier pour les fumeurs de cannabis Chill exigeants.<\/p>\n<p>Ce haschisch de couleur claire offre un go\u00fbt pur et revigorant, cr\u00e9ant une exp\u00e9rience tranquille qui vous laissera sur votre faim.<\/p>\n<p>Desert Grazz Polm Enriched CBD Hash est con\u00e7u pour les connaisseurs, vous permettant d'\u00e9lever votre niveau de relaxation.<\/p>","protected":false},"featured_media":399,"comment_status":"closed","ping_status":"closed","template":"","meta":{"_seopress_robots_primary_cat":"none","_seopress_titles_title":"Experience Superior Calm with Polm Enriched CBD Hash","_seopress_titles_desc":"Uncover pure relaxation with our Polm Enriched CBD Hash. A natural, THC-free product created for your well-being. Shop now at Sense a Delic.","_seopress_robots_index":""},"product_brand":[],"product_cat":[45],"product_tag":[],"class_list":{"0":"post-375","1":"product","2":"type-product","3":"status-publish","4":"has-post-thumbnail","6":"product_cat-cannabis","8":"first","9":"outofstock","10":"taxable","11":"shipping-taxable","12":"purchasable","13":"product-type-variable","14":"has-default-attributes"},"_links":{"self":[{"href":"https:\/\/senseadelic.com\/fr\/wp-json\/wp\/v2\/product\/375","targetHints":{"allow":["GET"]}}],"collection":[{"href":"https:\/\/senseadelic.com\/fr\/wp-json\/wp\/v2\/product"}],"about":[{"href":"https:\/\/senseadelic.com\/fr\/wp-json\/wp\/v2\/types\/product"}],"replies":[{"embeddable":true,"href":"https:\/\/senseadelic.com\/fr\/wp-json\/wp\/v2\/comments?post=375"}],"version-history":[{"count":0,"href":"https:\/\/senseadelic.com\/fr\/wp-json\/wp\/v2\/product\/375\/revisions"}],"wp:featuredmedia":[{"embeddable":true,"href":"https:\/\/senseadelic.com\/fr\/wp-json\/wp\/v2\/media\/399"}],"wp:attachment":[{"href":"https:\/\/senseadelic.com\/fr\/wp-json\/wp\/v2\/media?parent=375"}],"wp:term":[{"taxonomy":"product_brand","embeddable":true,"href":"https:\/\/senseadelic.com\/fr\/wp-json\/wp\/v2\/product_brand?post=375"},{"taxonomy":"product_cat","embeddable":true,"href":"https:\/\/senseadelic.com\/fr\/wp-json\/wp\/v2\/product_cat?post=375"},{"taxonomy":"product_tag","embeddable":true,"href":"https:\/\/senseadelic.com\/fr\/wp-json\/wp\/v2\/product_tag?post=375"}],"curies":[{"name":"wp","href":"https:\/\/api.w.org\/{rel}","templated":true}]}}