{"id":378,"date":"2023-12-27T00:49:59","date_gmt":"2023-12-27T00:49:59","guid":{"rendered":"https:\/\/live3.senseadelic.com\/?post_type=product&#038;p=378"},"modified":"2024-06-17T16:45:38","modified_gmt":"2024-06-17T16:45:38","slug":"charras-enriched-cbd-hash","status":"publish","type":"product","link":"https:\/\/senseadelic.com\/fr\/shop\/cannabis\/charras-enriched-cbd-hash\/","title":{"rendered":"Charras Enriched CBD + Hash"},"content":{"rendered":"","protected":false},"excerpt":{"rendered":"<p>Ce fut une exp\u00e9rience inoubliable que d'essayer un bon Charras. Le parfum et l'ar\u00f4me du Charras sont d\u00e9crits comme distincts et m\u00e9morables. Il se caract\u00e9rise par une texture lisse et cr\u00e9meuse et un ar\u00f4me unique. Compar\u00e9 \u00e0 d'autres types de haschisch, il est consid\u00e9r\u00e9 comme un plaisir nocturne sup\u00e9rieur aux propri\u00e9t\u00e9s relaxantes.<\/p>\n<p>Sense a Delic est connu pour produire les meilleurs CBD+ Charras au monde.<\/p>","protected":false},"featured_media":401,"comment_status":"closed","ping_status":"closed","template":"","meta":{"_seopress_robots_primary_cat":"none","_seopress_titles_title":"Enriched CBD Hash with Authentic Charras","_seopress_titles_desc":"Premium CBD potency with our Charras Enriched CBD Hash. Perfect for relaxation and wellness. Shop now for superior cannabis products!","_seopress_robots_index":""},"product_brand":[],"product_cat":[45],"product_tag":[],"class_list":{"0":"post-378","1":"product","2":"type-product","3":"status-publish","4":"has-post-thumbnail","6":"product_cat-cannabis","8":"first","9":"outofstock","10":"taxable","11":"shipping-taxable","12":"purchasable","13":"product-type-variable","14":"has-default-attributes"},"_links":{"self":[{"href":"https:\/\/senseadelic.com\/fr\/wp-json\/wp\/v2\/product\/378","targetHints":{"allow":["GET"]}}],"collection":[{"href":"https:\/\/senseadelic.com\/fr\/wp-json\/wp\/v2\/product"}],"about":[{"href":"https:\/\/senseadelic.com\/fr\/wp-json\/wp\/v2\/types\/product"}],"replies":[{"embeddable":true,"href":"https:\/\/senseadelic.com\/fr\/wp-json\/wp\/v2\/comments?post=378"}],"version-history":[{"count":0,"href":"https:\/\/senseadelic.com\/fr\/wp-json\/wp\/v2\/product\/378\/revisions"}],"wp:featuredmedia":[{"embeddable":true,"href":"https:\/\/senseadelic.com\/fr\/wp-json\/wp\/v2\/media\/401"}],"wp:attachment":[{"href":"https:\/\/senseadelic.com\/fr\/wp-json\/wp\/v2\/media?parent=378"}],"wp:term":[{"taxonomy":"product_brand","embeddable":true,"href":"https:\/\/senseadelic.com\/fr\/wp-json\/wp\/v2\/product_brand?post=378"},{"taxonomy":"product_cat","embeddable":true,"href":"https:\/\/senseadelic.com\/fr\/wp-json\/wp\/v2\/product_cat?post=378"},{"taxonomy":"product_tag","embeddable":true,"href":"https:\/\/senseadelic.com\/fr\/wp-json\/wp\/v2\/product_tag?post=378"}],"curies":[{"name":"wp","href":"https:\/\/api.w.org\/{rel}","templated":true}]}}