{"id":391,"date":"2023-12-27T00:50:00","date_gmt":"2023-12-27T00:50:00","guid":{"rendered":"https:\/\/live3.senseadelic.com\/?post_type=product&#038;p=391"},"modified":"2025-09-12T18:56:54","modified_gmt":"2025-09-12T18:56:54","slug":"kratom-premium-powder-1-5-mitragyna","status":"publish","type":"product","link":"https:\/\/senseadelic.com\/fr\/shop\/premium-kratom-powder\/kratom-premium-powder-1-5-mitragyna\/","title":{"rendered":"Kratom Premium Powder 1.5% Mitragyna"},"content":{"rendered":"","protected":false},"excerpt":{"rendered":"<p>Le kratom, connu sous le nom scientifique de Mitragyna speciosa, est un \u00e9l\u00e9ment naturel ch\u00e9ri de l'Asie du Sud-Est, c\u00e9l\u00e9br\u00e9 pour ses bienfaits m\u00e9dicinaux depuis de nombreuses ann\u00e9es. L'accent que nous mettons sur la poudre de kratom de qualit\u00e9 sup\u00e9rieure, en particulier avec une teneur en Mitragynine allant de 1 \u00e0 5%, souligne notre engagement en faveur d'une puret\u00e9 et d'une puissance in\u00e9gal\u00e9es. D\u00e9couvrez les bienfaits de la poudre de kratom de qualit\u00e9 sup\u00e9rieure qui changent la vie et adoptez une voie naturelle vers une sant\u00e9 et une \u00e9nergie accrues.<\/p>","protected":false},"featured_media":408,"comment_status":"closed","ping_status":"closed","template":"","meta":{"_seopress_robots_primary_cat":"none","_seopress_titles_title":"Buy Premium Kratom Powder 1.5% Mitragyna at Sense a Delic","_seopress_titles_desc":"Upgrade your Kratom experience with our Kratom Premium Powder 1.5% Mitragyna. Lab-tested potency of 1.5% for relief from minor ailments. Quality assured.","_seopress_robots_index":""},"product_brand":[],"product_cat":[46],"product_tag":[],"class_list":{"0":"post-391","1":"product","2":"type-product","3":"status-publish","4":"has-post-thumbnail","6":"product_cat-premium-kratom-powder","8":"first","9":"outofstock","10":"taxable","11":"shipping-taxable","12":"purchasable","13":"product-type-variable","14":"has-default-attributes"},"_links":{"self":[{"href":"https:\/\/senseadelic.com\/fr\/wp-json\/wp\/v2\/product\/391","targetHints":{"allow":["GET"]}}],"collection":[{"href":"https:\/\/senseadelic.com\/fr\/wp-json\/wp\/v2\/product"}],"about":[{"href":"https:\/\/senseadelic.com\/fr\/wp-json\/wp\/v2\/types\/product"}],"replies":[{"embeddable":true,"href":"https:\/\/senseadelic.com\/fr\/wp-json\/wp\/v2\/comments?post=391"}],"version-history":[{"count":0,"href":"https:\/\/senseadelic.com\/fr\/wp-json\/wp\/v2\/product\/391\/revisions"}],"wp:featuredmedia":[{"embeddable":true,"href":"https:\/\/senseadelic.com\/fr\/wp-json\/wp\/v2\/media\/408"}],"wp:attachment":[{"href":"https:\/\/senseadelic.com\/fr\/wp-json\/wp\/v2\/media?parent=391"}],"wp:term":[{"taxonomy":"product_brand","embeddable":true,"href":"https:\/\/senseadelic.com\/fr\/wp-json\/wp\/v2\/product_brand?post=391"},{"taxonomy":"product_cat","embeddable":true,"href":"https:\/\/senseadelic.com\/fr\/wp-json\/wp\/v2\/product_cat?post=391"},{"taxonomy":"product_tag","embeddable":true,"href":"https:\/\/senseadelic.com\/fr\/wp-json\/wp\/v2\/product_tag?post=391"}],"curies":[{"name":"wp","href":"https:\/\/api.w.org\/{rel}","templated":true}]}}