{"id":47,"date":"2023-12-27T00:48:42","date_gmt":"2023-12-27T00:48:42","guid":{"rendered":"https:\/\/live3.senseadelic.com\/?post_type=product&#038;p=47"},"modified":"2024-09-26T12:20:29","modified_gmt":"2024-09-26T12:20:29","slug":"or-afghan","status":"publish","type":"product","link":"https:\/\/senseadelic.com\/fr\/shop\/smoking-blends\/solid-blends\/afghani-gold\/","title":{"rendered":"L'or afghan"},"content":{"rendered":"","protected":false},"excerpt":{"rendered":"<p>L'Afghani Gold est un haschisch solide tr\u00e8s recherch\u00e9, connu pour sa texture douce, ses effets puissants et son go\u00fbt et son ar\u00f4me inoubliables. Il est fabriqu\u00e9 selon des techniques traditionnelles de pressage \u00e0 la main qui pr\u00e9servent les propri\u00e9t\u00e9s naturelles de la plante de cannabis.<\/p>\n<p>Originaire de la cha\u00eene de montagnes Hindu Kush et de provinces comme Balkh et Mazar-i, elle est r\u00e9put\u00e9e pour son chanvre Indica et Sativa de haute qualit\u00e9. Afghani Gold offre une exp\u00e9rience afghane classique et est consid\u00e9r\u00e9 comme l'un des meilleurs haschischs solides au monde.<\/p>","protected":false},"featured_media":77,"comment_status":"open","ping_status":"closed","template":"","meta":{"_seopress_robots_primary_cat":"none","_seopress_titles_title":"Buy Our Exquisite Afghani Gold Solid Smoking Blends Now","_seopress_titles_desc":"Enjoy the ultimate relaxation experience with the finest quality Afghani Gold, a premium solid blend available at sensational Senseadelic online shop!","_seopress_robots_index":""},"product_brand":[],"product_cat":[18],"product_tag":[],"class_list":{"0":"post-47","1":"product","2":"type-product","3":"status-publish","4":"has-post-thumbnail","6":"product_cat-solid-blends","8":"first","9":"outofstock","10":"taxable","11":"shipping-taxable","12":"purchasable","13":"product-type-variable","14":"has-default-attributes"},"_links":{"self":[{"href":"https:\/\/senseadelic.com\/fr\/wp-json\/wp\/v2\/product\/47","targetHints":{"allow":["GET"]}}],"collection":[{"href":"https:\/\/senseadelic.com\/fr\/wp-json\/wp\/v2\/product"}],"about":[{"href":"https:\/\/senseadelic.com\/fr\/wp-json\/wp\/v2\/types\/product"}],"replies":[{"embeddable":true,"href":"https:\/\/senseadelic.com\/fr\/wp-json\/wp\/v2\/comments?post=47"}],"version-history":[{"count":0,"href":"https:\/\/senseadelic.com\/fr\/wp-json\/wp\/v2\/product\/47\/revisions"}],"wp:featuredmedia":[{"embeddable":true,"href":"https:\/\/senseadelic.com\/fr\/wp-json\/wp\/v2\/media\/77"}],"wp:attachment":[{"href":"https:\/\/senseadelic.com\/fr\/wp-json\/wp\/v2\/media?parent=47"}],"wp:term":[{"taxonomy":"product_brand","embeddable":true,"href":"https:\/\/senseadelic.com\/fr\/wp-json\/wp\/v2\/product_brand?post=47"},{"taxonomy":"product_cat","embeddable":true,"href":"https:\/\/senseadelic.com\/fr\/wp-json\/wp\/v2\/product_cat?post=47"},{"taxonomy":"product_tag","embeddable":true,"href":"https:\/\/senseadelic.com\/fr\/wp-json\/wp\/v2\/product_tag?post=47"}],"curies":[{"name":"wp","href":"https:\/\/api.w.org\/{rel}","templated":true}]}}