{"id":5184,"date":"2024-02-29T23:19:29","date_gmt":"2024-02-29T23:19:29","guid":{"rendered":"https:\/\/senseadelic.com\/?post_type=product&#038;p=5184"},"modified":"2024-11-01T16:54:15","modified_gmt":"2024-11-01T16:54:15","slug":"dutch-royale-elite-herbal-blend","status":"publish","type":"product","link":"https:\/\/senseadelic.com\/fr\/shop\/smoking-blends\/herbal-blends\/dutch-royale-elite-herbal-blend\/","title":{"rendered":"Dutch Royale Elite Herbal Blend"},"content":{"rendered":"","protected":false},"excerpt":{"rendered":"<p>Voici Dutch Royale Elite Herbal Blend, le meilleur m\u00e9lange d'herbes que vous pouvez acheter chez Sens a Delic.<\/p>\n<p>Cette cr\u00e9ation naturelle s'inspire de la nature et offre aux utilisateurs un ar\u00f4me unique, une saveur authentique et un effet bien \u00e9quilibr\u00e9. Que vous souhaitiez vous d\u00e9tendre, faire le plein d'\u00e9nergie ou socialiser, Dutch Royale Elite est le choix parfait pour satisfaire vos envies et vous faire vivre une exp\u00e9rience d\u00e9licieuse.<\/p>","protected":false},"featured_media":5189,"comment_status":"closed","ping_status":"closed","template":"","meta":{"_seopress_robots_primary_cat":"none","_seopress_titles_title":"Dutch Royale Elite Herbal Blend an Experience of Natural Euphoria","_seopress_titles_desc":"Experience the sublime effects of Dutch Orange, the top-rated herbal blend in our shop. Explore Sense a Delic's quality range today!","_seopress_robots_index":""},"product_brand":[],"product_cat":[29],"product_tag":[],"class_list":{"0":"post-5184","1":"product","2":"type-product","3":"status-publish","4":"has-post-thumbnail","6":"product_cat-herbal-blends","8":"first","9":"outofstock","10":"taxable","11":"shipping-taxable","12":"purchasable","13":"product-type-variable","14":"has-default-attributes"},"_links":{"self":[{"href":"https:\/\/senseadelic.com\/fr\/wp-json\/wp\/v2\/product\/5184","targetHints":{"allow":["GET"]}}],"collection":[{"href":"https:\/\/senseadelic.com\/fr\/wp-json\/wp\/v2\/product"}],"about":[{"href":"https:\/\/senseadelic.com\/fr\/wp-json\/wp\/v2\/types\/product"}],"replies":[{"embeddable":true,"href":"https:\/\/senseadelic.com\/fr\/wp-json\/wp\/v2\/comments?post=5184"}],"version-history":[{"count":0,"href":"https:\/\/senseadelic.com\/fr\/wp-json\/wp\/v2\/product\/5184\/revisions"}],"wp:featuredmedia":[{"embeddable":true,"href":"https:\/\/senseadelic.com\/fr\/wp-json\/wp\/v2\/media\/5189"}],"wp:attachment":[{"href":"https:\/\/senseadelic.com\/fr\/wp-json\/wp\/v2\/media?parent=5184"}],"wp:term":[{"taxonomy":"product_brand","embeddable":true,"href":"https:\/\/senseadelic.com\/fr\/wp-json\/wp\/v2\/product_brand?post=5184"},{"taxonomy":"product_cat","embeddable":true,"href":"https:\/\/senseadelic.com\/fr\/wp-json\/wp\/v2\/product_cat?post=5184"},{"taxonomy":"product_tag","embeddable":true,"href":"https:\/\/senseadelic.com\/fr\/wp-json\/wp\/v2\/product_tag?post=5184"}],"curies":[{"name":"wp","href":"https:\/\/api.w.org\/{rel}","templated":true}]}}