{"id":5191,"date":"2024-02-29T23:44:55","date_gmt":"2024-02-29T23:44:55","guid":{"rendered":"https:\/\/senseadelic.com\/?post_type=product&#038;p=5191"},"modified":"2024-11-01T16:54:14","modified_gmt":"2024-11-01T16:54:14","slug":"elixir-melange-dherbes","status":"publish","type":"product","link":"https:\/\/senseadelic.com\/fr\/shop\/smoking-blends\/herbal-blends\/elixir-herbal-blend\/","title":{"rendered":"M\u00e9lange d'herbes Elixir"},"content":{"rendered":"","protected":false},"excerpt":{"rendered":"<p>G.O.A.T. lance un nouveau produit \u00e0 fumer appel\u00e9 Elixir, qui est pr\u00e9sent\u00e9 comme le m\u00e9lange le plus puissant et le plus satisfaisant de l'histoire.<\/p>\n<p>Elixir associe des ingr\u00e9dients naturels \u00e0 la derni\u00e8re technologie NOID de G.O.A.T. Il promet une sensation sublime avec un parfum distinctif, un go\u00fbt d\u00e9licieux et un effet puissant qui satisfera le d\u00e9sir d'une humeur de pierre. Elixir est recommand\u00e9 pour ceux qui veulent se d\u00e9tendre, se relaxer ou se d\u00e9connecter.<\/p>","protected":false},"featured_media":5193,"comment_status":"closed","ping_status":"closed","template":"","meta":{"_seopress_robots_primary_cat":"none","_seopress_titles_title":"Experience Tranquillity with Elixir Herbal Smoking Blends","_seopress_titles_desc":"Experience the natural high with Elixir Herbal Blend. The perfect tobacco alternative for a smooth smoke. Shop now at SmartShop Sense a Delic!","_seopress_robots_index":""},"product_brand":[],"product_cat":[29],"product_tag":[],"class_list":{"0":"post-5191","1":"product","2":"type-product","3":"status-publish","4":"has-post-thumbnail","6":"product_cat-herbal-blends","8":"first","9":"outofstock","10":"taxable","11":"shipping-taxable","12":"purchasable","13":"product-type-variable","14":"has-default-attributes"},"_links":{"self":[{"href":"https:\/\/senseadelic.com\/fr\/wp-json\/wp\/v2\/product\/5191","targetHints":{"allow":["GET"]}}],"collection":[{"href":"https:\/\/senseadelic.com\/fr\/wp-json\/wp\/v2\/product"}],"about":[{"href":"https:\/\/senseadelic.com\/fr\/wp-json\/wp\/v2\/types\/product"}],"replies":[{"embeddable":true,"href":"https:\/\/senseadelic.com\/fr\/wp-json\/wp\/v2\/comments?post=5191"}],"version-history":[{"count":0,"href":"https:\/\/senseadelic.com\/fr\/wp-json\/wp\/v2\/product\/5191\/revisions"}],"wp:featuredmedia":[{"embeddable":true,"href":"https:\/\/senseadelic.com\/fr\/wp-json\/wp\/v2\/media\/5193"}],"wp:attachment":[{"href":"https:\/\/senseadelic.com\/fr\/wp-json\/wp\/v2\/media?parent=5191"}],"wp:term":[{"taxonomy":"product_brand","embeddable":true,"href":"https:\/\/senseadelic.com\/fr\/wp-json\/wp\/v2\/product_brand?post=5191"},{"taxonomy":"product_cat","embeddable":true,"href":"https:\/\/senseadelic.com\/fr\/wp-json\/wp\/v2\/product_cat?post=5191"},{"taxonomy":"product_tag","embeddable":true,"href":"https:\/\/senseadelic.com\/fr\/wp-json\/wp\/v2\/product_tag?post=5191"}],"curies":[{"name":"wp","href":"https:\/\/api.w.org\/{rel}","templated":true}]}}