{"id":53,"date":"2023-12-27T00:48:44","date_gmt":"2023-12-27T00:48:44","guid":{"rendered":"https:\/\/live3.senseadelic.com\/?post_type=product&#038;p=53"},"modified":"2026-02-13T19:43:06","modified_gmt":"2026-02-13T19:43:06","slug":"cbd-love-potion","status":"publish","type":"product","link":"https:\/\/senseadelic.com\/fr\/shop\/cbd-oil\/cbd-love-potion\/","title":{"rendered":"Potion d'amour CBD"},"content":{"rendered":"","protected":false},"excerpt":{"rendered":"<p>Le CBD Love Potion stimule la libido et l'excitation, ce qui le rend id\u00e9al pour la Saint-Valentin ou pour am\u00e9liorer l'intimit\u00e9 \u00e0 tout moment. Il associe des ingr\u00e9dients naturels aux bienfaits du CBD et du CBDA pour stimuler l'amour, la sensualit\u00e9 et le plaisir en influen\u00e7ant les niveaux de s\u00e9rotonine dans le cerveau.<\/p>\n<ul>\n<li>Aphrodisiac est fabriqu\u00e9 \u00e0 partir de CBD enti\u00e8rement naturel.<\/li>\n<li>Chaque flacon de 10 ml contient 400 mg de CBD et de CBDA.<\/li>\n<li>Offre un go\u00fbt exquis de chocolat (cacao)<\/li>\n<li>Teneur en THC inf\u00e9rieure \u00e0 0,2%<\/li>\n<\/ul>","protected":false},"featured_media":84,"comment_status":"open","ping_status":"closed","template":"","meta":{"_seopress_robots_primary_cat":"none","_seopress_titles_title":"Experience Passion with our CBD Love Potion Oil","_seopress_titles_desc":"Ignite passion effortlessly with our CBD Love Potion. Boosts libido, Enhance sensations and feelings for unforgettable moments.","_seopress_robots_index":""},"product_brand":[],"product_cat":[19],"product_tag":[],"class_list":{"0":"post-53","1":"product","2":"type-product","3":"status-publish","4":"has-post-thumbnail","6":"product_cat-cbd-oil","8":"first","9":"outofstock","10":"featured","11":"taxable","12":"shipping-taxable","13":"purchasable","14":"product-type-variable","15":"has-default-attributes"},"_links":{"self":[{"href":"https:\/\/senseadelic.com\/fr\/wp-json\/wp\/v2\/product\/53","targetHints":{"allow":["GET"]}}],"collection":[{"href":"https:\/\/senseadelic.com\/fr\/wp-json\/wp\/v2\/product"}],"about":[{"href":"https:\/\/senseadelic.com\/fr\/wp-json\/wp\/v2\/types\/product"}],"replies":[{"embeddable":true,"href":"https:\/\/senseadelic.com\/fr\/wp-json\/wp\/v2\/comments?post=53"}],"version-history":[{"count":0,"href":"https:\/\/senseadelic.com\/fr\/wp-json\/wp\/v2\/product\/53\/revisions"}],"wp:featuredmedia":[{"embeddable":true,"href":"https:\/\/senseadelic.com\/fr\/wp-json\/wp\/v2\/media\/84"}],"wp:attachment":[{"href":"https:\/\/senseadelic.com\/fr\/wp-json\/wp\/v2\/media?parent=53"}],"wp:term":[{"taxonomy":"product_brand","embeddable":true,"href":"https:\/\/senseadelic.com\/fr\/wp-json\/wp\/v2\/product_brand?post=53"},{"taxonomy":"product_cat","embeddable":true,"href":"https:\/\/senseadelic.com\/fr\/wp-json\/wp\/v2\/product_cat?post=53"},{"taxonomy":"product_tag","embeddable":true,"href":"https:\/\/senseadelic.com\/fr\/wp-json\/wp\/v2\/product_tag?post=53"}],"curies":[{"name":"wp","href":"https:\/\/api.w.org\/{rel}","templated":true}]}}