{"id":65,"date":"2023-12-27T00:48:45","date_gmt":"2023-12-27T00:48:45","guid":{"rendered":"https:\/\/live3.senseadelic.com\/?post_type=product&#038;p=65"},"modified":"2024-09-26T12:20:29","modified_gmt":"2024-09-26T12:20:29","slug":"frisson","status":"publish","type":"product","link":"https:\/\/senseadelic.com\/fr\/shop\/stimulants-supplies\/thrill\/","title":{"rendered":"Frisson"},"content":{"rendered":"","protected":false},"excerpt":{"rendered":"<p>Ce produit a divers effets positifs, tels que l'augmentation de l'\u00e9nergie, l'am\u00e9lioration de l'humeur, l'am\u00e9lioration de la sociabilit\u00e9, la r\u00e9duction des inhibitions, la promotion des conversations avec d'autres personnes, la stimulation sensorielle et la stimulation visuelle et sonore.<\/p>","protected":false},"featured_media":99,"comment_status":"closed","ping_status":"closed","template":"","meta":{"_seopress_robots_primary_cat":"none","_seopress_titles_title":"Unleash Exhilaration with Thrill Stimulant from Sense a Delic","_seopress_titles_desc":"Express new heights with Sense a Delic's. Thrill - a powerful stimulant designed for the bold. Step into the extraordinary.","_seopress_robots_index":""},"product_brand":[],"product_cat":[21],"product_tag":[82],"class_list":{"0":"post-65","1":"product","2":"type-product","3":"status-publish","4":"has-post-thumbnail","6":"product_cat-stimulants-supplies","7":"product_tag-4-fma","9":"first","10":"outofstock","11":"taxable","12":"shipping-taxable","13":"purchasable","14":"product-type-variable","15":"has-default-attributes"},"_links":{"self":[{"href":"https:\/\/senseadelic.com\/fr\/wp-json\/wp\/v2\/product\/65","targetHints":{"allow":["GET"]}}],"collection":[{"href":"https:\/\/senseadelic.com\/fr\/wp-json\/wp\/v2\/product"}],"about":[{"href":"https:\/\/senseadelic.com\/fr\/wp-json\/wp\/v2\/types\/product"}],"replies":[{"embeddable":true,"href":"https:\/\/senseadelic.com\/fr\/wp-json\/wp\/v2\/comments?post=65"}],"version-history":[{"count":0,"href":"https:\/\/senseadelic.com\/fr\/wp-json\/wp\/v2\/product\/65\/revisions"}],"wp:featuredmedia":[{"embeddable":true,"href":"https:\/\/senseadelic.com\/fr\/wp-json\/wp\/v2\/media\/99"}],"wp:attachment":[{"href":"https:\/\/senseadelic.com\/fr\/wp-json\/wp\/v2\/media?parent=65"}],"wp:term":[{"taxonomy":"product_brand","embeddable":true,"href":"https:\/\/senseadelic.com\/fr\/wp-json\/wp\/v2\/product_brand?post=65"},{"taxonomy":"product_cat","embeddable":true,"href":"https:\/\/senseadelic.com\/fr\/wp-json\/wp\/v2\/product_cat?post=65"},{"taxonomy":"product_tag","embeddable":true,"href":"https:\/\/senseadelic.com\/fr\/wp-json\/wp\/v2\/product_tag?post=65"}],"curies":[{"name":"wp","href":"https:\/\/api.w.org\/{rel}","templated":true}]}}