{"id":69,"date":"2023-12-27T00:48:46","date_gmt":"2023-12-27T00:48:46","guid":{"rendered":"https:\/\/live3.senseadelic.com\/?post_type=product&#038;p=69"},"modified":"2024-09-26T12:20:29","modified_gmt":"2024-09-26T12:20:29","slug":"flux-dor","status":"publish","type":"product","link":"https:\/\/senseadelic.com\/fr\/shop\/stimulants-supplies\/gold-flow\/","title":{"rendered":"Flux d'or"},"content":{"rendered":"","protected":false},"excerpt":{"rendered":"<p>GOLD FLOW est un produit qui promet de vous faire sentir bien, confiant et motiv\u00e9 comme jamais auparavant. C'est un \u00e9nergisant stimulant qui am\u00e9liorera votre humeur et votre exp\u00e9rience de la f\u00eate. Il est recommand\u00e9 d'agir rapidement car les stocks sont limit\u00e9s.<\/p>","protected":false},"featured_media":107,"comment_status":"closed","ping_status":"closed","template":"","meta":{"_seopress_robots_primary_cat":"none","_seopress_titles_title":"Buy Gold Flow Quality Natural Stimulant for Enhanced Focus","_seopress_titles_desc":"Boost your energy with Gold Flow, Sense a Delic's natural stimulant. Excellent for creative flow and focus. Order now for high-quality wellness products.","_seopress_robots_index":""},"product_brand":[],"product_cat":[21],"product_tag":[79,81],"class_list":{"0":"post-69","1":"product","2":"type-product","3":"status-publish","4":"has-post-thumbnail","6":"product_cat-stimulants-supplies","7":"product_tag-3-fpm","8":"product_tag-4f-mph","10":"first","11":"outofstock","12":"taxable","13":"shipping-taxable","14":"purchasable","15":"product-type-variable","16":"has-default-attributes"},"_links":{"self":[{"href":"https:\/\/senseadelic.com\/fr\/wp-json\/wp\/v2\/product\/69","targetHints":{"allow":["GET"]}}],"collection":[{"href":"https:\/\/senseadelic.com\/fr\/wp-json\/wp\/v2\/product"}],"about":[{"href":"https:\/\/senseadelic.com\/fr\/wp-json\/wp\/v2\/types\/product"}],"replies":[{"embeddable":true,"href":"https:\/\/senseadelic.com\/fr\/wp-json\/wp\/v2\/comments?post=69"}],"version-history":[{"count":0,"href":"https:\/\/senseadelic.com\/fr\/wp-json\/wp\/v2\/product\/69\/revisions"}],"wp:featuredmedia":[{"embeddable":true,"href":"https:\/\/senseadelic.com\/fr\/wp-json\/wp\/v2\/media\/107"}],"wp:attachment":[{"href":"https:\/\/senseadelic.com\/fr\/wp-json\/wp\/v2\/media?parent=69"}],"wp:term":[{"taxonomy":"product_brand","embeddable":true,"href":"https:\/\/senseadelic.com\/fr\/wp-json\/wp\/v2\/product_brand?post=69"},{"taxonomy":"product_cat","embeddable":true,"href":"https:\/\/senseadelic.com\/fr\/wp-json\/wp\/v2\/product_cat?post=69"},{"taxonomy":"product_tag","embeddable":true,"href":"https:\/\/senseadelic.com\/fr\/wp-json\/wp\/v2\/product_tag?post=69"}],"curies":[{"name":"wp","href":"https:\/\/api.w.org\/{rel}","templated":true}]}}