{"id":1075,"date":"2024-01-05T01:58:20","date_gmt":"2024-01-05T01:58:20","guid":{"rendered":"https:\/\/live5.senseadelic.com\/?page_id=1075"},"modified":"2024-06-17T16:37:41","modified_gmt":"2024-06-17T16:37:41","slug":"termini-e-condizioni","status":"publish","type":"page","link":"https:\/\/senseadelic.com\/it\/terms-and-conditions\/","title":{"rendered":"Termini e condizioni"},"content":{"rendered":"<div data-elementor-type=\"wp-page\" data-elementor-id=\"1075\" class=\"elementor elementor-1075\" data-elementor-post-type=\"page\">\n\t\t\t\t<div class=\"elementor-element elementor-element-3e0cd1a e-flex e-con-boxed e-con e-parent\" data-id=\"3e0cd1a\" data-element_type=\"container\" data-e-type=\"container\">\n\t\t\t\t\t<div class=\"e-con-inner\">\n\t\t<div class=\"elementor-element elementor-element-32bcc45 e-con-full e-flex e-con e-child\" data-id=\"32bcc45\" data-element_type=\"container\" data-e-type=\"container\">\n\t\t\t\t<div class=\"elementor-element elementor-element-db5faec page-title elementor-widget elementor-widget-heading\" data-id=\"db5faec\" data-element_type=\"widget\" data-e-type=\"widget\" data-widget_type=\"heading.default\">\n\t\t\t\t\t<h1 class=\"elementor-heading-title elementor-size-default\">Termini e condizioni<\/h1>\t\t\t\t<\/div>\n\t\t\t\t<div class=\"elementor-element elementor-element-82b4952 blog-text-contend elementor-widget elementor-widget-text-editor\" data-id=\"82b4952\" data-element_type=\"widget\" data-e-type=\"widget\" data-widget_type=\"text-editor.default\">\n\t\t\t\t\t\t\t\t\t<p>Questi termini e condizioni delineano le regole e le norme per l'utilizzo del sito web di Sense a Delic, situato all'indirizzo https:\/\/senseadelic.com.<\/p><p>Accedendo a questo sito web, si presume che accettiate questi termini e condizioni. Non utilizzate senseadelic.com se non accettate tutti i termini e le condizioni indicati in questa pagina.<\/p><p>La seguente terminologia si applica ai presenti Termini e condizioni, alla Dichiarazione sulla privacy e all'Avviso di esclusione di responsabilit\u00e0 e a tutti gli accordi: \"Cliente\", \"Lei\" e \"Suo\" si riferiscono a Lei, la persona che accede a questo sito web e che accetta i termini e le condizioni della Societ\u00e0. \"La Societ\u00e0\", \"Noi\", \"Noi\", \"Nostro\" e \"Noi\", si riferisce alla nostra Societ\u00e0. \"Parte\", \"Parti\" o \"Noi\" si riferiscono sia al Cliente che a noi. Tutti i termini si riferiscono all'offerta, all'accettazione e al corrispettivo del pagamento necessario per intraprendere il processo di assistenza al Cliente nel modo pi\u00f9 appropriato al fine esplicito di soddisfare le esigenze del Cliente in relazione alla fornitura dei servizi dichiarati dalla Societ\u00e0, in conformit\u00e0 e nel rispetto della legge vigente in Italia. Qualsiasi uso della terminologia di cui sopra o di altre parole al singolare, al plurale, con la maiuscola e\/o lui\/lei o loro, sono considerati intercambiabili e quindi riferiti allo stesso.<\/p><h3><strong>Biscotti<\/strong><\/h3><p>Utilizziamo i cookie. Accedendo a senseadelic.com, l'utente accetta di utilizzare i cookie in accordo con la politica sulla privacy di Sense a Delic.<\/p><p>La maggior parte dei siti web interattivi utilizza i cookie per recuperare i dati dell'utente ad ogni visita. Il nostro sito web utilizza i cookie per consentire la funzionalit\u00e0 di alcune aree, in modo da agevolare le persone che visitano il nostro sito. Anche alcuni dei nostri partner affiliati\/pubblicitari possono utilizzare i cookie.<\/p><h3><strong>Licenza<\/strong><\/h3><p>Se non diversamente specificato, Sense a Delic e\/o i suoi licenziatari detengono i diritti di propriet\u00e0 intellettuale di tutto il materiale presente su senseadelic.com. Tutti i diritti di propriet\u00e0 intellettuale sono riservati. \u00c8 possibile accedere a questo sito senseadelic.com per uso personale, nel rispetto delle restrizioni stabilite in questi termini e condizioni.<\/p><p>Non dovete:<\/p><ul><li>Ripubblicare materiale da senseadelic.com<\/li><li>Vendere, affittare o sub-licenziare materiale da senseadelic.com<\/li><li>Riprodurre, duplicare o copiare materiale da senseadelic.com<\/li><li>Ridistribuire i contenuti di senseadelic.com<\/li><\/ul><p><br \/>Alcune parti di questo sito web offrono agli utenti l'opportunit\u00e0 di pubblicare e scambiare opinioni e informazioni in determinate aree del sito. Sense a Delic non filtra, modifica, pubblica o rivede i commenti prima della loro presenza sul sito. I commenti non riflettono i punti di vista e le opinioni di Sense a Delic, dei suoi agenti e\/o affiliati. I Commenti riflettono i punti di vista e le opinioni della persona che li ha pubblicati. Nella misura consentita dalle leggi applicabili, Sense a Delic non sar\u00e0 responsabile per i Commenti o per qualsiasi responsabilit\u00e0, danno o spesa causati e\/o subiti in seguito all'uso e\/o alla pubblicazione e\/o all'apparizione dei Commenti su questo sito web.<\/p><p>Sense a Delic si riserva il diritto di monitorare tutti i Commenti e di rimuovere qualsiasi Commento che possa essere considerato inappropriato, offensivo o che causi una violazione dei presenti Termini e Condizioni.<\/p><p>L'utente garantisce e dichiara che:<\/p><ul><li>Siete autorizzati a pubblicare i Commenti sul nostro sito web e disponete di tutte le licenze e i consensi necessari per farlo;<\/li><li>I Commenti non violano alcun diritto di propriet\u00e0 intellettuale, inclusi, a titolo esemplificativo, diritti d'autore, brevetti o marchi di terzi;<\/li><li>I Commenti non contengono materiale diffamatorio, calunnioso, offensivo, indecente o comunque illegale che costituisca una violazione della privacy.<\/li><li>I Commenti non saranno utilizzati per sollecitare o promuovere affari o consuetudini o presentare attivit\u00e0 commerciali o attivit\u00e0 illegali.<\/li><\/ul><p><br \/>Con la presente concedete a Sense a Delic una licenza non esclusiva per utilizzare, riprodurre, modificare e autorizzare altri a utilizzare, riprodurre e modificare qualsiasi vostro commento in qualsiasi forma, formato o media.<\/p><h3><strong>Collegamento ipertestuale ai nostri contenuti<\/strong><\/h3><p>Le seguenti organizzazioni possono collegarsi al nostro sito web senza previa approvazione scritta:<\/p><ul><li>Agenzie governative;<\/li><li>Motori di ricerca;<\/li><li>Organizzazioni giornalistiche;<\/li><li>I distributori di elenchi online possono collegarsi al nostro sito web nello stesso modo in cui si collegano ai siti web di altre aziende elencate; e<\/li><li>Le aziende accreditate a livello di sistema, ad eccezione delle organizzazioni no-profit, dei centri commerciali di beneficenza e dei gruppi di raccolta fondi di beneficenza che non possono collegarsi al nostro sito Web.<\/li><\/ul><p><br \/>Queste organizzazioni possono inserire un link alla nostra home page, a pubblicazioni o ad altre informazioni del sito web, a condizione che il link: (a) non sia in alcun modo ingannevole; (b) non implichi falsamente la sponsorizzazione, l'avallo o l'approvazione del linkante e dei suoi prodotti e\/o servizi; e (c) si inserisca nel contesto del sito del linkante.<\/p><p>Possiamo prendere in considerazione e approvare altre richieste di link da parte dei seguenti tipi di organizzazioni:<\/p><ul><li>fonti di informazione comunemente conosciute dai consumatori e\/o dalle imprese;<\/li><li>siti di comunit\u00e0 dot.com;<\/li><li>associazioni o altri gruppi che rappresentano enti di beneficenza;<\/li><li>distributori di elenchi online;<\/li><li>portali internet;<\/li><li>societ\u00e0 di contabilit\u00e0, studi legali e di consulenza; e<\/li><li>istituzioni educative e associazioni di categoria.<\/li><\/ul><p><br \/>Approveremo le richieste di link da parte di queste organizzazioni se decideremo che: (a) il link non ci faccia apparire sfavorevoli a noi stessi o alle nostre aziende accreditate; (b) l'organizzazione non abbia precedenti negativi con noi; (c) il beneficio per noi derivante dalla visibilit\u00e0 del collegamento ipertestuale compensi l'assenza di Sense a Delic; e (d) il link sia nel contesto di informazioni generali sulle risorse.<\/p><p>Queste organizzazioni possono collegarsi alla nostra home page a condizione che il link: (a) non sia in alcun modo ingannevole; (b) non implichi falsamente la sponsorizzazione, l'avallo o l'approvazione del linkante e dei suoi prodotti o servizi; e (c) si inserisca nel contesto del sito del linkante.<\/p><p>Se siete una delle organizzazioni elencate nel precedente paragrafo 2 e siete interessati a collegarvi al nostro sito web, dovete informarci inviando un'e-mail a Sense a Delic. Includete il vostro nome, il nome della vostra organizzazione, le informazioni di contatto, l'URL del vostro sito, un elenco di tutti gli URL da cui intendete collegarvi al nostro sito web e un elenco degli URL del nostro sito a cui vorreste collegarvi. Attendere 2-3 settimane per una risposta.<\/p><p>Le organizzazioni autorizzate possono collegarsi al nostro sito web come segue:<\/p><ul><li>Utilizzando la nostra ragione sociale; o<\/li><li>Tramite l'uso del localizzatore uniforme di risorse a cui si \u00e8 collegati; oppure<\/li><li>Utilizzando qualsiasi altra descrizione del nostro sito web a cui si \u00e8 collegati che abbia senso nel contesto e nel formato del contenuto del sito della parte collegata.<\/li><\/ul><p><br \/>Non sar\u00e0 consentito l'uso del logo o di altre opere d'arte di Sense a Delic per il collegamento senza un accordo di licenza del marchio.<\/p><h3><strong>iFrames<\/strong><\/h3><p>Senza previa approvazione e autorizzazione scritta, non \u00e8 possibile creare cornici intorno alle nostre pagine web che alterino in qualsiasi modo la presentazione visiva o l'aspetto del nostro sito web.<\/p><h3><strong>Responsabilit\u00e0 del contenuto<\/strong><\/h3><p>Non ci riterremo responsabili di alcun contenuto che appaia sul vostro sito web. L'utente si impegna a proteggerci e a difenderci da qualsiasi reclamo che venga sollevato sul suo sito web. Nessun link deve apparire su alcun sito web che possa essere interpretato come diffamatorio, osceno o criminale, o che infranga, violi in altro modo, o sostenga l'infrazione o altra violazione di diritti di terzi.<\/p><h3><strong>Riserva di diritti<\/strong><\/h3><p>Ci riserviamo il diritto di richiedere la rimozione di tutti i link o di un particolare link al nostro sito web. L'utente accetta di rimuovere immediatamente tutti i link al nostro sito web su richiesta. Ci riserviamo inoltre il diritto di modificare i presenti termini e condizioni e la relativa politica di collegamento in qualsiasi momento. Collegandovi continuamente al nostro sito web, accettate di essere vincolati e di seguire questi termini e condizioni di collegamento.<\/p><h3><strong>Rimozione di link dal nostro sito web<\/strong><\/h3><p>Se sul nostro sito web trovate un link offensivo per qualsiasi motivo, siete liberi di contattarci e informarci in qualsiasi momento. Prenderemo in considerazione le richieste di rimozione dei link, ma non siamo obbligati a farlo o a rispondere direttamente all'utente.<\/p><p>Non assicuriamo che le informazioni contenute nel sito siano corrette, non ne garantiamo la completezza o l'accuratezza, n\u00e9 promettiamo di garantire che il sito rimanga disponibile o che il materiale contenuto nel sito sia aggiornato.<\/p><h3><strong>Dichiarazione di non responsabilit\u00e0<\/strong><\/h3><p>Nella misura massima consentita dalla legge applicabile, escludiamo tutte le dichiarazioni, garanzie e condizioni relative al nostro sito web e all'uso di questo sito web. Nulla di quanto contenuto nella presente clausola di esclusione della responsabilit\u00e0:<\/p><ul><li>limitare o escludere la nostra o la vostra responsabilit\u00e0 per morte o lesioni personali;<\/li><li>limitare o escludere la nostra o la vostra responsabilit\u00e0 per frode o falsa dichiarazione fraudolenta;<\/li><li>limitare una qualsiasi delle nostre o vostre responsabilit\u00e0 in un modo che non sia consentito dalla legge applicabile; oppure<\/li><li>escludere qualsiasi nostra o vostra responsabilit\u00e0 che non possa essere esclusa ai sensi della legge applicabile.<\/li><\/ul><p><br \/>Le limitazioni e i divieti di responsabilit\u00e0 stabiliti in questa sezione e in altri punti della presente clausola di esclusione della responsabilit\u00e0: (a) sono soggetti al paragrafo precedente; e (b) disciplinano tutte le responsabilit\u00e0 derivanti dalla clausola di esclusione della responsabilit\u00e0, comprese le responsabilit\u00e0 derivanti da contratto, da illecito e da violazione di obblighi di legge.<\/p><p>Finch\u00e9 il sito web e le informazioni e i servizi presenti sul sito web sono forniti gratuitamente, non saremo responsabili di eventuali perdite o danni di qualsiasi natura.<\/p>\t\t\t\t\t\t\t\t<\/div>\n\t\t\t\t<\/div>\n\t\t\t\t\t<\/div>\n\t\t\t\t<\/div>\n\t\t\t\t<\/div>","protected":false},"excerpt":{"rendered":"<p>These terms and conditions outline the rules and regulations for using Sense a Delic\u2019s Website, located at https:\/\/senseadelic.com. By accessing this website, we assume you accept these terms and conditions. Do not use senseadelic.com if you do not agree to take all of the terms and conditions stated on this page. The following terminology applies [&hellip;]<\/p>\n","protected":false},"author":1,"featured_media":0,"parent":0,"menu_order":40,"comment_status":"closed","ping_status":"closed","template":"","meta":{"_seopress_robots_primary_cat":"","_seopress_titles_title":"Explore Sense a Delic's Terms of Use for Website Access","_seopress_titles_desc":"Discover our terms and conditions. Accessing senseadelic.com shows your acceptance. To use our site, you must agree with our terms and respect our privacy policy.","_seopress_robots_index":"","footnotes":""},"class_list":["post-1075","page","type-page","status-publish"],"_links":{"self":[{"href":"https:\/\/senseadelic.com\/it\/wp-json\/wp\/v2\/pages\/1075","targetHints":{"allow":["GET"]}}],"collection":[{"href":"https:\/\/senseadelic.com\/it\/wp-json\/wp\/v2\/pages"}],"about":[{"href":"https:\/\/senseadelic.com\/it\/wp-json\/wp\/v2\/types\/page"}],"author":[{"embeddable":true,"href":"https:\/\/senseadelic.com\/it\/wp-json\/wp\/v2\/users\/1"}],"replies":[{"embeddable":true,"href":"https:\/\/senseadelic.com\/it\/wp-json\/wp\/v2\/comments?post=1075"}],"version-history":[{"count":0,"href":"https:\/\/senseadelic.com\/it\/wp-json\/wp\/v2\/pages\/1075\/revisions"}],"wp:attachment":[{"href":"https:\/\/senseadelic.com\/it\/wp-json\/wp\/v2\/media?parent=1075"}],"curies":[{"name":"wp","href":"https:\/\/api.w.org\/{rel}","templated":true}]}}