{"id":1082,"date":"2024-01-05T02:01:09","date_gmt":"2024-01-05T02:01:09","guid":{"rendered":"https:\/\/live5.senseadelic.com\/?page_id=1082"},"modified":"2024-06-17T16:38:01","modified_gmt":"2024-06-17T16:38:01","slug":"esclusione-di-responsabilita-per-la-salute","status":"publish","type":"page","link":"https:\/\/senseadelic.com\/it\/health-disclaimer\/","title":{"rendered":"Disclaimer sulla Salute"},"content":{"rendered":"<div data-elementor-type=\"wp-page\" data-elementor-id=\"1082\" class=\"elementor elementor-1082\" data-elementor-post-type=\"page\">\n\t\t\t\t<div class=\"elementor-element elementor-element-8fd8c52 e-flex e-con-boxed e-con e-parent\" data-id=\"8fd8c52\" data-element_type=\"container\" data-e-type=\"container\">\n\t\t\t\t\t<div class=\"e-con-inner\">\n\t\t<div class=\"elementor-element elementor-element-79f865e e-con-full e-flex e-con e-child\" data-id=\"79f865e\" data-element_type=\"container\" data-e-type=\"container\">\n\t\t\t\t<div class=\"elementor-element elementor-element-36452b8 page-title elementor-widget elementor-widget-heading\" data-id=\"36452b8\" data-element_type=\"widget\" data-e-type=\"widget\" data-widget_type=\"heading.default\">\n\t\t\t\t\t<h1 class=\"elementor-heading-title elementor-size-default\">Disclaimer sulla Salute<\/h1>\t\t\t\t<\/div>\n\t\t\t\t<div class=\"elementor-element elementor-element-7c1c8d6c blog-text-contend elementor-widget elementor-widget-text-editor\" data-id=\"7c1c8d6c\" data-element_type=\"widget\" data-e-type=\"widget\" data-widget_type=\"text-editor.default\">\n\t\t\t\t\t\t\t\t\t<p>Questo sito serve solo per imparare e scoprire cose nuove. Non \u00e8 pensato per aiutarvi a capire cosa c'\u00e8 che non va se siete malati, n\u00e9 per trovare modi per guarire dalle malattie.<\/p><p>Le cose di cui parliamo qui non devono essere mangiate o usate come medicine. Stiamo solo condividendo informazioni per farle riflettere e imparare; non stiamo dicendo che siano vere o sicure da provare da soli. Se decidete di usare qualcosa che avete imparato qui, ricordate che deve essere usato solo per esperimenti o per imparare, non per provarlo sulle persone.<\/p><p>Inoltre, se qualcosa dovesse andare storto, le persone che gestiscono questo sito web non saranno nei guai perch\u00e9 accettate di non incolparle per il suo utilizzo.<\/p>\t\t\t\t\t\t\t\t<\/div>\n\t\t\t\t<div class=\"elementor-element elementor-element-236db5a blog-text-contend elementor-widget elementor-widget-text-editor\" data-id=\"236db5a\" data-element_type=\"widget\" data-e-type=\"widget\" data-widget_type=\"text-editor.default\">\n\t\t\t\t\t\t\t\t\t<p><strong>Osservazioni conclusive con avvertenze:<\/strong><\/p><p>\"Mentre concludiamo il nostro tour, \u00e8 importante per me condividere alcuni consigli e cautele essenziali. Se da un lato esplorare le meraviglie dei prodotti SmartShop pu\u00f2 essere un viaggio emozionante, dall'altro \u00e8 fondamentale affrontarle con consapevolezza e responsabilit\u00e0.<\/p><p><strong>1. Conoscere i propri limiti:<\/strong> Ogni individuo reagisce in modo diverso a queste sostanze. Iniziate con piccole dosi, soprattutto se state provando un prodotto per la prima volta. Capire la risposta del proprio corpo \u00e8 fondamentale per un'esperienza sicura e piacevole.<\/p><p><strong>2. Consapevolezza giuridica:<\/strong> Informatevi sullo stato legale di questi prodotti nella vostra zona. Le leggi variano notevolmente da un luogo all'altro ed \u00e8 vostra responsabilit\u00e0 rimanere informati e conformi.<\/p><p><strong>3. Considerazioni sulla salute:<\/strong> In caso di problemi di salute o di assunzione di farmaci, consultare un operatore sanitario prima di utilizzare i nostri prodotti. La sicurezza prima di tutto!<\/p><p><strong>4. L'impostazione \u00e8 importante:<\/strong> L'ambiente in cui vi trovate pu\u00f2 avere un impatto significativo sulla vostra esperienza, soprattutto con gli psichedelici e i tartufi. Scegliete un ambiente sicuro e confortevole e prendete in considerazione la possibilit\u00e0 di avere con voi un amico fidato.<\/p><p><strong>5. Evitare di mescolare:<\/strong> Mescolare sostanze diverse pu\u00f2 essere imprevedibile e rischioso. Evitate di usare pi\u00f9 prodotti contemporaneamente, soprattutto se non ne conoscete gli effetti.<\/p><p><strong>6. Benessere mentale:<\/strong> Se vi sentite stressati, ansiosi o avete a che fare con problemi di salute mentale, \u00e8 consigliabile evitare o essere molto cauti con le sostanze psicoattive. Possono intensificare lo stato d'animo attuale.<\/p><p><strong>Pensiero finale:<\/strong> Il nostro viaggio qui non consiste solo nello sperimentare nuove sensazioni, ma anche nel rispettare il potere di queste meraviglie naturali. Ricordate che l'obiettivo \u00e8 migliorare il vostro benessere, non comprometterlo. Utilizzate sempre in modo responsabile, informatevi e godetevi il magico mondo degli SmartShop in tutta sicurezza.<\/p><p>Grazie per aver trascorso il vostro tempo con me oggi. Se avete domande o bisogno di consigli, sentitevi liberi di contattarmi. Abbiate cura di voi ed esplorate con saggezza!\".<\/p>\t\t\t\t\t\t\t\t<\/div>\n\t\t\t\t<\/div>\n\t\t\t\t\t<\/div>\n\t\t\t\t<\/div>\n\t\t\t\t<\/div>","protected":false},"excerpt":{"rendered":"<p>This website is just for learning and finding out new things. It&#8217;s not meant to help you figure out what&#8217;s wrong if you&#8217;re sick, nor is it for finding ways to get better from illnesses. The things we talk about here should not be eaten or used as medicine. We are just sharing information for [&hellip;]<\/p>\n","protected":false},"author":1,"featured_media":0,"parent":0,"menu_order":48,"comment_status":"closed","ping_status":"closed","template":"","meta":{"_seopress_robots_primary_cat":"","_seopress_titles_title":"Responsible Learning About Chemicals and Natural Wonders","_seopress_titles_desc":"Find high-quality, research-focused content. Exclusively for educational and informational use, not meant for any therapeutic or medicinal use.","_seopress_robots_index":"","footnotes":""},"class_list":["post-1082","page","type-page","status-publish"],"_links":{"self":[{"href":"https:\/\/senseadelic.com\/it\/wp-json\/wp\/v2\/pages\/1082","targetHints":{"allow":["GET"]}}],"collection":[{"href":"https:\/\/senseadelic.com\/it\/wp-json\/wp\/v2\/pages"}],"about":[{"href":"https:\/\/senseadelic.com\/it\/wp-json\/wp\/v2\/types\/page"}],"author":[{"embeddable":true,"href":"https:\/\/senseadelic.com\/it\/wp-json\/wp\/v2\/users\/1"}],"replies":[{"embeddable":true,"href":"https:\/\/senseadelic.com\/it\/wp-json\/wp\/v2\/comments?post=1082"}],"version-history":[{"count":0,"href":"https:\/\/senseadelic.com\/it\/wp-json\/wp\/v2\/pages\/1082\/revisions"}],"wp:attachment":[{"href":"https:\/\/senseadelic.com\/it\/wp-json\/wp\/v2\/media?parent=1082"}],"curies":[{"name":"wp","href":"https:\/\/api.w.org\/{rel}","templated":true}]}}