{"id":255,"date":"2023-12-27T00:49:34","date_gmt":"2023-12-27T00:49:34","guid":{"rendered":"https:\/\/live3.senseadelic.com\/?post_type=product&#038;p=255"},"modified":"2026-02-13T19:43:03","modified_gmt":"2026-02-13T19:43:03","slug":"cbd-focus","status":"publish","type":"product","link":"https:\/\/senseadelic.com\/it\/shop\/cbd-oil\/cbd-focus\/","title":{"rendered":"Focus CBD"},"content":{"rendered":"","protected":false},"excerpt":{"rendered":"<p>\u00c8 facile sentirsi frustrati quando i compiti incompleti si accumulano e interrompono il nostro flusso di lavoro ogni giorno, perch\u00e9 siamo esposti a sempre pi\u00f9 distrazioni. Con FOCUS, potrete concentrarvi in modo pi\u00f9 efficiente e diventare pi\u00f9 produttivi grazie a una formula unica formulata con nootropi. I nootropi sono stimolatori cognitivi che migliorano la memoria, la concentrazione, la creativit\u00e0, l'intelligenza e la motivazione. Con l'olio di CBD FOCUS di Spirit of Nature, abbiamo combinato CBD, CBG e CBN con nootropi che aiutano ad aumentare le nostre capacit\u00e0 cognitive. Un potenziatore cognitivo completamente naturale Ogni 10 ml contiene 500 mg di CBD e CBDA Terpeni e cannabinoidi ad ampio spettro Estrazione con CO2 supercritica Contenuto di THC inferiore allo 0,2%<\/p>","protected":false},"featured_media":285,"comment_status":"open","ping_status":"closed","template":"","meta":{"_seopress_robots_primary_cat":"none","_seopress_titles_title":"","_seopress_titles_desc":"","_seopress_robots_index":""},"product_brand":[],"product_cat":[19],"product_tag":[],"class_list":{"0":"post-255","1":"product","2":"type-product","3":"status-publish","4":"has-post-thumbnail","6":"product_cat-cbd-oil","8":"first","9":"outofstock","10":"taxable","11":"shipping-taxable","12":"purchasable","13":"product-type-variable","14":"has-default-attributes"},"_links":{"self":[{"href":"https:\/\/senseadelic.com\/it\/wp-json\/wp\/v2\/product\/255","targetHints":{"allow":["GET"]}}],"collection":[{"href":"https:\/\/senseadelic.com\/it\/wp-json\/wp\/v2\/product"}],"about":[{"href":"https:\/\/senseadelic.com\/it\/wp-json\/wp\/v2\/types\/product"}],"replies":[{"embeddable":true,"href":"https:\/\/senseadelic.com\/it\/wp-json\/wp\/v2\/comments?post=255"}],"version-history":[{"count":0,"href":"https:\/\/senseadelic.com\/it\/wp-json\/wp\/v2\/product\/255\/revisions"}],"wp:featuredmedia":[{"embeddable":true,"href":"https:\/\/senseadelic.com\/it\/wp-json\/wp\/v2\/media\/285"}],"wp:attachment":[{"href":"https:\/\/senseadelic.com\/it\/wp-json\/wp\/v2\/media?parent=255"}],"wp:term":[{"taxonomy":"product_brand","embeddable":true,"href":"https:\/\/senseadelic.com\/it\/wp-json\/wp\/v2\/product_brand?post=255"},{"taxonomy":"product_cat","embeddable":true,"href":"https:\/\/senseadelic.com\/it\/wp-json\/wp\/v2\/product_cat?post=255"},{"taxonomy":"product_tag","embeddable":true,"href":"https:\/\/senseadelic.com\/it\/wp-json\/wp\/v2\/product_tag?post=255"}],"curies":[{"name":"wp","href":"https:\/\/api.w.org\/{rel}","templated":true}]}}