{"id":275,"date":"2023-12-27T00:49:35","date_gmt":"2023-12-27T00:49:35","guid":{"rendered":"https:\/\/live3.senseadelic.com\/?post_type=product&#038;p=275"},"modified":"2026-02-13T19:41:53","modified_gmt":"2026-02-13T19:41:53","slug":"olio-di-cbd-30","status":"publish","type":"product","link":"https:\/\/senseadelic.com\/it\/shop\/cbd-oil\/cbd-oil-30\/","title":{"rendered":"Olio di CBD 30%"},"content":{"rendered":"","protected":false},"excerpt":{"rendered":"<p>Spirit of Nature offre una soluzione naturale 100% per disturbi comuni come l'ansia, lo stress e il dolore con il suo prodotto di olio di CBD pi\u00f9 forte. L'olio di CBD 30% \u00e8 altamente concentrato, con 300 milligrammi di CBD per ml, ed \u00e8 pensato per chi ha bisogno di un forte sollievo. Questo prodotto presenta un ampio spettro di cannabinoidi e terpeni per la massima efficacia, estratti con CO2 supercritica per garantire la purezza. Ogni flacone da 10 ml contiene 3000 mg di CBD e CBDA, con un contenuto di THC inferiore a 0,2%, che lo rende un'opzione potente ed efficace per un sollievo immediato.<\/p>","protected":false},"featured_media":307,"comment_status":"open","ping_status":"closed","template":"","meta":{"_seopress_robots_primary_cat":"none","_seopress_titles_title":"Experience the Calming Benefits of our 30% CBD Oil","_seopress_titles_desc":"Explore our premium CBD Oil 30% at Sense a Delic. Quality-tested and suitable for a variety of applications. Enhance your well-being today!","_seopress_robots_index":""},"product_brand":[],"product_cat":[19],"product_tag":[],"class_list":{"0":"post-275","1":"product","2":"type-product","3":"status-publish","4":"has-post-thumbnail","6":"product_cat-cbd-oil","8":"first","9":"outofstock","10":"taxable","11":"shipping-taxable","12":"purchasable","13":"product-type-variable","14":"has-default-attributes"},"_links":{"self":[{"href":"https:\/\/senseadelic.com\/it\/wp-json\/wp\/v2\/product\/275","targetHints":{"allow":["GET"]}}],"collection":[{"href":"https:\/\/senseadelic.com\/it\/wp-json\/wp\/v2\/product"}],"about":[{"href":"https:\/\/senseadelic.com\/it\/wp-json\/wp\/v2\/types\/product"}],"replies":[{"embeddable":true,"href":"https:\/\/senseadelic.com\/it\/wp-json\/wp\/v2\/comments?post=275"}],"version-history":[{"count":0,"href":"https:\/\/senseadelic.com\/it\/wp-json\/wp\/v2\/product\/275\/revisions"}],"wp:featuredmedia":[{"embeddable":true,"href":"https:\/\/senseadelic.com\/it\/wp-json\/wp\/v2\/media\/307"}],"wp:attachment":[{"href":"https:\/\/senseadelic.com\/it\/wp-json\/wp\/v2\/media?parent=275"}],"wp:term":[{"taxonomy":"product_brand","embeddable":true,"href":"https:\/\/senseadelic.com\/it\/wp-json\/wp\/v2\/product_brand?post=275"},{"taxonomy":"product_cat","embeddable":true,"href":"https:\/\/senseadelic.com\/it\/wp-json\/wp\/v2\/product_cat?post=275"},{"taxonomy":"product_tag","embeddable":true,"href":"https:\/\/senseadelic.com\/it\/wp-json\/wp\/v2\/product_tag?post=275"}],"curies":[{"name":"wp","href":"https:\/\/api.w.org\/{rel}","templated":true}]}}