{"id":412,"date":"2023-12-27T00:50:09","date_gmt":"2023-12-27T00:50:09","guid":{"rendered":"https:\/\/live3.senseadelic.com\/?post_type=product&#038;p=412"},"modified":"2024-10-06T13:37:09","modified_gmt":"2024-10-06T13:37:09","slug":"kratom-polvere-premium-1-7-mitragyna","status":"publish","type":"product","link":"https:\/\/senseadelic.com\/it\/shop\/premium-kratom-powder\/kratom-premium-powder-1-7-mitragyna\/","title":{"rendered":"Kratom Premium in polvere 1.7% Mitragyna"},"content":{"rendered":"","protected":false},"excerpt":{"rendered":"<p>Il kratom, scientificamente noto come <em>Mitragyna speciosa<\/em>\u00e8 un albero tropicale sempreverde originario del sud-est asiatico. \u00c8 stato utilizzato per secoli grazie alle sue propriet\u00e0 medicinali. La polvere di Kratom premium, in particolare quella ad alto contenuto di mitraginina, come la 1-7%, offre una qualit\u00e0 eccezionale che si distingue sul mercato. Elevate il vostro benessere con la polvere di Kratom premium e scoprite un modo naturale per migliorare la qualit\u00e0 della vostra vita.<\/p>","protected":false},"featured_media":418,"comment_status":"closed","ping_status":"closed","template":"","meta":{"_seopress_robots_primary_cat":"none","_seopress_titles_title":"Buy Premium Kratom Powder 1.7% with High Mitragyna at Sense a Delic","_seopress_titles_desc":"Experience an intense, pleasurable thrill with our unique blend of strongest Premium Kratom Powder 1.7%. Discover a natural way to enhance your quality of life.","_seopress_robots_index":""},"product_brand":[],"product_cat":[46],"product_tag":[],"class_list":{"0":"post-412","1":"product","2":"type-product","3":"status-publish","4":"has-post-thumbnail","6":"product_cat-premium-kratom-powder","8":"first","9":"outofstock","10":"taxable","11":"shipping-taxable","12":"purchasable","13":"product-type-variable","14":"has-default-attributes"},"_links":{"self":[{"href":"https:\/\/senseadelic.com\/it\/wp-json\/wp\/v2\/product\/412","targetHints":{"allow":["GET"]}}],"collection":[{"href":"https:\/\/senseadelic.com\/it\/wp-json\/wp\/v2\/product"}],"about":[{"href":"https:\/\/senseadelic.com\/it\/wp-json\/wp\/v2\/types\/product"}],"replies":[{"embeddable":true,"href":"https:\/\/senseadelic.com\/it\/wp-json\/wp\/v2\/comments?post=412"}],"version-history":[{"count":0,"href":"https:\/\/senseadelic.com\/it\/wp-json\/wp\/v2\/product\/412\/revisions"}],"wp:featuredmedia":[{"embeddable":true,"href":"https:\/\/senseadelic.com\/it\/wp-json\/wp\/v2\/media\/418"}],"wp:attachment":[{"href":"https:\/\/senseadelic.com\/it\/wp-json\/wp\/v2\/media?parent=412"}],"wp:term":[{"taxonomy":"product_brand","embeddable":true,"href":"https:\/\/senseadelic.com\/it\/wp-json\/wp\/v2\/product_brand?post=412"},{"taxonomy":"product_cat","embeddable":true,"href":"https:\/\/senseadelic.com\/it\/wp-json\/wp\/v2\/product_cat?post=412"},{"taxonomy":"product_tag","embeddable":true,"href":"https:\/\/senseadelic.com\/it\/wp-json\/wp\/v2\/product_tag?post=412"}],"curies":[{"name":"wp","href":"https:\/\/api.w.org\/{rel}","templated":true}]}}