{"id":67,"date":"2023-12-27T00:48:46","date_gmt":"2023-12-27T00:48:46","guid":{"rendered":"https:\/\/live3.senseadelic.com\/?post_type=product&#038;p=67"},"modified":"2024-09-26T12:20:29","modified_gmt":"2024-09-26T12:20:29","slug":"affilato","status":"publish","type":"product","link":"https:\/\/senseadelic.com\/it\/shop\/stimulants-supplies\/sharp\/","title":{"rendered":"Affilato"},"content":{"rendered":"","protected":false},"excerpt":{"rendered":"<p>SHARP \u00e8 simile al nostro prodotto di punta, RUSH, in quanto contiene lo stesso principio attivo. Permette agli utenti di raggiungere il loro massimo potenziale con solo mezzo pellet. \u00c8 ideale per chi vuole migliorare le proprie capacit\u00e0 mentali e rimanere concentrato, perch\u00e9 aiuta a eliminare le distrazioni esterne.<\/p>\n<p>Con SHARP, la vostra mente sar\u00e0 pi\u00f9 acuta che mai, consentendovi di raggiungere qualsiasi obiettivo prefissato.<\/p>","protected":false},"featured_media":103,"comment_status":"closed","ping_status":"closed","template":"","meta":{"_seopress_robots_primary_cat":"none","_seopress_titles_title":"Elevate Your Focus with Sharp Stimulants - Sense a Delic","_seopress_titles_desc":"Stay focused with Sense a Delic's premium Sharp Stimulants. Perfect for mental clarity and concentration. Shop now for unparalleled results!","_seopress_robots_index":""},"product_brand":[],"product_cat":[21],"product_tag":[81],"class_list":{"0":"post-67","1":"product","2":"type-product","3":"status-publish","4":"has-post-thumbnail","6":"product_cat-stimulants-supplies","7":"product_tag-4f-mph","9":"first","10":"outofstock","11":"taxable","12":"shipping-taxable","13":"purchasable","14":"product-type-variable","15":"has-default-attributes"},"_links":{"self":[{"href":"https:\/\/senseadelic.com\/it\/wp-json\/wp\/v2\/product\/67","targetHints":{"allow":["GET"]}}],"collection":[{"href":"https:\/\/senseadelic.com\/it\/wp-json\/wp\/v2\/product"}],"about":[{"href":"https:\/\/senseadelic.com\/it\/wp-json\/wp\/v2\/types\/product"}],"replies":[{"embeddable":true,"href":"https:\/\/senseadelic.com\/it\/wp-json\/wp\/v2\/comments?post=67"}],"version-history":[{"count":0,"href":"https:\/\/senseadelic.com\/it\/wp-json\/wp\/v2\/product\/67\/revisions"}],"wp:featuredmedia":[{"embeddable":true,"href":"https:\/\/senseadelic.com\/it\/wp-json\/wp\/v2\/media\/103"}],"wp:attachment":[{"href":"https:\/\/senseadelic.com\/it\/wp-json\/wp\/v2\/media?parent=67"}],"wp:term":[{"taxonomy":"product_brand","embeddable":true,"href":"https:\/\/senseadelic.com\/it\/wp-json\/wp\/v2\/product_brand?post=67"},{"taxonomy":"product_cat","embeddable":true,"href":"https:\/\/senseadelic.com\/it\/wp-json\/wp\/v2\/product_cat?post=67"},{"taxonomy":"product_tag","embeddable":true,"href":"https:\/\/senseadelic.com\/it\/wp-json\/wp\/v2\/product_tag?post=67"}],"curies":[{"name":"wp","href":"https:\/\/api.w.org\/{rel}","templated":true}]}}