{"id":1059,"date":"2024-01-05T01:22:57","date_gmt":"2024-01-05T01:22:57","guid":{"rendered":"https:\/\/live5.senseadelic.com\/?page_id=1059"},"modified":"2024-08-09T11:01:44","modified_gmt":"2024-08-09T11:01:44","slug":"mapa-do-sitio","status":"publish","type":"page","link":"https:\/\/senseadelic.com\/pt\/sitemap\/","title":{"rendered":"Mapa do s\u00edtio"},"content":{"rendered":"<div data-elementor-type=\"wp-page\" data-elementor-id=\"1059\" class=\"elementor elementor-1059\" data-elementor-post-type=\"page\">\n\t\t\t\t<div class=\"elementor-element elementor-element-8dfc2d4 e-flex e-con-boxed e-con e-parent\" data-id=\"8dfc2d4\" data-element_type=\"container\" data-e-type=\"container\">\n\t\t\t\t\t<div class=\"e-con-inner\">\n\t\t\t\t<div class=\"elementor-element elementor-element-2e32ffb page-title elementor-widget elementor-widget-heading\" data-id=\"2e32ffb\" data-element_type=\"widget\" data-e-type=\"widget\" data-widget_type=\"heading.default\">\n\t\t\t\t\t<h1 class=\"elementor-heading-title elementor-size-default\">Mapa do site Smart Shop Sense a Deleic<\/h1>\t\t\t\t<\/div>\n\t\t\t\t\t<\/div>\n\t\t\t\t<\/div>\n\t\t<div class=\"elementor-element elementor-element-928aaeb e-flex e-con-boxed e-con e-parent\" data-id=\"928aaeb\" data-element_type=\"container\" data-e-type=\"container\">\n\t\t\t\t\t<div class=\"e-con-inner\">\n\t\t<div class=\"elementor-element elementor-element-4a614e7 e-con-full e-flex e-con e-child\" data-id=\"4a614e7\" data-element_type=\"container\" data-e-type=\"container\">\n\t\t\t\t<div class=\"elementor-element elementor-element-d5dc22d sitemapstyling elementor-widget elementor-widget-sitemap\" data-id=\"d5dc22d\" data-element_type=\"widget\" data-e-type=\"widget\" data-widget_type=\"sitemap.default\">\n\t\t\t\t\t<div class=\"elementor-sitemap-wrap\"><div class=\"elementor-sitemap-section\"><h2 class=\"elementor-sitemap-title elementor-sitemap-page-title\">P\u00e1ginas<\/h2><ul class=\"elementor-sitemap-list elementor-sitemap-page-list\"><li class=\"elementor-sitemap-item elementor-sitemap-item-page page_item page-item-43081\"><a href=\"https:\/\/senseadelic.com\/pt\/sense-a-delic-2026\/\">Sense A Delic - 2026<\/a><\/li><li class=\"elementor-sitemap-item elementor-sitemap-item-page page_item page-item-1021\"><a href=\"https:\/\/senseadelic.com\/pt\/\">Sense A Delic<\/a><\/li><li class=\"elementor-sitemap-item elementor-sitemap-item-page page_item page-item-1236\"><a href=\"https:\/\/senseadelic.com\/pt\/about-smart-shop-sense-a-delic\/\">Sobre a Smart Shop Sense a Delic<\/a><\/li><li class=\"elementor-sitemap-item elementor-sitemap-item-page page_item page-item-25\"><a href=\"https:\/\/senseadelic.com\/pt\/shop\/\">Loja<\/a><\/li><li class=\"elementor-sitemap-item elementor-sitemap-item-page page_item page-item-34570\"><a href=\"https:\/\/senseadelic.com\/pt\/products-information\/\">Informa\u00e7\u00f5es sobre os produtos<\/a><\/li><li class=\"elementor-sitemap-item elementor-sitemap-item-page page_item page-item-902\"><a href=\"https:\/\/senseadelic.com\/pt\/products-on-sale\/\">Produtos \u00e0 venda<\/a><\/li><li class=\"elementor-sitemap-item elementor-sitemap-item-page page_item page-item-820 current_page_parent\"><a href=\"https:\/\/senseadelic.com\/pt\/blog\/\">Blog<\/a><\/li><li class=\"elementor-sitemap-item elementor-sitemap-item-page page_item page-item-513\"><a href=\"https:\/\/senseadelic.com\/pt\/frequently-asked-questions\/\">Perguntas frequentes<\/a><\/li><li class=\"elementor-sitemap-item elementor-sitemap-item-page page_item page-item-818\"><a href=\"https:\/\/senseadelic.com\/pt\/contact-us\/\">Contactar-nos<\/a><\/li><li class=\"elementor-sitemap-item elementor-sitemap-item-page page_item page-item-26\"><a href=\"https:\/\/senseadelic.com\/pt\/shopping-basket\/\">Cesto de compras<\/a><\/li><li class=\"elementor-sitemap-item elementor-sitemap-item-page page_item page-item-27\"><a href=\"https:\/\/senseadelic.com\/pt\/checkout-page\/\">P\u00e1gina de checkout<\/a><\/li><li class=\"elementor-sitemap-item elementor-sitemap-item-page page_item page-item-1495\"><a href=\"https:\/\/senseadelic.com\/pt\/order-invoice-page\/\">P\u00e1gina da fatura de encomenda<\/a><\/li><li class=\"elementor-sitemap-item elementor-sitemap-item-page page_item page-item-28\"><a href=\"https:\/\/senseadelic.com\/pt\/my-account\/\">A minha conta<\/a><\/li><li class=\"elementor-sitemap-item elementor-sitemap-item-page page_item page-item-842\"><a href=\"https:\/\/senseadelic.com\/pt\/order-tracking\/\">Rastreamento de Pedido<\/a><\/li><li class=\"elementor-sitemap-item elementor-sitemap-item-page page_item page-item-1075\"><a href=\"https:\/\/senseadelic.com\/pt\/terms-and-conditions\/\">Termos e condi\u00e7\u00f5es<\/a><\/li><li class=\"elementor-sitemap-item elementor-sitemap-item-page page_item page-item-1076\"><a href=\"https:\/\/senseadelic.com\/pt\/privacy-policy\/\">Pol\u00edtica de privacidade<\/a><\/li><li class=\"elementor-sitemap-item elementor-sitemap-item-page page_item page-item-1082\"><a href=\"https:\/\/senseadelic.com\/pt\/health-disclaimer\/\">Aviso de Sa\u00fade<\/a><\/li><li class=\"elementor-sitemap-item elementor-sitemap-item-page page_item page-item-1059\"><a href=\"https:\/\/senseadelic.com\/pt\/sitemap\/\">Mapa do s\u00edtio<\/a><\/li><li class=\"elementor-sitemap-item elementor-sitemap-item-page page_item page-item-10039\"><a href=\"https:\/\/senseadelic.com\/pt\/html-sitemap\/\">Mapa do site HTML<\/a><\/li><li class=\"elementor-sitemap-item elementor-sitemap-item-page page_item page-item-8176\"><a href=\"https:\/\/senseadelic.com\/pt\/unsubscribe\/\">Cancelar a subscri\u00e7\u00e3o<\/a><\/li><\/ul><\/div><div class=\"elementor-sitemap-section\"><h2 class=\"elementor-sitemap-title elementor-sitemap-category-title\">Categorias de publica\u00e7\u00f5es<\/h2><ul class=\"elementor-sitemap-list elementor-sitemap-category-list\">\t<li class=\"elementor-sitemap-item elementor-sitemap-item-category cat-item cat-item-62\"><a href=\"https:\/\/senseadelic.com\/pt\/category\/magic-mushrooms\/\">Cogumelos m\u00e1gicos<\/a>\n<\/li>\n\t<li class=\"elementor-sitemap-item elementor-sitemap-item-category cat-item cat-item-63\"><a href=\"https:\/\/senseadelic.com\/pt\/category\/mushrooms\/\">Cogumelos<\/a>\n<\/li>\n\t<li class=\"elementor-sitemap-item elementor-sitemap-item-category cat-item cat-item-69\"><a href=\"https:\/\/senseadelic.com\/pt\/category\/health\/\">Sa\u00fade<\/a>\n<\/li>\n\t<li class=\"elementor-sitemap-item elementor-sitemap-item-category cat-item cat-item-71\"><a href=\"https:\/\/senseadelic.com\/pt\/category\/smartshops\/\">Lojas inteligentes<\/a>\n<\/li>\n\t<li class=\"elementor-sitemap-item elementor-sitemap-item-category cat-item cat-item-77\"><a href=\"https:\/\/senseadelic.com\/pt\/category\/information\/\">Informa\u00e7\u00f5es<\/a>\n<\/li>\n\t<li class=\"elementor-sitemap-item elementor-sitemap-item-category cat-item cat-item-78\"><a href=\"https:\/\/senseadelic.com\/pt\/category\/hhc\/\">HHC<\/a>\n<\/li>\n<\/ul><\/div><div class=\"elementor-sitemap-section\"><h2 class=\"elementor-sitemap-title elementor-sitemap-post-title\">Postos<\/h2><ul class=\"elementor-sitemap-list elementor-sitemap-post-list\"><li class=\"elementor-sitemap-item elementor-sitemap-item-post page_item page-item-2102\"><a href=\"https:\/\/senseadelic.com\/pt\/smartshops-the-world-of-legal-psychoactive-substances\/\">SmartShops o mundo das subst\u00e2ncias psicoactivas legais<\/a><\/li><li class=\"elementor-sitemap-item elementor-sitemap-item-post page_item page-item-6469\"><a href=\"https:\/\/senseadelic.com\/pt\/your-info-guide-to-shamanic-snuff\/\">O seu guia informativo para o rap\u00e9 xam\u00e2nico<\/a><\/li><li class=\"elementor-sitemap-item elementor-sitemap-item-post page_item page-item-5958\"><a href=\"https:\/\/senseadelic.com\/pt\/discover-hhc-gummies-at-sense-a-delic-smart-shop\/\">Descubra as HHC Gummies na Sense a Delic Smart Shop<\/a><\/li><li class=\"elementor-sitemap-item elementor-sitemap-item-post page_item page-item-1896\"><a href=\"https:\/\/senseadelic.com\/pt\/a-guide-to-cbd-oil\/\">Um guia para o \u00f3leo CBD<\/a><\/li><li class=\"elementor-sitemap-item elementor-sitemap-item-post page_item page-item-6010\"><a href=\"https:\/\/senseadelic.com\/pt\/the-ultimate-guide-to-hhc-vapes\/\">O melhor guia para os vapores HHC Elevar a sua experi\u00eancia<\/a><\/li><li class=\"elementor-sitemap-item elementor-sitemap-item-post page_item page-item-8325\"><a href=\"https:\/\/senseadelic.com\/pt\/the-remarkable-benefits-of-cbd-oil-information\/\">Informa\u00e7\u00f5es sobre os benef\u00edcios not\u00e1veis do \u00f3leo CBD<\/a><\/li><li class=\"elementor-sitemap-item elementor-sitemap-item-post page_item page-item-5808\"><a href=\"https:\/\/senseadelic.com\/pt\/premium-kratom-powder-guide\/\">Guia da Kratom em P\u00f3 Premium<\/a><\/li><li class=\"elementor-sitemap-item elementor-sitemap-item-post page_item page-item-6323\"><a href=\"https:\/\/senseadelic.com\/pt\/research-chemicals-of-psychoactive-substances\/\">Qu\u00edmicos de investiga\u00e7\u00e3o de subst\u00e2ncias psicoactivas<\/a><\/li><li class=\"elementor-sitemap-item elementor-sitemap-item-post page_item page-item-5843\"><a href=\"https:\/\/senseadelic.com\/pt\/the-emerging-trend-in-vaping-hhc-alternatives\/\">A tend\u00eancia emergente das alternativas de HHC para vaporiza\u00e7\u00e3o<\/a><\/li><li class=\"elementor-sitemap-item elementor-sitemap-item-post page_item page-item-1240\"><a href=\"https:\/\/senseadelic.com\/pt\/magic-mushrooms-a-psychedelic-trip-from-mother-nature\/\">Cogumelos m\u00e1gicos, uma viagem psicad\u00e9lica da M\u00e3e Natureza<\/a><\/li><li class=\"elementor-sitemap-item elementor-sitemap-item-post page_item page-item-1249\"><a href=\"https:\/\/senseadelic.com\/pt\/the-mystique-of-magic-truffles\/\">A m\u00edstica das trufas m\u00e1gicas<\/a><\/li><li class=\"elementor-sitemap-item elementor-sitemap-item-post page_item page-item-1253\"><a href=\"https:\/\/senseadelic.com\/pt\/amanita-muscaria-exploration\/\">Amanita Muscaria Explora\u00e7\u00e3o<\/a><\/li><li class=\"elementor-sitemap-item elementor-sitemap-item-post page_item page-item-15341\"><a href=\"https:\/\/senseadelic.com\/pt\/what-is-hhc-everything-you-need-to-know\/\">O que \u00e9 a HHC? Tudo o que precisa de saber<\/a><\/li><\/ul><\/div><div class=\"elementor-sitemap-section\"><h2 class=\"elementor-sitemap-title elementor-sitemap-product_cat-title\">Categorias de produtos<\/h2><ul class=\"elementor-sitemap-list elementor-sitemap-product_cat-list\">\t<li class=\"elementor-sitemap-item elementor-sitemap-item-product_cat cat-item cat-item-17\"><a href=\"https:\/\/senseadelic.com\/pt\/shop\/smoking-blends\/\">Misturas para fumar<\/a>\n<\/li>\n\t<li class=\"elementor-sitemap-item elementor-sitemap-item-product_cat cat-item cat-item-18\"><a href=\"https:\/\/senseadelic.com\/pt\/shop\/smoking-blends\/solid-blends\/\">Misturas s\u00f3lidas<\/a>\n<\/li>\n\t<li class=\"elementor-sitemap-item elementor-sitemap-item-product_cat cat-item cat-item-19\"><a href=\"https:\/\/senseadelic.com\/pt\/shop\/cbd-oil\/\">\u00d3leo CBD<\/a>\n<\/li>\n\t<li class=\"elementor-sitemap-item elementor-sitemap-item-product_cat cat-item cat-item-20\"><a href=\"https:\/\/senseadelic.com\/pt\/shop\/vapes-liquids\/\">Vapes L\u00edquidos<\/a>\n<\/li>\n\t<li class=\"elementor-sitemap-item elementor-sitemap-item-product_cat cat-item cat-item-21\"><a href=\"https:\/\/senseadelic.com\/pt\/shop\/stimulants-supplies\/\">Fornecimentos de estimulantes<\/a>\n<\/li>\n\t<li class=\"elementor-sitemap-item elementor-sitemap-item-product_cat cat-item cat-item-28\"><a href=\"https:\/\/senseadelic.com\/pt\/shop\/hhc-vapes\/\">Vapes de HHC<\/a>\n<\/li>\n\t<li class=\"elementor-sitemap-item elementor-sitemap-item-product_cat cat-item cat-item-29\"><a href=\"https:\/\/senseadelic.com\/pt\/shop\/smoking-blends\/herbal-blends\/\">Misturas de ervas<\/a>\n<\/li>\n\t<li class=\"elementor-sitemap-item elementor-sitemap-item-product_cat cat-item cat-item-34\"><a href=\"https:\/\/senseadelic.com\/pt\/shop\/magic-mushrooms\/\">Cogumelos m\u00e1gicos<\/a>\n<\/li>\n\t<li class=\"elementor-sitemap-item elementor-sitemap-item-product_cat cat-item cat-item-35\"><a href=\"https:\/\/senseadelic.com\/pt\/shop\/psychedelics-supplies\/\">Suprimentos psicad\u00e9licos<\/a>\n<\/li>\n\t<li class=\"elementor-sitemap-item elementor-sitemap-item-product_cat cat-item cat-item-36\"><a href=\"https:\/\/senseadelic.com\/pt\/shop\/hhc-gummies\/\">HHC Gummies<\/a>\n<\/li>\n\t<li class=\"elementor-sitemap-item elementor-sitemap-item-product_cat cat-item cat-item-45\"><a href=\"https:\/\/senseadelic.com\/pt\/shop\/cannabis\/\">Cannabis<\/a>\n<\/li>\n\t<li class=\"elementor-sitemap-item elementor-sitemap-item-product_cat cat-item cat-item-46\"><a href=\"https:\/\/senseadelic.com\/pt\/shop\/premium-kratom-powder\/\">P\u00f3 de Kratom<\/a>\n<\/li>\n<\/ul><\/div><div class=\"elementor-sitemap-section\"><h2 class=\"elementor-sitemap-title elementor-sitemap-product_tag-title\">Etiquetas de produtos<\/h2><span class=\"elementor-sitemap-list elementor-sitemap-product_tag-list\">Nenhum<\/span><\/div><\/div>\t\t\t\t<\/div>\n\t\t\t\t<\/div>\n\t\t<div class=\"elementor-element elementor-element-6486fb7 e-con-full e-flex e-con e-child\" data-id=\"6486fb7\" data-element_type=\"container\" data-e-type=\"container\">\n\t\t\t\t<div class=\"elementor-element elementor-element-fdc5f89 sitemapstyling elementor-widget elementor-widget-sitemap\" data-id=\"fdc5f89\" data-element_type=\"widget\" data-e-type=\"widget\" data-widget_type=\"sitemap.default\">\n\t\t\t\t\t<div class=\"elementor-sitemap-wrap\"><div class=\"elementor-sitemap-section\"><h2 class=\"elementor-sitemap-title elementor-sitemap-product-title\">Produtos<\/h2><ul class=\"elementor-sitemap-list elementor-sitemap-product-list\"><li class=\"elementor-sitemap-item elementor-sitemap-item-product page_item page-item-137\"><a href=\"https:\/\/senseadelic.com\/pt\/shop\/smoking-blends\/herbal-blends\/dutch-orange-original\/\">Laranja holandesa Original<\/a><\/li><li class=\"elementor-sitemap-item elementor-sitemap-item-product page_item page-item-187\"><a href=\"https:\/\/senseadelic.com\/pt\/shop\/smoking-blends\/herbal-blends\/dutch-orange-extreme\/\">Laranja Holandesa Extreme<\/a><\/li><li class=\"elementor-sitemap-item elementor-sitemap-item-product page_item page-item-141\"><a href=\"https:\/\/senseadelic.com\/pt\/shop\/smoking-blends\/herbal-blends\/dutch-orange-supreme\/\">Laranja holandesa Supreme<\/a><\/li><li class=\"elementor-sitemap-item elementor-sitemap-item-product page_item page-item-139\"><a href=\"https:\/\/senseadelic.com\/pt\/shop\/smoking-blends\/herbal-blends\/dutch-orange-intense\/\">Laranja holandesa intensa<\/a><\/li><li class=\"elementor-sitemap-item elementor-sitemap-item-product page_item page-item-266\"><a href=\"https:\/\/senseadelic.com\/pt\/shop\/smoking-blends\/herbal-blends\/dutch-orange-long-lasting\/\">Laranja holandesa de longa dura\u00e7\u00e3o<\/a><\/li><li class=\"elementor-sitemap-item elementor-sitemap-item-product page_item page-item-14340\"><a href=\"https:\/\/senseadelic.com\/pt\/shop\/smoking-blends\/herbal-blends\/dutch-royale-sublime\/\">Dutch Royale Sublime<\/a><\/li><li class=\"elementor-sitemap-item elementor-sitemap-item-product page_item page-item-5184\"><a href=\"https:\/\/senseadelic.com\/pt\/shop\/smoking-blends\/herbal-blends\/dutch-royale-elite-herbal-blend\/\">Mistura de ervas Dutch Royale Elite<\/a><\/li><li class=\"elementor-sitemap-item elementor-sitemap-item-product page_item page-item-5191\"><a href=\"https:\/\/senseadelic.com\/pt\/shop\/smoking-blends\/herbal-blends\/elixir-herbal-blend\/\">Mistura de ervas Elixir<\/a><\/li><li class=\"elementor-sitemap-item elementor-sitemap-item-product page_item page-item-180\"><a href=\"https:\/\/senseadelic.com\/pt\/shop\/smoking-blends\/herbal-blends\/dutch-royale-platinium\/\">Platinium Royale holand\u00eas<\/a><\/li><li class=\"elementor-sitemap-item elementor-sitemap-item-product page_item page-item-145\"><a href=\"https:\/\/senseadelic.com\/pt\/shop\/smoking-blends\/herbal-blends\/dutch-royale-imperial\/\">Dutch Royale Imperial<\/a><\/li><li class=\"elementor-sitemap-item elementor-sitemap-item-product page_item page-item-143\"><a href=\"https:\/\/senseadelic.com\/pt\/shop\/smoking-blends\/herbal-blends\/dutch-royale-suave\/\">Dutch Royale Suave<\/a><\/li><li class=\"elementor-sitemap-item elementor-sitemap-item-product page_item page-item-182\"><a href=\"https:\/\/senseadelic.com\/pt\/shop\/smoking-blends\/herbal-blends\/ganja\/\">Mistura de ervas de qualidade superior Ganja<\/a><\/li><\/ul><\/div><\/div>\t\t\t\t<\/div>\n\t\t\t\t<\/div>\n\t\t\t\t\t<\/div>\n\t\t\t\t<\/div>\n\t\t\t\t<\/div>","protected":false},"excerpt":{"rendered":"<p>Mapa do site Smart Shop Sense a Deleic<\/p>","protected":false},"author":1,"featured_media":0,"parent":0,"menu_order":60,"comment_status":"closed","ping_status":"closed","template":"","meta":{"_seopress_robots_primary_cat":"","_seopress_titles_title":"Smart Shopping Sitemap Navigate Deals with Ease","_seopress_titles_desc":"Navigate through Sense a Delic's website with ease. Our sitemap lets you explore all our offerings in one place. Dive in now!","_seopress_robots_index":"","footnotes":""},"class_list":["post-1059","page","type-page","status-publish"],"_links":{"self":[{"href":"https:\/\/senseadelic.com\/pt\/wp-json\/wp\/v2\/pages\/1059","targetHints":{"allow":["GET"]}}],"collection":[{"href":"https:\/\/senseadelic.com\/pt\/wp-json\/wp\/v2\/pages"}],"about":[{"href":"https:\/\/senseadelic.com\/pt\/wp-json\/wp\/v2\/types\/page"}],"author":[{"embeddable":true,"href":"https:\/\/senseadelic.com\/pt\/wp-json\/wp\/v2\/users\/1"}],"replies":[{"embeddable":true,"href":"https:\/\/senseadelic.com\/pt\/wp-json\/wp\/v2\/comments?post=1059"}],"version-history":[{"count":0,"href":"https:\/\/senseadelic.com\/pt\/wp-json\/wp\/v2\/pages\/1059\/revisions"}],"wp:attachment":[{"href":"https:\/\/senseadelic.com\/pt\/wp-json\/wp\/v2\/media?parent=1059"}],"curies":[{"name":"wp","href":"https:\/\/api.w.org\/{rel}","templated":true}]}}