{"id":1075,"date":"2024-01-05T01:58:20","date_gmt":"2024-01-05T01:58:20","guid":{"rendered":"https:\/\/live5.senseadelic.com\/?page_id=1075"},"modified":"2024-06-17T16:37:41","modified_gmt":"2024-06-17T16:37:41","slug":"termos-e-condicoes","status":"publish","type":"page","link":"https:\/\/senseadelic.com\/pt\/terms-and-conditions\/","title":{"rendered":"Termos e condi\u00e7\u00f5es"},"content":{"rendered":"<div data-elementor-type=\"wp-page\" data-elementor-id=\"1075\" class=\"elementor elementor-1075\" data-elementor-post-type=\"page\">\n\t\t\t\t<div class=\"elementor-element elementor-element-3e0cd1a e-flex e-con-boxed e-con e-parent\" data-id=\"3e0cd1a\" data-element_type=\"container\" data-e-type=\"container\">\n\t\t\t\t\t<div class=\"e-con-inner\">\n\t\t<div class=\"elementor-element elementor-element-32bcc45 e-con-full e-flex e-con e-child\" data-id=\"32bcc45\" data-element_type=\"container\" data-e-type=\"container\">\n\t\t\t\t<div class=\"elementor-element elementor-element-db5faec page-title elementor-widget elementor-widget-heading\" data-id=\"db5faec\" data-element_type=\"widget\" data-e-type=\"widget\" data-widget_type=\"heading.default\">\n\t\t\t\t\t<h1 class=\"elementor-heading-title elementor-size-default\">Termos e condi\u00e7\u00f5es<\/h1>\t\t\t\t<\/div>\n\t\t\t\t<div class=\"elementor-element elementor-element-82b4952 blog-text-contend elementor-widget elementor-widget-text-editor\" data-id=\"82b4952\" data-element_type=\"widget\" data-e-type=\"widget\" data-widget_type=\"text-editor.default\">\n\t\t\t\t\t\t\t\t\t<p>Estes termos e condi\u00e7\u00f5es descrevem as regras e regulamentos para a utiliza\u00e7\u00e3o do s\u00edtio Web da Sense a Delic, localizado em https:\/\/senseadelic.com.<\/p><p>Ao aceder a este website, assumimos que aceita estes termos e condi\u00e7\u00f5es. N\u00e3o utilize a senseadelic.com se n\u00e3o concordar com todos os termos e condi\u00e7\u00f5es indicados nesta p\u00e1gina.<\/p><p>A seguinte terminologia aplica-se aos presentes Termos e Condi\u00e7\u00f5es, Declara\u00e7\u00e3o de Privacidade e Aviso de Exonera\u00e7\u00e3o de Responsabilidade e a todos os Acordos: \"Cliente\", \"Voc\u00ea\" e \"Seu\" referem-se a si, a pessoa que acede a este s\u00edtio Web e que est\u00e1 em conformidade com os termos e condi\u00e7\u00f5es da Empresa. \"A Empresa\", \"N\u00f3s\", \"N\u00f3s\", \"Nosso\" e \"N\u00f3s\", refere-se \u00e0 nossa Empresa. \"Parte\", \"Partes\", ou \"N\u00f3s\", refere-se tanto ao Cliente como a n\u00f3s pr\u00f3prios. Todos os termos se referem \u00e0 oferta, aceita\u00e7\u00e3o e considera\u00e7\u00e3o do pagamento necess\u00e1rio para levar a cabo o processo da nossa assist\u00eancia ao Cliente da forma mais adequada com o objetivo expresso de satisfazer as necessidades do Cliente no que diz respeito \u00e0 presta\u00e7\u00e3o dos servi\u00e7os declarados da Empresa, de acordo com e sujeito \u00e0 legisla\u00e7\u00e3o em vigor em Portugal. Qualquer uso da terminologia acima ou outras palavras no singular, plural, capitaliza\u00e7\u00e3o e\/ou ele\/ela ou eles, s\u00e3o tomados como intercambi\u00e1veis e, portanto, como se referindo ao mesmo.<\/p><h3><strong>Biscoitos<\/strong><\/h3><p>Utilizamos cookies. Ao aceder a senseadelic.com, o utilizador concorda com a utiliza\u00e7\u00e3o de cookies de acordo com a Pol\u00edtica de Privacidade da Sense a Delic.<\/p><p>A maioria dos s\u00edtios Web interactivos utiliza cookies para nos permitir recuperar os dados do utilizador em cada visita. O nosso s\u00edtio Web utiliza cookies para permitir a funcionalidade de determinadas \u00e1reas e facilitar a visita das pessoas ao nosso s\u00edtio Web. Alguns dos nossos parceiros afiliados\/publicit\u00e1rios tamb\u00e9m podem utilizar cookies.<\/p><h3><strong>Licen\u00e7a<\/strong><\/h3><p>Salvo indica\u00e7\u00e3o em contr\u00e1rio, a Sense a Delic e\/ou os seus licenciantes det\u00eam os direitos de propriedade intelectual de todo o material do site senseadelic.com. Todos os direitos de propriedade intelectual s\u00e3o reservados. O utilizador pode aceder a este material a partir da senseadelic.com para seu uso pessoal, sujeito \u00e0s restri\u00e7\u00f5es estabelecidas nestes termos e condi\u00e7\u00f5es.<\/p><p>N\u00e3o pode:<\/p><ul><li>Republicar material de senseadelic.com<\/li><li>Vender, alugar ou sublicenciar material da senseadelic.com<\/li><li>Reproduzir, duplicar ou copiar material da senseadelic.com<\/li><li>Redistribuir conte\u00fado da senseadelic.com<\/li><\/ul><p><br \/>Partes deste website oferecem uma oportunidade para os utilizadores colocarem e trocarem opini\u00f5es e informa\u00e7\u00f5es em certas \u00e1reas do website. A Sense a Delic n\u00e3o filtra, edita, publica ou rev\u00ea os coment\u00e1rios antes da sua presen\u00e7a no s\u00edtio Web. Os coment\u00e1rios n\u00e3o reflectem os pontos de vista e opini\u00f5es da Sense a Delic, dos seus agentes e\/ou afiliados. Os coment\u00e1rios reflectem os pontos de vista e opini\u00f5es da pessoa que os publica. Na medida do permitido pelas leis aplic\u00e1veis, a Sense a Delic n\u00e3o ser\u00e1 respons\u00e1vel pelos Coment\u00e1rios ou por qualquer responsabilidade, danos ou despesas causados e\/ou sofridos como resultado de qualquer uso e\/ou publica\u00e7\u00e3o e\/ou aparecimento dos Coment\u00e1rios neste s\u00edtio Web.<\/p><p>A Sense a Delic reserva-se o direito de controlar todos os coment\u00e1rios e de remover quaisquer coment\u00e1rios que possam ser considerados inadequados, ofensivos ou que violem estes Termos e Condi\u00e7\u00f5es.<\/p><p>O utilizador garante e declara que:<\/p><ul><li>O utilizador tem o direito de publicar os Coment\u00e1rios no nosso s\u00edtio Web e possui todas as licen\u00e7as e autoriza\u00e7\u00f5es necess\u00e1rias para o fazer;<\/li><li>Os Coment\u00e1rios n\u00e3o violam qualquer direito de propriedade intelectual, incluindo, sem limita\u00e7\u00e3o, direitos de autor, patentes ou marcas registadas de terceiros;<\/li><li>Os Coment\u00e1rios n\u00e3o cont\u00eam qualquer material difamat\u00f3rio, calunioso, ofensivo, indecente ou de outra forma ilegal que constitua uma invas\u00e3o de privacidade<\/li><li>Os Coment\u00e1rios n\u00e3o ser\u00e3o utilizados para solicitar ou promover neg\u00f3cios ou costumes ou apresentar actividades comerciais ou actividades ilegais.<\/li><\/ul><p><br \/>Por este meio, concede \u00e0 Sense a Delic uma licen\u00e7a n\u00e3o exclusiva para utilizar, reproduzir, editar e autorizar outros a utilizar, reproduzir e editar quaisquer dos seus Coment\u00e1rios em todas e quaisquer formas, formatos ou meios.<\/p><h3><strong>Hiperliga\u00e7\u00e3o ao nosso conte\u00fado<\/strong><\/h3><p>As seguintes organiza\u00e7\u00f5es podem estabelecer liga\u00e7\u00f5es ao nosso s\u00edtio Web sem autoriza\u00e7\u00e3o pr\u00e9via por escrito:<\/p><ul><li>Ag\u00eancias governamentais;<\/li><li>Motores de pesquisa;<\/li><li>Organiza\u00e7\u00f5es noticiosas;<\/li><li>Os distribuidores de direct\u00f3rios em linha podem estabelecer liga\u00e7\u00f5es ao nosso s\u00edtio Web da mesma forma que estabelecem hiperliga\u00e7\u00f5es para os s\u00edtios Web de outras empresas listadas; e<\/li><li>Empresas acreditadas em todo o sistema, exceto organiza\u00e7\u00f5es sem fins lucrativos, centros comerciais de benefic\u00eancia e grupos de angaria\u00e7\u00e3o de fundos de benefic\u00eancia que n\u00e3o podem estabelecer hiperliga\u00e7\u00f5es para o nosso s\u00edtio Web.<\/li><\/ul><p><br \/>Estas organiza\u00e7\u00f5es podem estabelecer liga\u00e7\u00f5es \u00e0 nossa p\u00e1gina inicial, a publica\u00e7\u00f5es ou a outras informa\u00e7\u00f5es do s\u00edtio Web, desde que a liga\u00e7\u00e3o (a) n\u00e3o seja de forma alguma enganadora; (b) n\u00e3o implique falsamente o patroc\u00ednio, o endosso ou a aprova\u00e7\u00e3o da parte que estabelece a liga\u00e7\u00e3o e dos seus produtos e\/ou servi\u00e7os; e (c) se enquadre no contexto do s\u00edtio da parte que estabelece a liga\u00e7\u00e3o.<\/p><p>Podemos considerar e aprovar outros pedidos de liga\u00e7\u00e3o dos seguintes tipos de organiza\u00e7\u00f5es:<\/p><ul><li>fontes de informa\u00e7\u00e3o comummente conhecidas dos consumidores e\/ou das empresas;<\/li><li>s\u00edtios comunit\u00e1rios dot.com;<\/li><li>associa\u00e7\u00f5es ou outros grupos representativos de institui\u00e7\u00f5es de solidariedade social;<\/li><li>distribuidores de direct\u00f3rios em linha;<\/li><li>portais de Internet;<\/li><li>empresas de contabilidade, advocacia e consultoria; e<\/li><li>institui\u00e7\u00f5es de ensino e associa\u00e7\u00f5es profissionais.<\/li><\/ul><p><br \/>Aprovaremos os pedidos de hiperliga\u00e7\u00e3o destas organiza\u00e7\u00f5es se decidirmos que: (a) a hiperliga\u00e7\u00e3o n\u00e3o nos daria uma imagem desfavor\u00e1vel de n\u00f3s pr\u00f3prios ou das nossas empresas acreditadas; (b) a organiza\u00e7\u00e3o n\u00e3o tem quaisquer registos negativos connosco; (c) o benef\u00edcio para n\u00f3s da visibilidade da hiperliga\u00e7\u00e3o compensa a aus\u00eancia do Sense a Delic; e (d) a hiperliga\u00e7\u00e3o est\u00e1 no contexto de informa\u00e7\u00f5es gerais sobre recursos.<\/p><p>Estas organiza\u00e7\u00f5es podem estabelecer liga\u00e7\u00f5es \u00e0 nossa p\u00e1gina inicial, desde que a liga\u00e7\u00e3o: (a) n\u00e3o seja de forma alguma enganadora; (b) n\u00e3o implique falsamente o patroc\u00ednio, o endosso ou a aprova\u00e7\u00e3o da parte que estabelece a liga\u00e7\u00e3o e dos seus produtos ou servi\u00e7os; e (c) se enquadre no contexto do s\u00edtio da parte que estabelece a liga\u00e7\u00e3o.<\/p><p>Se for uma das organiza\u00e7\u00f5es listadas no par\u00e1grafo 2 acima e estiver interessado em criar um link para o nosso s\u00edtio Web, deve informar-nos enviando um e-mail para Sense a Delic. Por favor, inclua o seu nome, o nome da sua organiza\u00e7\u00e3o, informa\u00e7\u00f5es de contacto, o URL do seu site, uma lista de quaisquer URLs a partir dos quais pretende ligar ao nosso site e uma lista dos URLs no nosso site aos quais gostaria de ligar. Aguarde 2-3 semanas por uma resposta.<\/p><p>As organiza\u00e7\u00f5es aprovadas podem criar hiperliga\u00e7\u00f5es para o nosso s\u00edtio Web da seguinte forma:<\/p><ul><li>Atrav\u00e9s da utiliza\u00e7\u00e3o da nossa denomina\u00e7\u00e3o social; ou<\/li><li>Atrav\u00e9s da utiliza\u00e7\u00e3o do localizador uniforme de recursos que est\u00e1 a ser ligado; ou<\/li><li>Atrav\u00e9s da utiliza\u00e7\u00e3o de qualquer outra descri\u00e7\u00e3o do nosso S\u00edtio Web que esteja a ser ligado e que fa\u00e7a sentido no contexto e formato do conte\u00fado do s\u00edtio da parte que estabelece a liga\u00e7\u00e3o.<\/li><\/ul><p><br \/>N\u00e3o ser\u00e1 permitida a utiliza\u00e7\u00e3o do log\u00f3tipo da Sense a Delic ou de outro trabalho art\u00edstico para liga\u00e7\u00e3o sem um acordo de licen\u00e7a de marca registada.<\/p><h3><strong>iFrames<\/strong><\/h3><p>Sem aprova\u00e7\u00e3o pr\u00e9via e autoriza\u00e7\u00e3o por escrito, o utilizador n\u00e3o pode criar molduras em torno das nossas p\u00e1ginas Web que alterem de alguma forma a apresenta\u00e7\u00e3o visual ou o aspeto do nosso s\u00edtio Web.<\/p><h3><strong>Responsabilidade pelo conte\u00fado<\/strong><\/h3><p>N\u00e3o seremos respons\u00e1veis por qualquer conte\u00fado que apare\u00e7a no seu s\u00edtio Web. O utilizador concorda em proteger-nos e defender-nos contra todas as reclama\u00e7\u00f5es que surjam no seu s\u00edtio Web. N\u00e3o devem aparecer liga\u00e7\u00f5es em nenhum s\u00edtio Web que possam ser interpretadas como difamat\u00f3rias, obscenas ou criminosas, ou que infrinjam, violem ou defendam a infra\u00e7\u00e3o ou outra viola\u00e7\u00e3o de quaisquer direitos de terceiros.<\/p><h3><strong>Reserva de direitos<\/strong><\/h3><p>Reservamo-nos o direito de solicitar a remo\u00e7\u00e3o de todas as liga\u00e7\u00f5es ou de qualquer liga\u00e7\u00e3o espec\u00edfica ao nosso s\u00edtio Web. O utilizador aprova a remo\u00e7\u00e3o imediata de todas as liga\u00e7\u00f5es ao nosso s\u00edtio Web mediante pedido. Tamb\u00e9m nos reservamos o direito de alterar estes termos e condi\u00e7\u00f5es e a sua pol\u00edtica de liga\u00e7\u00e3o em qualquer altura. Ao estabelecer continuamente uma liga\u00e7\u00e3o ao nosso s\u00edtio Web, o utilizador concorda em respeitar e seguir estes termos e condi\u00e7\u00f5es de liga\u00e7\u00e3o.<\/p><h3><strong>Remo\u00e7\u00e3o de liga\u00e7\u00f5es do nosso s\u00edtio Web<\/strong><\/h3><p>Se encontrar uma hiperliga\u00e7\u00e3o no nosso s\u00edtio Web que seja ofensiva por qualquer motivo, pode contactar-nos e informar-nos a qualquer momento. Teremos em conta os pedidos de remo\u00e7\u00e3o de liga\u00e7\u00f5es, mas n\u00e3o somos obrigados a faz\u00ea-lo ou a responder-lhe diretamente.<\/p><p>N\u00e3o garantimos que as informa\u00e7\u00f5es contidas neste s\u00edtio Web estejam correctas, n\u00e3o garantimos a sua exaustividade ou exatid\u00e3o; nem prometemos garantir que o s\u00edtio Web permane\u00e7a dispon\u00edvel ou que o material no s\u00edtio Web seja mantido atualizado.<\/p><h3><strong>Declara\u00e7\u00e3o de exonera\u00e7\u00e3o de responsabilidade<\/strong><\/h3><p>Na medida m\u00e1xima permitida pela legisla\u00e7\u00e3o aplic\u00e1vel, exclu\u00edmos todas as representa\u00e7\u00f5es, garantias e condi\u00e7\u00f5es relacionadas com o nosso s\u00edtio Web e a utiliza\u00e7\u00e3o do mesmo. Nada nesta declara\u00e7\u00e3o de exonera\u00e7\u00e3o de responsabilidade ser\u00e1:<\/p><ul><li>limitar ou excluir a nossa ou a sua responsabilidade por morte ou danos pessoais;<\/li><li>limitar ou excluir a nossa ou a sua responsabilidade por fraude ou falsas declara\u00e7\u00f5es fraudulentas;<\/li><li>limitar qualquer uma das nossas ou das suas responsabilidades de qualquer forma que n\u00e3o seja permitida pela lei aplic\u00e1vel; ou<\/li><li>excluir qualquer responsabilidade nossa ou do utilizador que n\u00e3o possa ser exclu\u00edda ao abrigo da legisla\u00e7\u00e3o aplic\u00e1vel.<\/li><\/ul><p><br \/>As limita\u00e7\u00f5es e proibi\u00e7\u00f5es de responsabilidade estabelecidas nesta sec\u00e7\u00e3o e noutras partes da presente declara\u00e7\u00e3o de exonera\u00e7\u00e3o de responsabilidade: (a) est\u00e3o sujeitas ao par\u00e1grafo anterior; e (b) regem todas as responsabilidades decorrentes da declara\u00e7\u00e3o de exonera\u00e7\u00e3o de responsabilidade, incluindo as responsabilidades decorrentes de contrato, de ato il\u00edcito e de viola\u00e7\u00e3o de deveres legais.<\/p><p>Enquanto o s\u00edtio Web e as informa\u00e7\u00f5es e servi\u00e7os nele contidos forem fornecidos gratuitamente, n\u00e3o seremos respons\u00e1veis por quaisquer perdas ou danos de qualquer natureza.<\/p>\t\t\t\t\t\t\t\t<\/div>\n\t\t\t\t<\/div>\n\t\t\t\t\t<\/div>\n\t\t\t\t<\/div>\n\t\t\t\t<\/div>","protected":false},"excerpt":{"rendered":"<p>These terms and conditions outline the rules and regulations for using Sense a Delic\u2019s Website, located at https:\/\/senseadelic.com. By accessing this website, we assume you accept these terms and conditions. Do not use senseadelic.com if you do not agree to take all of the terms and conditions stated on this page. The following terminology applies [&hellip;]<\/p>\n","protected":false},"author":1,"featured_media":0,"parent":0,"menu_order":40,"comment_status":"closed","ping_status":"closed","template":"","meta":{"_seopress_robots_primary_cat":"","_seopress_titles_title":"Explore Sense a Delic's Terms of Use for Website Access","_seopress_titles_desc":"Discover our terms and conditions. Accessing senseadelic.com shows your acceptance. To use our site, you must agree with our terms and respect our privacy policy.","_seopress_robots_index":"","footnotes":""},"class_list":["post-1075","page","type-page","status-publish"],"_links":{"self":[{"href":"https:\/\/senseadelic.com\/pt\/wp-json\/wp\/v2\/pages\/1075","targetHints":{"allow":["GET"]}}],"collection":[{"href":"https:\/\/senseadelic.com\/pt\/wp-json\/wp\/v2\/pages"}],"about":[{"href":"https:\/\/senseadelic.com\/pt\/wp-json\/wp\/v2\/types\/page"}],"author":[{"embeddable":true,"href":"https:\/\/senseadelic.com\/pt\/wp-json\/wp\/v2\/users\/1"}],"replies":[{"embeddable":true,"href":"https:\/\/senseadelic.com\/pt\/wp-json\/wp\/v2\/comments?post=1075"}],"version-history":[{"count":0,"href":"https:\/\/senseadelic.com\/pt\/wp-json\/wp\/v2\/pages\/1075\/revisions"}],"wp:attachment":[{"href":"https:\/\/senseadelic.com\/pt\/wp-json\/wp\/v2\/media?parent=1075"}],"curies":[{"name":"wp","href":"https:\/\/api.w.org\/{rel}","templated":true}]}}