{"id":1082,"date":"2024-01-05T02:01:09","date_gmt":"2024-01-05T02:01:09","guid":{"rendered":"https:\/\/live5.senseadelic.com\/?page_id=1082"},"modified":"2024-06-17T16:38:01","modified_gmt":"2024-06-17T16:38:01","slug":"declaracao-de-exoneracao-de-responsabilidade-em-materia-de-saude","status":"publish","type":"page","link":"https:\/\/senseadelic.com\/pt\/health-disclaimer\/","title":{"rendered":"Aviso de Sa\u00fade"},"content":{"rendered":"<div data-elementor-type=\"wp-page\" data-elementor-id=\"1082\" class=\"elementor elementor-1082\" data-elementor-post-type=\"page\">\n\t\t\t\t<div class=\"elementor-element elementor-element-8fd8c52 e-flex e-con-boxed e-con e-parent\" data-id=\"8fd8c52\" data-element_type=\"container\" data-e-type=\"container\">\n\t\t\t\t\t<div class=\"e-con-inner\">\n\t\t<div class=\"elementor-element elementor-element-79f865e e-con-full e-flex e-con e-child\" data-id=\"79f865e\" data-element_type=\"container\" data-e-type=\"container\">\n\t\t\t\t<div class=\"elementor-element elementor-element-36452b8 page-title elementor-widget elementor-widget-heading\" data-id=\"36452b8\" data-element_type=\"widget\" data-e-type=\"widget\" data-widget_type=\"heading.default\">\n\t\t\t\t\t<h1 class=\"elementor-heading-title elementor-size-default\">Aviso de Sa\u00fade<\/h1>\t\t\t\t<\/div>\n\t\t\t\t<div class=\"elementor-element elementor-element-7c1c8d6c blog-text-contend elementor-widget elementor-widget-text-editor\" data-id=\"7c1c8d6c\" data-element_type=\"widget\" data-e-type=\"widget\" data-widget_type=\"text-editor.default\">\n\t\t\t\t\t\t\t\t\t<p>Este s\u00edtio Web destina-se apenas a aprender e a descobrir coisas novas. N\u00e3o se destina a ajudar-te a descobrir o que est\u00e1 errado se estiveres doente, nem a encontrar formas de melhorar de doen\u00e7as.<\/p><p>As coisas de que falamos aqui n\u00e3o devem ser ingeridas nem utilizadas como medicamentos. Estamos apenas a partilhar informa\u00e7\u00e3o para as pessoas pensarem e aprenderem; n\u00e3o estamos a dizer que \u00e9 verdade ou seguro experimentar por si pr\u00f3prio. Se decidires usar qualquer coisa que aprendas aqui, lembra-te que \u00e9 suposto ser apenas para experi\u00eancias ou aprendizagem, n\u00e3o para experimentar nas pessoas.<\/p><p>Al\u00e9m disso, se algo correr mal, as pessoas que gerem este s\u00edtio Web n\u00e3o ter\u00e3o problemas porque concorda em n\u00e3o as culpar pela sua utiliza\u00e7\u00e3o.<\/p>\t\t\t\t\t\t\t\t<\/div>\n\t\t\t\t<div class=\"elementor-element elementor-element-236db5a blog-text-contend elementor-widget elementor-widget-text-editor\" data-id=\"236db5a\" data-element_type=\"widget\" data-e-type=\"widget\" data-widget_type=\"text-editor.default\">\n\t\t\t\t\t\t\t\t\t<p><strong>Observa\u00e7\u00f5es finais com advert\u00eancias:<\/strong><\/p><p>\"Ao terminarmos a nossa digress\u00e3o, \u00e9 importante para mim partilhar alguns conselhos e precau\u00e7\u00f5es essenciais. Embora explorar as maravilhas dos produtos SmartShop possa ser uma viagem emocionante, \u00e9 vital abord\u00e1-los com aten\u00e7\u00e3o e responsabilidade.<\/p><p><strong>1. Conhe\u00e7a os seus limites:<\/strong> Cada indiv\u00edduo reage de forma diferente a estas subst\u00e2ncias. Comece com pequenas doses, especialmente se estiver a experimentar um produto pela primeira vez. Compreender a rea\u00e7\u00e3o do seu corpo \u00e9 fundamental para uma experi\u00eancia segura e agrad\u00e1vel.<\/p><p><strong>2. Consci\u00eancia jur\u00eddica:<\/strong> Esteja ciente do estatuto legal destes produtos na sua \u00e1rea. As leis variam muito de local para local e \u00e9 da sua responsabilidade manter-se informado e em conformidade.<\/p><p><strong>3. Considera\u00e7\u00f5es de sa\u00fade:<\/strong> Se tiver algum problema de sa\u00fade ou estiver a tomar medicamentos, consulte um profissional de sa\u00fade antes de utilizar qualquer um dos nossos produtos. A seguran\u00e7a em primeiro lugar!<\/p><p><strong>4. A defini\u00e7\u00e3o \u00e9 importante:<\/strong> O ambiente em que se encontra pode ter um impacto significativo na sua experi\u00eancia, especialmente com subst\u00e2ncias psicad\u00e9licas e trufas. Escolha um local seguro e confort\u00e1vel e considere a possibilidade de ter um amigo de confian\u00e7a consigo.<\/p><p><strong>5. Evitar misturar:<\/strong> A mistura de diferentes subst\u00e2ncias pode ser imprevis\u00edvel e arriscada. Evite utilizar v\u00e1rios produtos ao mesmo tempo, especialmente se n\u00e3o estiver familiarizado com os seus efeitos.<\/p><p><strong>6. Bem-estar mental:<\/strong> Se estiver a sentir-se stressado, ansioso ou a lidar com problemas de sa\u00fade mental, \u00e9 aconselh\u00e1vel evitar ou ser muito cauteloso com subst\u00e2ncias psicoactivas. Estas podem intensificar o seu estado de esp\u00edrito atual.<\/p><p><strong>Pensamento final:<\/strong> A nossa viagem aqui n\u00e3o \u00e9 apenas para experimentar novas sensa\u00e7\u00f5es; \u00e9 para respeitar o poder destas maravilhas naturais. Lembre-se, o objetivo \u00e9 melhorar o seu bem-estar, n\u00e3o compromet\u00ea-lo. Utilize sempre de forma respons\u00e1vel, mantenha-se informado e desfrute do mundo m\u00e1gico das SmartShops em seguran\u00e7a.<\/p><p>Obrigado por ter passado o seu tempo comigo hoje. Se tiver alguma d\u00favida ou precisar de conselhos, n\u00e3o hesite em contactar-me. Cuide-se e explore com sabedoria!\"<\/p>\t\t\t\t\t\t\t\t<\/div>\n\t\t\t\t<\/div>\n\t\t\t\t\t<\/div>\n\t\t\t\t<\/div>\n\t\t\t\t<\/div>","protected":false},"excerpt":{"rendered":"<p>This website is just for learning and finding out new things. It&#8217;s not meant to help you figure out what&#8217;s wrong if you&#8217;re sick, nor is it for finding ways to get better from illnesses. The things we talk about here should not be eaten or used as medicine. We are just sharing information for [&hellip;]<\/p>\n","protected":false},"author":1,"featured_media":0,"parent":0,"menu_order":48,"comment_status":"closed","ping_status":"closed","template":"","meta":{"_seopress_robots_primary_cat":"","_seopress_titles_title":"Responsible Learning About Chemicals and Natural Wonders","_seopress_titles_desc":"Find high-quality, research-focused content. Exclusively for educational and informational use, not meant for any therapeutic or medicinal use.","_seopress_robots_index":"","footnotes":""},"class_list":["post-1082","page","type-page","status-publish"],"_links":{"self":[{"href":"https:\/\/senseadelic.com\/pt\/wp-json\/wp\/v2\/pages\/1082","targetHints":{"allow":["GET"]}}],"collection":[{"href":"https:\/\/senseadelic.com\/pt\/wp-json\/wp\/v2\/pages"}],"about":[{"href":"https:\/\/senseadelic.com\/pt\/wp-json\/wp\/v2\/types\/page"}],"author":[{"embeddable":true,"href":"https:\/\/senseadelic.com\/pt\/wp-json\/wp\/v2\/users\/1"}],"replies":[{"embeddable":true,"href":"https:\/\/senseadelic.com\/pt\/wp-json\/wp\/v2\/comments?post=1082"}],"version-history":[{"count":0,"href":"https:\/\/senseadelic.com\/pt\/wp-json\/wp\/v2\/pages\/1082\/revisions"}],"wp:attachment":[{"href":"https:\/\/senseadelic.com\/pt\/wp-json\/wp\/v2\/media?parent=1082"}],"curies":[{"name":"wp","href":"https:\/\/api.w.org\/{rel}","templated":true}]}}