{"id":28,"date":"2023-12-17T01:05:34","date_gmt":"2023-12-17T01:05:34","guid":{"rendered":"https:\/\/live.senseadelic.com\/index.php\/my-account\/"},"modified":"2024-10-27T17:13:19","modified_gmt":"2024-10-27T17:13:19","slug":"a-minha-conta","status":"publish","type":"page","link":"https:\/\/senseadelic.com\/pt\/my-account\/","title":{"rendered":"A minha conta"},"content":{"rendered":"<div data-elementor-type=\"wp-page\" data-elementor-id=\"28\" class=\"elementor elementor-28\" data-elementor-post-type=\"page\">\n\t\t\t\t<div class=\"elementor-element elementor-element-4c0b2e7 e-flex e-con-boxed e-con e-parent\" data-id=\"4c0b2e7\" data-element_type=\"container\" data-e-type=\"container\">\n\t\t\t\t\t<div class=\"e-con-inner\">\n\t\t<div class=\"elementor-element elementor-element-453c8e9 e-con-full e-flex e-con e-child\" data-id=\"453c8e9\" data-element_type=\"container\" data-e-type=\"container\">\n\t\t\t\t<div class=\"elementor-element elementor-element-9fc31eb page-title elementor-widget elementor-widget-heading\" data-id=\"9fc31eb\" data-element_type=\"widget\" data-e-type=\"widget\" data-widget_type=\"heading.default\">\n\t\t\t\t\t<h1 class=\"elementor-heading-title elementor-size-default\">A minha conta<\/h1>\t\t\t\t<\/div>\n\t\t<div class=\"elementor-element elementor-element-c98ab17 e-con-full e-flex e-con e-child\" data-id=\"c98ab17\" data-element_type=\"container\" data-e-type=\"container\" data-settings=\"{&quot;background_background&quot;:&quot;classic&quot;}\">\n\t\t\t\t<div class=\"elementor-element elementor-element-11c7c0e8 myacount-page e-my-account-tabs-vertical elementor-widget elementor-widget-woocommerce-my-account\" data-id=\"11c7c0e8\" data-element_type=\"widget\" data-e-type=\"widget\" data-settings=\"{&quot;customize_dashboard_check&quot;:&quot;yes&quot;}\" data-widget_type=\"woocommerce-my-account.default\">\n\t\t\t\t\t<div class=\"e-my-account-tab e-my-account-tab__\">\t\t\t<div class=\"woocommerce\"><\/div>\t\t<\/div>\n\t\t\t\t\t\t<\/div>\n\t\t\t\t<\/div>\n\t\t\t\t<\/div>\n\t\t\t\t\t<\/div>\n\t\t\t\t<\/div>\n\t\t\t\t<\/div>","protected":false},"excerpt":{"rendered":"<p>Painel de controlo Encomendas Endere\u00e7os Detalhes da conta Sair Ol\u00e1 Sense a Delic (n\u00e3o \u00e9 Sense a Delic? Saia) No painel de controlo da sua conta pode ver as suas encomendas recentes, gerir os seus endere\u00e7os de envio e fatura\u00e7\u00e3o e editar a sua palavra-passe e detalhes da conta.<\/p>","protected":false},"author":1,"featured_media":0,"parent":0,"menu_order":28,"comment_status":"closed","ping_status":"closed","template":"","meta":{"_seopress_robots_primary_cat":"","_seopress_titles_title":"","_seopress_titles_desc":"Access your Sense a Delic account for the best CBD products . Order now, track your purchases and review our top-quality CBD goods!","_seopress_robots_index":"","footnotes":""},"class_list":["post-28","page","type-page","status-publish"],"_links":{"self":[{"href":"https:\/\/senseadelic.com\/pt\/wp-json\/wp\/v2\/pages\/28","targetHints":{"allow":["GET"]}}],"collection":[{"href":"https:\/\/senseadelic.com\/pt\/wp-json\/wp\/v2\/pages"}],"about":[{"href":"https:\/\/senseadelic.com\/pt\/wp-json\/wp\/v2\/types\/page"}],"author":[{"embeddable":true,"href":"https:\/\/senseadelic.com\/pt\/wp-json\/wp\/v2\/users\/1"}],"replies":[{"embeddable":true,"href":"https:\/\/senseadelic.com\/pt\/wp-json\/wp\/v2\/comments?post=28"}],"version-history":[{"count":0,"href":"https:\/\/senseadelic.com\/pt\/wp-json\/wp\/v2\/pages\/28\/revisions"}],"wp:attachment":[{"href":"https:\/\/senseadelic.com\/pt\/wp-json\/wp\/v2\/media?parent=28"}],"curies":[{"name":"wp","href":"https:\/\/api.w.org\/{rel}","templated":true}]}}