{"id":126,"date":"2023-12-27T00:49:05","date_gmt":"2023-12-27T00:49:05","guid":{"rendered":"https:\/\/live3.senseadelic.com\/?post_type=product&#038;p=126"},"modified":"2025-12-15T19:22:42","modified_gmt":"2025-12-15T19:22:42","slug":"laranja-holandesa-citrus-haze-vapes","status":"publish","type":"product","link":"https:\/\/senseadelic.com\/pt\/shop\/vapes-liquids\/dutch-orange-citrus-haze-vapes\/","title":{"rendered":"Dutch Orange Citrus Haze Vapes"},"content":{"rendered":"","protected":false},"excerpt":{"rendered":"<p>Bem-vindo ao excitante mundo das misturas l\u00edquidas intensas! O Dutch Orange Citrus Vapes oferece uma aventura de vaporiza\u00e7\u00e3o sem paralelo com uma mistura especial de efeitos canabin\u00f3ides pelos quais a Dutch Orange \u00e9 famosa, al\u00e9m dos perfis de sabor dos terpenos terap\u00eauticos da can\u00e1bis. Prepara-te para uma sensa\u00e7\u00e3o de sabor que \u00e9 t\u00e3o alucinante como deliciosa!<\/p>","protected":false},"featured_media":157,"comment_status":"open","ping_status":"closed","template":"","meta":{"_seopress_robots_primary_cat":"none","_seopress_titles_title":"Buy Dutch Orange Citrus Haze Vapes Liquids at Sense a Delic","_seopress_titles_desc":"Experience the refreshing taste of Dutch Orange Citrus Haze Vapes Liquids from Sense a Delic. Best quality, exotic flavours waiting for you in our shop!","_seopress_robots_index":""},"product_brand":[],"product_cat":[20],"product_tag":[],"class_list":{"0":"post-126","1":"product","2":"type-product","3":"status-publish","4":"has-post-thumbnail","6":"product_cat-vapes-liquids","8":"first","9":"outofstock","10":"taxable","11":"shipping-taxable","12":"purchasable","13":"product-type-variable","14":"has-default-attributes"},"_links":{"self":[{"href":"https:\/\/senseadelic.com\/pt\/wp-json\/wp\/v2\/product\/126","targetHints":{"allow":["GET"]}}],"collection":[{"href":"https:\/\/senseadelic.com\/pt\/wp-json\/wp\/v2\/product"}],"about":[{"href":"https:\/\/senseadelic.com\/pt\/wp-json\/wp\/v2\/types\/product"}],"replies":[{"embeddable":true,"href":"https:\/\/senseadelic.com\/pt\/wp-json\/wp\/v2\/comments?post=126"}],"version-history":[{"count":0,"href":"https:\/\/senseadelic.com\/pt\/wp-json\/wp\/v2\/product\/126\/revisions"}],"wp:featuredmedia":[{"embeddable":true,"href":"https:\/\/senseadelic.com\/pt\/wp-json\/wp\/v2\/media\/157"}],"wp:attachment":[{"href":"https:\/\/senseadelic.com\/pt\/wp-json\/wp\/v2\/media?parent=126"}],"wp:term":[{"taxonomy":"product_brand","embeddable":true,"href":"https:\/\/senseadelic.com\/pt\/wp-json\/wp\/v2\/product_brand?post=126"},{"taxonomy":"product_cat","embeddable":true,"href":"https:\/\/senseadelic.com\/pt\/wp-json\/wp\/v2\/product_cat?post=126"},{"taxonomy":"product_tag","embeddable":true,"href":"https:\/\/senseadelic.com\/pt\/wp-json\/wp\/v2\/product_tag?post=126"}],"curies":[{"name":"wp","href":"https:\/\/api.w.org\/{rel}","templated":true}]}}