{"id":184,"date":"2023-12-27T00:49:19","date_gmt":"2023-12-27T00:49:19","guid":{"rendered":"https:\/\/live3.senseadelic.com\/?post_type=product&#038;p=184"},"modified":"2024-10-06T13:04:42","modified_gmt":"2024-10-06T13:04:42","slug":"cogumelos-magicos-psilocybe-tampelandia","status":"publish","type":"product","link":"https:\/\/senseadelic.com\/pt\/shop\/magic-mushrooms\/high-hawaiians-psilocybe-tampelandia-magic-mushrooms\/","title":{"rendered":"Cogumelos m\u00e1gicos Psilocybe Tampelandia"},"content":{"rendered":"","protected":false},"excerpt":{"rendered":"<p>Os cogumelos m\u00e1gicos High Hawaiian, ou Psilocybe Tampelandia, s\u00e3o super fortes. T\u00eam uma grande quantidade de psilocibina, o que os torna alguns dos cogumelos mais poderosos que existem. Porque t\u00eam efeitos poderosos e duradouros. S\u00e3o melhores para pessoas que j\u00e1 usaram cogumelos antes, n\u00e3o para principiantes.<\/p>","protected":false},"featured_media":5019,"comment_status":"closed","ping_status":"closed","template":"","meta":{"_seopress_robots_primary_cat":"none","_seopress_titles_title":"Buy High Hawaiians Magic Mushrooms Psilocybe Tampelandia","_seopress_titles_desc":"Dive into transcendent experiences with High Hawaiians Psilocybe Tampelandia magic mushrooms. Available now at Sense a Delic's online shop.","_seopress_robots_index":""},"product_brand":[],"product_cat":[34],"product_tag":[],"class_list":{"0":"post-184","1":"product","2":"type-product","3":"status-publish","4":"has-post-thumbnail","6":"product_cat-magic-mushrooms","8":"first","9":"outofstock","10":"sale","11":"taxable","12":"shipping-taxable","13":"purchasable","14":"product-type-variable","15":"has-default-attributes"},"_links":{"self":[{"href":"https:\/\/senseadelic.com\/pt\/wp-json\/wp\/v2\/product\/184","targetHints":{"allow":["GET"]}}],"collection":[{"href":"https:\/\/senseadelic.com\/pt\/wp-json\/wp\/v2\/product"}],"about":[{"href":"https:\/\/senseadelic.com\/pt\/wp-json\/wp\/v2\/types\/product"}],"replies":[{"embeddable":true,"href":"https:\/\/senseadelic.com\/pt\/wp-json\/wp\/v2\/comments?post=184"}],"version-history":[{"count":0,"href":"https:\/\/senseadelic.com\/pt\/wp-json\/wp\/v2\/product\/184\/revisions"}],"wp:featuredmedia":[{"embeddable":true,"href":"https:\/\/senseadelic.com\/pt\/wp-json\/wp\/v2\/media\/5019"}],"wp:attachment":[{"href":"https:\/\/senseadelic.com\/pt\/wp-json\/wp\/v2\/media?parent=184"}],"wp:term":[{"taxonomy":"product_brand","embeddable":true,"href":"https:\/\/senseadelic.com\/pt\/wp-json\/wp\/v2\/product_brand?post=184"},{"taxonomy":"product_cat","embeddable":true,"href":"https:\/\/senseadelic.com\/pt\/wp-json\/wp\/v2\/product_cat?post=184"},{"taxonomy":"product_tag","embeddable":true,"href":"https:\/\/senseadelic.com\/pt\/wp-json\/wp\/v2\/product_tag?post=184"}],"curies":[{"name":"wp","href":"https:\/\/api.w.org\/{rel}","templated":true}]}}