{"id":185,"date":"2023-12-27T00:49:19","date_gmt":"2023-12-27T00:49:19","guid":{"rendered":"https:\/\/live3.senseadelic.com\/?post_type=product&#038;p=185"},"modified":"2024-09-26T12:20:24","modified_gmt":"2024-09-26T12:20:24","slug":"cogumelos-magicos-vanir-psilocybe","status":"publish","type":"product","link":"https:\/\/senseadelic.com\/pt\/shop\/magic-mushrooms\/vanir-psilocybe-magic-mushrooms\/","title":{"rendered":"Cogumelos m\u00e1gicos Vanir Psilocybe"},"content":{"rendered":"","protected":false},"excerpt":{"rendered":"<p>Os cogumelos m\u00e1gicos mais fortes do mundo t\u00eam poderes espantosos e s\u00e3o muito procurados por pessoas que viajaram muito nas suas mentes.<\/p>\n<p>Estes cogumelos \u00fanicos criam aventuras inacredit\u00e1veis, com imagens super brilhantes e selvagens, pensamentos profundos e uma poderosa sensa\u00e7\u00e3o de estar ligado a tudo.<\/p>","protected":false},"featured_media":5025,"comment_status":"closed","ping_status":"closed","template":"","meta":{"_seopress_robots_primary_cat":"none","_seopress_titles_title":"Purchase High-Quality Vanir Psilocybe Magic Mushrooms","_seopress_titles_desc":"Experience nature's magic with Sense a Delic's Vanir Psilocybe Magic Mushrooms. A trip to enlightenment awaits!","_seopress_robots_index":""},"product_brand":[],"product_cat":[34],"product_tag":[],"class_list":{"0":"post-185","1":"product","2":"type-product","3":"status-publish","4":"has-post-thumbnail","6":"product_cat-magic-mushrooms","8":"first","9":"outofstock","10":"sale","11":"taxable","12":"shipping-taxable","13":"purchasable","14":"product-type-variable","15":"has-default-attributes"},"_links":{"self":[{"href":"https:\/\/senseadelic.com\/pt\/wp-json\/wp\/v2\/product\/185","targetHints":{"allow":["GET"]}}],"collection":[{"href":"https:\/\/senseadelic.com\/pt\/wp-json\/wp\/v2\/product"}],"about":[{"href":"https:\/\/senseadelic.com\/pt\/wp-json\/wp\/v2\/types\/product"}],"replies":[{"embeddable":true,"href":"https:\/\/senseadelic.com\/pt\/wp-json\/wp\/v2\/comments?post=185"}],"version-history":[{"count":0,"href":"https:\/\/senseadelic.com\/pt\/wp-json\/wp\/v2\/product\/185\/revisions"}],"wp:featuredmedia":[{"embeddable":true,"href":"https:\/\/senseadelic.com\/pt\/wp-json\/wp\/v2\/media\/5025"}],"wp:attachment":[{"href":"https:\/\/senseadelic.com\/pt\/wp-json\/wp\/v2\/media?parent=185"}],"wp:term":[{"taxonomy":"product_brand","embeddable":true,"href":"https:\/\/senseadelic.com\/pt\/wp-json\/wp\/v2\/product_brand?post=185"},{"taxonomy":"product_cat","embeddable":true,"href":"https:\/\/senseadelic.com\/pt\/wp-json\/wp\/v2\/product_cat?post=185"},{"taxonomy":"product_tag","embeddable":true,"href":"https:\/\/senseadelic.com\/pt\/wp-json\/wp\/v2\/product_tag?post=185"}],"curies":[{"name":"wp","href":"https:\/\/api.w.org\/{rel}","templated":true}]}}