{"id":190,"date":"2023-12-27T00:49:19","date_gmt":"2023-12-27T00:49:19","guid":{"rendered":"https:\/\/live3.senseadelic.com\/?post_type=product&#038;p=190"},"modified":"2024-10-06T13:37:10","modified_gmt":"2024-10-06T13:37:10","slug":"corrida-ao-ouro","status":"publish","type":"product","link":"https:\/\/senseadelic.com\/pt\/shop\/stimulants-supplies\/gold-rush\/","title":{"rendered":"Corrida do Ouro"},"content":{"rendered":"","protected":false},"excerpt":{"rendered":"<p>Estimulantes O produto Gold Rush \u00e9 a op\u00e7\u00e3o mais potente e estimulante dispon\u00edvel. Proporciona um impulso \u00fanico e substancial que melhora todos os sentidos at\u00e9 ao seu potencial m\u00e1ximo.<\/p>","protected":false},"featured_media":223,"comment_status":"closed","ping_status":"closed","template":"","meta":{"_seopress_robots_primary_cat":"none","_seopress_titles_title":"Get Energy with Gold Rush Stimulants online available now!","_seopress_titles_desc":"Gold Rush is the most potent Stimulants available. It provides a unique and substantial boost that enhances all senses to their fullest potential.","_seopress_robots_index":""},"product_brand":[],"product_cat":[21],"product_tag":[79,81],"class_list":{"0":"post-190","1":"product","2":"type-product","3":"status-publish","4":"has-post-thumbnail","6":"product_cat-stimulants-supplies","7":"product_tag-3-fpm","8":"product_tag-4f-mph","10":"first","11":"outofstock","12":"taxable","13":"shipping-taxable","14":"purchasable","15":"product-type-variable","16":"has-default-attributes"},"_links":{"self":[{"href":"https:\/\/senseadelic.com\/pt\/wp-json\/wp\/v2\/product\/190","targetHints":{"allow":["GET"]}}],"collection":[{"href":"https:\/\/senseadelic.com\/pt\/wp-json\/wp\/v2\/product"}],"about":[{"href":"https:\/\/senseadelic.com\/pt\/wp-json\/wp\/v2\/types\/product"}],"replies":[{"embeddable":true,"href":"https:\/\/senseadelic.com\/pt\/wp-json\/wp\/v2\/comments?post=190"}],"version-history":[{"count":0,"href":"https:\/\/senseadelic.com\/pt\/wp-json\/wp\/v2\/product\/190\/revisions"}],"wp:featuredmedia":[{"embeddable":true,"href":"https:\/\/senseadelic.com\/pt\/wp-json\/wp\/v2\/media\/223"}],"wp:attachment":[{"href":"https:\/\/senseadelic.com\/pt\/wp-json\/wp\/v2\/media?parent=190"}],"wp:term":[{"taxonomy":"product_brand","embeddable":true,"href":"https:\/\/senseadelic.com\/pt\/wp-json\/wp\/v2\/product_brand?post=190"},{"taxonomy":"product_cat","embeddable":true,"href":"https:\/\/senseadelic.com\/pt\/wp-json\/wp\/v2\/product_cat?post=190"},{"taxonomy":"product_tag","embeddable":true,"href":"https:\/\/senseadelic.com\/pt\/wp-json\/wp\/v2\/product_tag?post=190"}],"curies":[{"name":"wp","href":"https:\/\/api.w.org\/{rel}","templated":true}]}}