{"id":210,"date":"2023-12-27T00:49:21","date_gmt":"2023-12-27T00:49:21","guid":{"rendered":"https:\/\/live3.senseadelic.com\/?post_type=product&#038;p=210"},"modified":"2026-02-13T19:43:04","modified_gmt":"2026-02-13T19:43:04","slug":"conforto-cbd","status":"publish","type":"product","link":"https:\/\/senseadelic.com\/pt\/shop\/cbd-oil\/cbd-comfort\/","title":{"rendered":"Conforto CBD"},"content":{"rendered":"","protected":false},"excerpt":{"rendered":"<p>Redescubra a sua forma de recuperar. Com o \u00f3leo COMFORT CBD da Spirit of Nature, pode recuperar das dores que podem afetar o seu bem-estar todos os dias. Com n\u00edveis elevados de CBD e refor\u00e7ado com Honokiol e terpenos que podem ajudar a aliviar a dor e reduzir a inflama\u00e7\u00e3o, o \u00f3leo COMFORT CBD \u00e9 uma forma totalmente natural e segura de combater o desconforto da dor.<\/p>\n<ul>\n<li>Al\u00edvio da dor que \u00e9 totalmente natural<\/li>\n<li>Cada frasco de 10 ml cont\u00e9m 2000 mg de CBD<\/li>\n<li>Cont\u00e9m uma vasta gama de canabin\u00f3ides e terpenos<\/li>\n<li>Extra\u00e7\u00e3o de CO2 supercr\u00edtico<\/li>\n<li>Teor de THC inferior a 0,2%<\/li>\n<\/ul>","protected":false},"featured_media":283,"comment_status":"open","ping_status":"closed","template":"","meta":{"_seopress_robots_primary_cat":"none","_seopress_titles_title":"","_seopress_titles_desc":"","_seopress_robots_index":""},"product_brand":[],"product_cat":[19],"product_tag":[],"class_list":{"0":"post-210","1":"product","2":"type-product","3":"status-publish","4":"has-post-thumbnail","6":"product_cat-cbd-oil","8":"first","9":"outofstock","10":"taxable","11":"shipping-taxable","12":"purchasable","13":"product-type-variable","14":"has-default-attributes"},"_links":{"self":[{"href":"https:\/\/senseadelic.com\/pt\/wp-json\/wp\/v2\/product\/210","targetHints":{"allow":["GET"]}}],"collection":[{"href":"https:\/\/senseadelic.com\/pt\/wp-json\/wp\/v2\/product"}],"about":[{"href":"https:\/\/senseadelic.com\/pt\/wp-json\/wp\/v2\/types\/product"}],"replies":[{"embeddable":true,"href":"https:\/\/senseadelic.com\/pt\/wp-json\/wp\/v2\/comments?post=210"}],"version-history":[{"count":0,"href":"https:\/\/senseadelic.com\/pt\/wp-json\/wp\/v2\/product\/210\/revisions"}],"wp:featuredmedia":[{"embeddable":true,"href":"https:\/\/senseadelic.com\/pt\/wp-json\/wp\/v2\/media\/283"}],"wp:attachment":[{"href":"https:\/\/senseadelic.com\/pt\/wp-json\/wp\/v2\/media?parent=210"}],"wp:term":[{"taxonomy":"product_brand","embeddable":true,"href":"https:\/\/senseadelic.com\/pt\/wp-json\/wp\/v2\/product_brand?post=210"},{"taxonomy":"product_cat","embeddable":true,"href":"https:\/\/senseadelic.com\/pt\/wp-json\/wp\/v2\/product_cat?post=210"},{"taxonomy":"product_tag","embeddable":true,"href":"https:\/\/senseadelic.com\/pt\/wp-json\/wp\/v2\/product_tag?post=210"}],"curies":[{"name":"wp","href":"https:\/\/api.w.org\/{rel}","templated":true}]}}