{"id":255,"date":"2023-12-27T00:49:34","date_gmt":"2023-12-27T00:49:34","guid":{"rendered":"https:\/\/live3.senseadelic.com\/?post_type=product&#038;p=255"},"modified":"2026-02-13T19:43:03","modified_gmt":"2026-02-13T19:43:03","slug":"foco-cbd","status":"publish","type":"product","link":"https:\/\/senseadelic.com\/pt\/shop\/cbd-oil\/cbd-focus\/","title":{"rendered":"Foco no CBD"},"content":{"rendered":"","protected":false},"excerpt":{"rendered":"<p>\u00c9 f\u00e1cil ficarmos frustrados quando as tarefas incompletas se acumulam e perturbam o nosso fluxo de trabalho todos os dias, uma vez que estamos expostos a mais distrac\u00e7\u00f5es. Com FOCUS, poder\u00e1 concentrar-se de forma mais eficiente e tornar-se mais produtivo com uma f\u00f3rmula \u00fanica formulada com nootr\u00f3picos. Os nootr\u00f3picos s\u00e3o potenciadores cognitivos que melhoram a mem\u00f3ria, a concentra\u00e7\u00e3o, a criatividade, a intelig\u00eancia e a motiva\u00e7\u00e3o. Com o \u00f3leo FOCUS CBD da Spirit of Nature, combin\u00e1mos CBD, CBG e CBN com nootr\u00f3picos que ajudam a aumentar as nossas capacidades cognitivas. Um estimulante cognitivo totalmente natural Cada 10 ml cont\u00e9m 500 mg de CBD e CBDA Terpenos e canabin\u00f3ides de largo espetro Extra\u00e7\u00e3o supercr\u00edtica de CO2 Teor de THC inferior a 0,2%<\/p>","protected":false},"featured_media":285,"comment_status":"open","ping_status":"closed","template":"","meta":{"_seopress_robots_primary_cat":"none","_seopress_titles_title":"","_seopress_titles_desc":"","_seopress_robots_index":""},"product_brand":[],"product_cat":[19],"product_tag":[],"class_list":{"0":"post-255","1":"product","2":"type-product","3":"status-publish","4":"has-post-thumbnail","6":"product_cat-cbd-oil","8":"first","9":"outofstock","10":"taxable","11":"shipping-taxable","12":"purchasable","13":"product-type-variable","14":"has-default-attributes"},"_links":{"self":[{"href":"https:\/\/senseadelic.com\/pt\/wp-json\/wp\/v2\/product\/255","targetHints":{"allow":["GET"]}}],"collection":[{"href":"https:\/\/senseadelic.com\/pt\/wp-json\/wp\/v2\/product"}],"about":[{"href":"https:\/\/senseadelic.com\/pt\/wp-json\/wp\/v2\/types\/product"}],"replies":[{"embeddable":true,"href":"https:\/\/senseadelic.com\/pt\/wp-json\/wp\/v2\/comments?post=255"}],"version-history":[{"count":0,"href":"https:\/\/senseadelic.com\/pt\/wp-json\/wp\/v2\/product\/255\/revisions"}],"wp:featuredmedia":[{"embeddable":true,"href":"https:\/\/senseadelic.com\/pt\/wp-json\/wp\/v2\/media\/285"}],"wp:attachment":[{"href":"https:\/\/senseadelic.com\/pt\/wp-json\/wp\/v2\/media?parent=255"}],"wp:term":[{"taxonomy":"product_brand","embeddable":true,"href":"https:\/\/senseadelic.com\/pt\/wp-json\/wp\/v2\/product_brand?post=255"},{"taxonomy":"product_cat","embeddable":true,"href":"https:\/\/senseadelic.com\/pt\/wp-json\/wp\/v2\/product_cat?post=255"},{"taxonomy":"product_tag","embeddable":true,"href":"https:\/\/senseadelic.com\/pt\/wp-json\/wp\/v2\/product_tag?post=255"}],"curies":[{"name":"wp","href":"https:\/\/api.w.org\/{rel}","templated":true}]}}