{"id":3059,"date":"2024-02-15T18:57:28","date_gmt":"2024-02-15T18:57:28","guid":{"rendered":"https:\/\/senseadelic.com\/?post_type=product&#038;p=3059"},"modified":"2024-09-26T12:20:22","modified_gmt":"2024-09-26T12:20:22","slug":"utopia-psilocybe-cogumelos-magicos","status":"publish","type":"product","link":"https:\/\/senseadelic.com\/pt\/shop\/magic-mushrooms\/utopia-psilocybe-magic-mushrooms\/","title":{"rendered":"Cogumelos m\u00e1gicos Utopia Psilocybe"},"content":{"rendered":"","protected":false},"excerpt":{"rendered":"<p>As trufas m\u00e1gicas da Utopia s\u00e3o muito fortes e podem levar-te a aventuras loucas. Crescem na terra durante dez meses, ficando cheias de psilocibina.<\/p>\n<p>Quando comes estas trufas, podes ver coisas fant\u00e1sticas, pensar de novas maneiras e aprender coisas fixes. Tamb\u00e9m te ajudam a sentires-te pr\u00f3ximo das \u00e1rvores e dos animais, a compreenderes-te melhor e a sentires-te muito feliz e em paz. O sabor das trufas \u00e9 muito bom e podes com\u00ea-las sozinhas, transform\u00e1-las em ch\u00e1 ou adicion\u00e1-las a petiscos. Prepara-te para uma viagem fant\u00e1stica com estas trufas.<\/p>","protected":false},"featured_media":5017,"comment_status":"closed","ping_status":"closed","template":"","meta":{"_seopress_robots_primary_cat":"none","_seopress_titles_title":"Utopia Psilocybe Magic Mushrooms A New Sense of Delicacy","_seopress_titles_desc":"Experience the magical journey with Utopia Psilocybe Magic Mushrooms from Senseadelic. Perfect for beginners & expert mycologists alike!","_seopress_robots_index":""},"product_brand":[],"product_cat":[34],"product_tag":[],"class_list":{"0":"post-3059","1":"product","2":"type-product","3":"status-publish","4":"has-post-thumbnail","6":"product_cat-magic-mushrooms","8":"first","9":"outofstock","10":"sale","11":"taxable","12":"shipping-taxable","13":"purchasable","14":"product-type-variable","15":"has-default-attributes"},"_links":{"self":[{"href":"https:\/\/senseadelic.com\/pt\/wp-json\/wp\/v2\/product\/3059","targetHints":{"allow":["GET"]}}],"collection":[{"href":"https:\/\/senseadelic.com\/pt\/wp-json\/wp\/v2\/product"}],"about":[{"href":"https:\/\/senseadelic.com\/pt\/wp-json\/wp\/v2\/types\/product"}],"replies":[{"embeddable":true,"href":"https:\/\/senseadelic.com\/pt\/wp-json\/wp\/v2\/comments?post=3059"}],"version-history":[{"count":0,"href":"https:\/\/senseadelic.com\/pt\/wp-json\/wp\/v2\/product\/3059\/revisions"}],"wp:featuredmedia":[{"embeddable":true,"href":"https:\/\/senseadelic.com\/pt\/wp-json\/wp\/v2\/media\/5017"}],"wp:attachment":[{"href":"https:\/\/senseadelic.com\/pt\/wp-json\/wp\/v2\/media?parent=3059"}],"wp:term":[{"taxonomy":"product_brand","embeddable":true,"href":"https:\/\/senseadelic.com\/pt\/wp-json\/wp\/v2\/product_brand?post=3059"},{"taxonomy":"product_cat","embeddable":true,"href":"https:\/\/senseadelic.com\/pt\/wp-json\/wp\/v2\/product_cat?post=3059"},{"taxonomy":"product_tag","embeddable":true,"href":"https:\/\/senseadelic.com\/pt\/wp-json\/wp\/v2\/product_tag?post=3059"}],"curies":[{"name":"wp","href":"https:\/\/api.w.org\/{rel}","templated":true}]}}