{"id":369,"date":"2023-12-27T00:49:58","date_gmt":"2023-12-27T00:49:58","guid":{"rendered":"https:\/\/live3.senseadelic.com\/?post_type=product&#038;p=369"},"modified":"2024-06-17T16:43:39","modified_gmt":"2024-06-17T16:43:39","slug":"flor-de-cbd-enriquecida-com-canatonico","status":"publish","type":"product","link":"https:\/\/senseadelic.com\/pt\/shop\/cannabis\/cannatonic-enriched-cbd-flower\/","title":{"rendered":"Cannatonic Enriquecido com CBD + Flor"},"content":{"rendered":"","protected":false},"excerpt":{"rendered":"<p>A Cannatonic \u00e9 uma variedade de erva legal que se destaca pelas suas belas flores azuis.<\/p>\n<p>Cont\u00e9m uma quantidade elevada de CBD e an\u00e1logos de HHC, que criam uma experi\u00eancia sensorial irresist\u00edvel. Os bot\u00f5es s\u00e3o grandes e cobertos de tricomas brancos, a fazer lembrar a neve.<\/p>","protected":false},"featured_media":395,"comment_status":"closed","ping_status":"closed","template":"","meta":{"_seopress_robots_primary_cat":"none","_seopress_titles_title":"Natural Relief with Cannatonic Enriched CBD Flower","_seopress_titles_desc":"Discover the calming properties of Cannatonic Enriched CBD Flower at Sense a Delic. High CBD, low THC. Experience wellness the natural way.","_seopress_robots_index":""},"product_brand":[],"product_cat":[45],"product_tag":[],"class_list":{"0":"post-369","1":"product","2":"type-product","3":"status-publish","4":"has-post-thumbnail","6":"product_cat-cannabis","8":"first","9":"outofstock","10":"taxable","11":"shipping-taxable","12":"purchasable","13":"product-type-variable","14":"has-default-attributes"},"_links":{"self":[{"href":"https:\/\/senseadelic.com\/pt\/wp-json\/wp\/v2\/product\/369","targetHints":{"allow":["GET"]}}],"collection":[{"href":"https:\/\/senseadelic.com\/pt\/wp-json\/wp\/v2\/product"}],"about":[{"href":"https:\/\/senseadelic.com\/pt\/wp-json\/wp\/v2\/types\/product"}],"replies":[{"embeddable":true,"href":"https:\/\/senseadelic.com\/pt\/wp-json\/wp\/v2\/comments?post=369"}],"version-history":[{"count":0,"href":"https:\/\/senseadelic.com\/pt\/wp-json\/wp\/v2\/product\/369\/revisions"}],"wp:featuredmedia":[{"embeddable":true,"href":"https:\/\/senseadelic.com\/pt\/wp-json\/wp\/v2\/media\/395"}],"wp:attachment":[{"href":"https:\/\/senseadelic.com\/pt\/wp-json\/wp\/v2\/media?parent=369"}],"wp:term":[{"taxonomy":"product_brand","embeddable":true,"href":"https:\/\/senseadelic.com\/pt\/wp-json\/wp\/v2\/product_brand?post=369"},{"taxonomy":"product_cat","embeddable":true,"href":"https:\/\/senseadelic.com\/pt\/wp-json\/wp\/v2\/product_cat?post=369"},{"taxonomy":"product_tag","embeddable":true,"href":"https:\/\/senseadelic.com\/pt\/wp-json\/wp\/v2\/product_tag?post=369"}],"curies":[{"name":"wp","href":"https:\/\/api.w.org\/{rel}","templated":true}]}}