{"id":381,"date":"2023-12-27T00:49:59","date_gmt":"2023-12-27T00:49:59","guid":{"rendered":"https:\/\/live3.senseadelic.com\/?post_type=product&#038;p=381"},"modified":"2024-06-17T16:45:14","modified_gmt":"2024-06-17T16:45:14","slug":"haxixe-de-cbd-enriquecido-afegao","status":"publish","type":"product","link":"https:\/\/senseadelic.com\/pt\/shop\/cannabis\/afghan-enriched-cbd-hash\/","title":{"rendered":"CBD + Hash enriquecido com Afeg\u00e3o"},"content":{"rendered":"","protected":false},"excerpt":{"rendered":"<p>A Afghan Kush \u00e9 uma variedade de can\u00e1bis origin\u00e1ria das montanhas Hindu Kush, perto da fronteira entre o Afeganist\u00e3o e o Paquist\u00e3o. Foi desenvolvida e refinada ao longo de muitos anos para se tornar uma fonte muito procurada de haxixe, particularmente charas e haxixe afeg\u00e3o.<\/p>\n<p>Conhecida pela sua abundante resina e potentes propriedades sedativas, a Afghan Kush \u00e9 uma op\u00e7\u00e3o popular para quem procura relaxar ap\u00f3s um dia cansativo.<\/p>","protected":false},"featured_media":403,"comment_status":"closed","ping_status":"closed","template":"","meta":{"_seopress_robots_primary_cat":"none","_seopress_titles_title":"Buy Afghan Enriched CBD Hash Top Quality and Best Price","_seopress_titles_desc":"Experience premium Afghan CBD Hash from Senseadelic. Carefully derived from matured strains for high-quality, robust flavours. Relax, unwind, rejuvenate.","_seopress_robots_index":""},"product_brand":[],"product_cat":[45],"product_tag":[],"class_list":{"0":"post-381","1":"product","2":"type-product","3":"status-publish","4":"has-post-thumbnail","6":"product_cat-cannabis","8":"first","9":"outofstock","10":"taxable","11":"shipping-taxable","12":"purchasable","13":"product-type-variable","14":"has-default-attributes"},"_links":{"self":[{"href":"https:\/\/senseadelic.com\/pt\/wp-json\/wp\/v2\/product\/381","targetHints":{"allow":["GET"]}}],"collection":[{"href":"https:\/\/senseadelic.com\/pt\/wp-json\/wp\/v2\/product"}],"about":[{"href":"https:\/\/senseadelic.com\/pt\/wp-json\/wp\/v2\/types\/product"}],"replies":[{"embeddable":true,"href":"https:\/\/senseadelic.com\/pt\/wp-json\/wp\/v2\/comments?post=381"}],"version-history":[{"count":0,"href":"https:\/\/senseadelic.com\/pt\/wp-json\/wp\/v2\/product\/381\/revisions"}],"wp:featuredmedia":[{"embeddable":true,"href":"https:\/\/senseadelic.com\/pt\/wp-json\/wp\/v2\/media\/403"}],"wp:attachment":[{"href":"https:\/\/senseadelic.com\/pt\/wp-json\/wp\/v2\/media?parent=381"}],"wp:term":[{"taxonomy":"product_brand","embeddable":true,"href":"https:\/\/senseadelic.com\/pt\/wp-json\/wp\/v2\/product_brand?post=381"},{"taxonomy":"product_cat","embeddable":true,"href":"https:\/\/senseadelic.com\/pt\/wp-json\/wp\/v2\/product_cat?post=381"},{"taxonomy":"product_tag","embeddable":true,"href":"https:\/\/senseadelic.com\/pt\/wp-json\/wp\/v2\/product_tag?post=381"}],"curies":[{"name":"wp","href":"https:\/\/api.w.org\/{rel}","templated":true}]}}