{"id":387,"date":"2023-12-27T00:49:59","date_gmt":"2023-12-27T00:49:59","guid":{"rendered":"https:\/\/live3.senseadelic.com\/?post_type=product&#038;p=387"},"modified":"2025-09-12T18:56:14","modified_gmt":"2025-09-12T18:56:14","slug":"kratom-premium-em-po-1-3-mitragyna","status":"publish","type":"product","link":"https:\/\/senseadelic.com\/pt\/shop\/premium-kratom-powder\/kratom-premium-powder-1-3-mitragyna\/","title":{"rendered":"P\u00f3 Premium de Kratom 1.3% Mitragyna"},"content":{"rendered":"","protected":false},"excerpt":{"rendered":"<p>A kratom, cientificamente reconhecida como Mitragyna speciosa, \u00e9 origin\u00e1ria das florestas luxuriantes do sudeste asi\u00e1tico e tem sido uma pedra angular da medicina tradicional durante in\u00fameras gera\u00e7\u00f5es. P\u00f3 de kratom premium com um teor de mitragina de 1-3%, um indicador da sua elevada qualidade e pot\u00eancia. Inicie uma viagem com a kratom em p\u00f3 Premium e descubra um caminho natural para melhorar o bem-estar e a vitalidade.<\/p>","protected":false},"featured_media":406,"comment_status":"closed","ping_status":"closed","template":"","meta":{"_seopress_robots_primary_cat":"none","_seopress_titles_title":"Buy Premium Kratom Powder 1.3% Mitragyna at Sense a Delic","_seopress_titles_desc":"Premium Kratom Powder with 1-3% Mitragynine. Launch on a journey with Premium Kratom powder and discover a natural pathway to improved wellness and vitality.","_seopress_robots_index":""},"product_brand":[],"product_cat":[46],"product_tag":[],"class_list":{"0":"post-387","1":"product","2":"type-product","3":"status-publish","4":"has-post-thumbnail","6":"product_cat-premium-kratom-powder","8":"first","9":"outofstock","10":"taxable","11":"shipping-taxable","12":"purchasable","13":"product-type-variable","14":"has-default-attributes"},"_links":{"self":[{"href":"https:\/\/senseadelic.com\/pt\/wp-json\/wp\/v2\/product\/387","targetHints":{"allow":["GET"]}}],"collection":[{"href":"https:\/\/senseadelic.com\/pt\/wp-json\/wp\/v2\/product"}],"about":[{"href":"https:\/\/senseadelic.com\/pt\/wp-json\/wp\/v2\/types\/product"}],"replies":[{"embeddable":true,"href":"https:\/\/senseadelic.com\/pt\/wp-json\/wp\/v2\/comments?post=387"}],"version-history":[{"count":0,"href":"https:\/\/senseadelic.com\/pt\/wp-json\/wp\/v2\/product\/387\/revisions"}],"wp:featuredmedia":[{"embeddable":true,"href":"https:\/\/senseadelic.com\/pt\/wp-json\/wp\/v2\/media\/406"}],"wp:attachment":[{"href":"https:\/\/senseadelic.com\/pt\/wp-json\/wp\/v2\/media?parent=387"}],"wp:term":[{"taxonomy":"product_brand","embeddable":true,"href":"https:\/\/senseadelic.com\/pt\/wp-json\/wp\/v2\/product_brand?post=387"},{"taxonomy":"product_cat","embeddable":true,"href":"https:\/\/senseadelic.com\/pt\/wp-json\/wp\/v2\/product_cat?post=387"},{"taxonomy":"product_tag","embeddable":true,"href":"https:\/\/senseadelic.com\/pt\/wp-json\/wp\/v2\/product_tag?post=387"}],"curies":[{"name":"wp","href":"https:\/\/api.w.org\/{rel}","templated":true}]}}