{"id":391,"date":"2023-12-27T00:50:00","date_gmt":"2023-12-27T00:50:00","guid":{"rendered":"https:\/\/live3.senseadelic.com\/?post_type=product&#038;p=391"},"modified":"2025-09-12T18:56:54","modified_gmt":"2025-09-12T18:56:54","slug":"kratom-premium-em-po-1-5-mitragyna","status":"publish","type":"product","link":"https:\/\/senseadelic.com\/pt\/shop\/premium-kratom-powder\/kratom-premium-powder-1-5-mitragyna\/","title":{"rendered":"P\u00f3 Premium de Kratom 1.5% Mitragyna"},"content":{"rendered":"","protected":false},"excerpt":{"rendered":"<p>A kratom, conhecida cientificamente como Mitragyna speciosa, \u00e9 um elemento natural do sudeste asi\u00e1tico muito apreciado, celebrado pelos seus benef\u00edcios medicinais durante muitos anos. A nossa \u00eanfase no p\u00f3 de kratom de primeira qualidade, especialmente com um teor de mitragina que varia entre 1-5%, sublinha o nosso compromisso com uma pureza e pot\u00eancia sem paralelo. Experimente os benef\u00edcios transformadores da kratom em p\u00f3 de primeira qualidade e adopte um caminho natural para melhorar a sa\u00fade e a energia.<\/p>","protected":false},"featured_media":408,"comment_status":"closed","ping_status":"closed","template":"","meta":{"_seopress_robots_primary_cat":"none","_seopress_titles_title":"Buy Premium Kratom Powder 1.5% Mitragyna at Sense a Delic","_seopress_titles_desc":"Upgrade your Kratom experience with our Kratom Premium Powder 1.5% Mitragyna. Lab-tested potency of 1.5% for relief from minor ailments. Quality assured.","_seopress_robots_index":""},"product_brand":[],"product_cat":[46],"product_tag":[],"class_list":{"0":"post-391","1":"product","2":"type-product","3":"status-publish","4":"has-post-thumbnail","6":"product_cat-premium-kratom-powder","8":"first","9":"outofstock","10":"taxable","11":"shipping-taxable","12":"purchasable","13":"product-type-variable","14":"has-default-attributes"},"_links":{"self":[{"href":"https:\/\/senseadelic.com\/pt\/wp-json\/wp\/v2\/product\/391","targetHints":{"allow":["GET"]}}],"collection":[{"href":"https:\/\/senseadelic.com\/pt\/wp-json\/wp\/v2\/product"}],"about":[{"href":"https:\/\/senseadelic.com\/pt\/wp-json\/wp\/v2\/types\/product"}],"replies":[{"embeddable":true,"href":"https:\/\/senseadelic.com\/pt\/wp-json\/wp\/v2\/comments?post=391"}],"version-history":[{"count":0,"href":"https:\/\/senseadelic.com\/pt\/wp-json\/wp\/v2\/product\/391\/revisions"}],"wp:featuredmedia":[{"embeddable":true,"href":"https:\/\/senseadelic.com\/pt\/wp-json\/wp\/v2\/media\/408"}],"wp:attachment":[{"href":"https:\/\/senseadelic.com\/pt\/wp-json\/wp\/v2\/media?parent=391"}],"wp:term":[{"taxonomy":"product_brand","embeddable":true,"href":"https:\/\/senseadelic.com\/pt\/wp-json\/wp\/v2\/product_brand?post=391"},{"taxonomy":"product_cat","embeddable":true,"href":"https:\/\/senseadelic.com\/pt\/wp-json\/wp\/v2\/product_cat?post=391"},{"taxonomy":"product_tag","embeddable":true,"href":"https:\/\/senseadelic.com\/pt\/wp-json\/wp\/v2\/product_tag?post=391"}],"curies":[{"name":"wp","href":"https:\/\/api.w.org\/{rel}","templated":true}]}}