{"id":47,"date":"2023-12-27T00:48:42","date_gmt":"2023-12-27T00:48:42","guid":{"rendered":"https:\/\/live3.senseadelic.com\/?post_type=product&#038;p=47"},"modified":"2024-09-26T12:20:29","modified_gmt":"2024-09-26T12:20:29","slug":"ouro-afegao","status":"publish","type":"product","link":"https:\/\/senseadelic.com\/pt\/shop\/smoking-blends\/solid-blends\/afghani-gold\/","title":{"rendered":"Ouro afeg\u00e3o"},"content":{"rendered":"","protected":false},"excerpt":{"rendered":"<p>O Afghani Gold \u00e9 um haxixe s\u00f3lido muito procurado, conhecido pela sua textura suave, efeitos potentes e sabor e aroma inesquec\u00edveis. \u00c9 produzido utilizando t\u00e9cnicas tradicionais de prensagem manual que preservam as propriedades naturais da planta de can\u00e1bis.<\/p>\n<p>Origin\u00e1ria da cordilheira Hindu Kush e de prov\u00edncias como Balkh e Mazar-i, \u00e9 conhecida pelo seu c\u00e2nhamo Indica e Sativa de alta qualidade. O Afghani Gold oferece uma experi\u00eancia cl\u00e1ssica afeg\u00e3 e \u00e9 considerado um dos melhores s\u00f3lidos de haxixe a n\u00edvel mundial.<\/p>","protected":false},"featured_media":77,"comment_status":"open","ping_status":"closed","template":"","meta":{"_seopress_robots_primary_cat":"none","_seopress_titles_title":"Buy Our Exquisite Afghani Gold Solid Smoking Blends Now","_seopress_titles_desc":"Enjoy the ultimate relaxation experience with the finest quality Afghani Gold, a premium solid blend available at sensational Senseadelic online shop!","_seopress_robots_index":""},"product_brand":[],"product_cat":[18],"product_tag":[],"class_list":{"0":"post-47","1":"product","2":"type-product","3":"status-publish","4":"has-post-thumbnail","6":"product_cat-solid-blends","8":"first","9":"outofstock","10":"taxable","11":"shipping-taxable","12":"purchasable","13":"product-type-variable","14":"has-default-attributes"},"_links":{"self":[{"href":"https:\/\/senseadelic.com\/pt\/wp-json\/wp\/v2\/product\/47","targetHints":{"allow":["GET"]}}],"collection":[{"href":"https:\/\/senseadelic.com\/pt\/wp-json\/wp\/v2\/product"}],"about":[{"href":"https:\/\/senseadelic.com\/pt\/wp-json\/wp\/v2\/types\/product"}],"replies":[{"embeddable":true,"href":"https:\/\/senseadelic.com\/pt\/wp-json\/wp\/v2\/comments?post=47"}],"version-history":[{"count":0,"href":"https:\/\/senseadelic.com\/pt\/wp-json\/wp\/v2\/product\/47\/revisions"}],"wp:featuredmedia":[{"embeddable":true,"href":"https:\/\/senseadelic.com\/pt\/wp-json\/wp\/v2\/media\/77"}],"wp:attachment":[{"href":"https:\/\/senseadelic.com\/pt\/wp-json\/wp\/v2\/media?parent=47"}],"wp:term":[{"taxonomy":"product_brand","embeddable":true,"href":"https:\/\/senseadelic.com\/pt\/wp-json\/wp\/v2\/product_brand?post=47"},{"taxonomy":"product_cat","embeddable":true,"href":"https:\/\/senseadelic.com\/pt\/wp-json\/wp\/v2\/product_cat?post=47"},{"taxonomy":"product_tag","embeddable":true,"href":"https:\/\/senseadelic.com\/pt\/wp-json\/wp\/v2\/product_tag?post=47"}],"curies":[{"name":"wp","href":"https:\/\/api.w.org\/{rel}","templated":true}]}}