{"id":5191,"date":"2024-02-29T23:44:55","date_gmt":"2024-02-29T23:44:55","guid":{"rendered":"https:\/\/senseadelic.com\/?post_type=product&#038;p=5191"},"modified":"2024-11-01T16:54:14","modified_gmt":"2024-11-01T16:54:14","slug":"mistura-de-ervas-elixir","status":"publish","type":"product","link":"https:\/\/senseadelic.com\/pt\/shop\/smoking-blends\/herbal-blends\/elixir-herbal-blend\/","title":{"rendered":"Mistura de ervas Elixir"},"content":{"rendered":"","protected":false},"excerpt":{"rendered":"<p>A G.O.A.T. est\u00e1 a lan\u00e7ar um novo produto para fumar chamado Elixir, que \u00e9 apresentado como a mistura mais potente e mais satisfat\u00f3ria da hist\u00f3ria.<\/p>\n<p>Elixir combina ingredientes naturais com a mais recente tecnologia NOID da G.O.A.T. Promete uma sensa\u00e7\u00e3o sublime com um aroma distinto, um sabor delicioso e um efeito forte que satisfar\u00e1 o desejo de um estado de esp\u00edrito de pedra. Elixir \u00e9 recomendado para quem quer descontrair, relaxar ou desligar-se.<\/p>","protected":false},"featured_media":5193,"comment_status":"closed","ping_status":"closed","template":"","meta":{"_seopress_robots_primary_cat":"none","_seopress_titles_title":"Experience Tranquillity with Elixir Herbal Smoking Blends","_seopress_titles_desc":"Experience the natural high with Elixir Herbal Blend. The perfect tobacco alternative for a smooth smoke. Shop now at SmartShop Sense a Delic!","_seopress_robots_index":""},"product_brand":[],"product_cat":[29],"product_tag":[],"class_list":{"0":"post-5191","1":"product","2":"type-product","3":"status-publish","4":"has-post-thumbnail","6":"product_cat-herbal-blends","8":"first","9":"outofstock","10":"taxable","11":"shipping-taxable","12":"purchasable","13":"product-type-variable","14":"has-default-attributes"},"_links":{"self":[{"href":"https:\/\/senseadelic.com\/pt\/wp-json\/wp\/v2\/product\/5191","targetHints":{"allow":["GET"]}}],"collection":[{"href":"https:\/\/senseadelic.com\/pt\/wp-json\/wp\/v2\/product"}],"about":[{"href":"https:\/\/senseadelic.com\/pt\/wp-json\/wp\/v2\/types\/product"}],"replies":[{"embeddable":true,"href":"https:\/\/senseadelic.com\/pt\/wp-json\/wp\/v2\/comments?post=5191"}],"version-history":[{"count":0,"href":"https:\/\/senseadelic.com\/pt\/wp-json\/wp\/v2\/product\/5191\/revisions"}],"wp:featuredmedia":[{"embeddable":true,"href":"https:\/\/senseadelic.com\/pt\/wp-json\/wp\/v2\/media\/5193"}],"wp:attachment":[{"href":"https:\/\/senseadelic.com\/pt\/wp-json\/wp\/v2\/media?parent=5191"}],"wp:term":[{"taxonomy":"product_brand","embeddable":true,"href":"https:\/\/senseadelic.com\/pt\/wp-json\/wp\/v2\/product_brand?post=5191"},{"taxonomy":"product_cat","embeddable":true,"href":"https:\/\/senseadelic.com\/pt\/wp-json\/wp\/v2\/product_cat?post=5191"},{"taxonomy":"product_tag","embeddable":true,"href":"https:\/\/senseadelic.com\/pt\/wp-json\/wp\/v2\/product_tag?post=5191"}],"curies":[{"name":"wp","href":"https:\/\/api.w.org\/{rel}","templated":true}]}}