{"id":55,"date":"2023-12-27T00:48:44","date_gmt":"2023-12-27T00:48:44","guid":{"rendered":"https:\/\/live3.senseadelic.com\/?post_type=product&#038;p=55"},"modified":"2026-02-13T19:43:07","modified_gmt":"2026-02-13T19:43:07","slug":"imunidade-cbd","status":"publish","type":"product","link":"https:\/\/senseadelic.com\/pt\/shop\/cbd-oil\/cbd-immunity\/","title":{"rendered":"Imunidade CBD"},"content":{"rendered":"","protected":false},"excerpt":{"rendered":"<p>O \u00f3leo CBD Spirit of Nature's Immunity foi criado para refor\u00e7ar o sistema imunit\u00e1rio e melhorar a recupera\u00e7\u00e3o de doen\u00e7as.<\/p>\n<p>Apoia a defesa prim\u00e1ria do seu corpo contra infec\u00e7\u00f5es e tem benef\u00edcios hol\u00edsticos, ajudando-o a manter uma sa\u00fade \u00f3ptima. Incorpore-o na sua rotina di\u00e1ria por via sublingual para uma absor\u00e7\u00e3o mais r\u00e1pida e um apoio imunit\u00e1rio natural.<\/p>\n<ul>\n<li>- Infundido com 1000 mg de CBD e CBDA<\/li>\n<li>Inclui um amplo espetro de terpenos e canabin\u00f3ides<\/li>\n<li>Utiliza extra\u00e7\u00e3o supercr\u00edtica de CO2 para pureza<\/li>\n<li>Garante um teor de THC inferior a 0,2%<\/li>\n<li>Cada frasco cont\u00e9m 10 ml da mistura<\/li>\n<\/ul>","protected":false},"featured_media":86,"comment_status":"open","ping_status":"closed","template":"","meta":{"_seopress_robots_primary_cat":"none","_seopress_titles_title":"Boost Immunity with our Top-Quality CBD Immunity Oil","_seopress_titles_desc":"Power up your immune system with Sense a Delic's CBD Immunity Oil. Packed with nutrients for optimal wellness. Order now for better health.","_seopress_robots_index":""},"product_brand":[],"product_cat":[19],"product_tag":[],"class_list":{"0":"post-55","1":"product","2":"type-product","3":"status-publish","4":"has-post-thumbnail","6":"product_cat-cbd-oil","8":"first","9":"outofstock","10":"taxable","11":"shipping-taxable","12":"purchasable","13":"product-type-variable","14":"has-default-attributes"},"_links":{"self":[{"href":"https:\/\/senseadelic.com\/pt\/wp-json\/wp\/v2\/product\/55","targetHints":{"allow":["GET"]}}],"collection":[{"href":"https:\/\/senseadelic.com\/pt\/wp-json\/wp\/v2\/product"}],"about":[{"href":"https:\/\/senseadelic.com\/pt\/wp-json\/wp\/v2\/types\/product"}],"replies":[{"embeddable":true,"href":"https:\/\/senseadelic.com\/pt\/wp-json\/wp\/v2\/comments?post=55"}],"version-history":[{"count":0,"href":"https:\/\/senseadelic.com\/pt\/wp-json\/wp\/v2\/product\/55\/revisions"}],"wp:featuredmedia":[{"embeddable":true,"href":"https:\/\/senseadelic.com\/pt\/wp-json\/wp\/v2\/media\/86"}],"wp:attachment":[{"href":"https:\/\/senseadelic.com\/pt\/wp-json\/wp\/v2\/media?parent=55"}],"wp:term":[{"taxonomy":"product_brand","embeddable":true,"href":"https:\/\/senseadelic.com\/pt\/wp-json\/wp\/v2\/product_brand?post=55"},{"taxonomy":"product_cat","embeddable":true,"href":"https:\/\/senseadelic.com\/pt\/wp-json\/wp\/v2\/product_cat?post=55"},{"taxonomy":"product_tag","embeddable":true,"href":"https:\/\/senseadelic.com\/pt\/wp-json\/wp\/v2\/product_tag?post=55"}],"curies":[{"name":"wp","href":"https:\/\/api.w.org\/{rel}","templated":true}]}}