{"id":61,"date":"2023-12-27T00:48:45","date_gmt":"2023-12-27T00:48:45","guid":{"rendered":"https:\/\/live3.senseadelic.com\/?post_type=product&#038;p=61"},"modified":"2024-09-26T12:20:29","modified_gmt":"2024-09-26T12:20:29","slug":"purpura","status":"publish","type":"product","link":"https:\/\/senseadelic.com\/pt\/shop\/stimulants-supplies\/purpura\/","title":{"rendered":"P\u00farpura"},"content":{"rendered":"","protected":false},"excerpt":{"rendered":"<p>A PURPURA \u00e9 um l\u00edquido p\u00farpura que actua como um energizante, resultando num aumento da motiva\u00e7\u00e3o e da felicidade durante muito tempo. \u00c9 descrita como uma subst\u00e2ncia euf\u00f3rica que proporciona uma incr\u00edvel onda de energia positiva.<\/p>","protected":false},"featured_media":93,"comment_status":"closed","ping_status":"closed","template":"","meta":{"_seopress_robots_primary_cat":"none","_seopress_titles_title":"Boost Your Energy with Purpura Stimulants Today!","_seopress_titles_desc":"Invigorate your mood with Purpura! A top-tier stimulant at Sense a Delic. Premium quality, unbeatable prices. Shop now!","_seopress_robots_index":""},"product_brand":[],"product_cat":[21],"product_tag":[79,84],"class_list":{"0":"post-61","1":"product","2":"type-product","3":"status-publish","4":"has-post-thumbnail","6":"product_cat-stimulants-supplies","7":"product_tag-3-fpm","8":"product_tag-5-mapb","10":"first","11":"outofstock","12":"taxable","13":"shipping-taxable","14":"purchasable","15":"product-type-variable","16":"has-default-attributes"},"_links":{"self":[{"href":"https:\/\/senseadelic.com\/pt\/wp-json\/wp\/v2\/product\/61","targetHints":{"allow":["GET"]}}],"collection":[{"href":"https:\/\/senseadelic.com\/pt\/wp-json\/wp\/v2\/product"}],"about":[{"href":"https:\/\/senseadelic.com\/pt\/wp-json\/wp\/v2\/types\/product"}],"replies":[{"embeddable":true,"href":"https:\/\/senseadelic.com\/pt\/wp-json\/wp\/v2\/comments?post=61"}],"version-history":[{"count":0,"href":"https:\/\/senseadelic.com\/pt\/wp-json\/wp\/v2\/product\/61\/revisions"}],"wp:featuredmedia":[{"embeddable":true,"href":"https:\/\/senseadelic.com\/pt\/wp-json\/wp\/v2\/media\/93"}],"wp:attachment":[{"href":"https:\/\/senseadelic.com\/pt\/wp-json\/wp\/v2\/media?parent=61"}],"wp:term":[{"taxonomy":"product_brand","embeddable":true,"href":"https:\/\/senseadelic.com\/pt\/wp-json\/wp\/v2\/product_brand?post=61"},{"taxonomy":"product_cat","embeddable":true,"href":"https:\/\/senseadelic.com\/pt\/wp-json\/wp\/v2\/product_cat?post=61"},{"taxonomy":"product_tag","embeddable":true,"href":"https:\/\/senseadelic.com\/pt\/wp-json\/wp\/v2\/product_tag?post=61"}],"curies":[{"name":"wp","href":"https:\/\/api.w.org\/{rel}","templated":true}]}}